{"id":11364,"date":"2026-01-15T09:16:37","date_gmt":"2026-01-15T09:16:37","guid":{"rendered":"https:\/\/www.lovink-enertech.com\/over-ons\/menschen\/"},"modified":"2026-02-03T13:42:56","modified_gmt":"2026-02-03T13:42:56","slug":"menschen","status":"publish","type":"page","link":"https:\/\/www.lovink-enertech.com\/de\/ueber-uns\/menschen\/","title":{"rendered":"Menschen"},"content":{"rendered":"<p><div class=\"fusion-fullwidth fullwidth-box fusion-builder-row-1 fusion-flex-container has-pattern-background has-mask-background nonhundred-percent-fullwidth non-hundred-percent-height-scrolling\" style=\"--awb-border-radius-top-left:0px;--awb-border-radius-top-right:0px;--awb-border-radius-bottom-right:0px;--awb-border-radius-bottom-left:0px;--awb-padding-top:0px;--awb-flex-wrap:wrap;\" ><div class=\"fusion-builder-row fusion-row fusion-flex-align-items-flex-start fusion-flex-content-wrap\" style=\"max-width:1248px;margin-left: calc(-4% \/ 2 );margin-right: calc(-4% \/ 2 );\"><div class=\"fusion-layout-column fusion_builder_column fusion-builder-column-0 fusion_builder_column_1_1 1_1 fusion-flex-column\" style=\"--awb-bg-size:cover;--awb-width-large:100%;--awb-margin-top-large:0px;--awb-spacing-right-large:1.92%;--awb-margin-bottom-large:32px;--awb-spacing-left-large:1.92%;--awb-width-medium:100%;--awb-spacing-right-medium:1.92%;--awb-spacing-left-medium:1.92%;--awb-width-small:100%;--awb-spacing-right-small:1.92%;--awb-spacing-left-small:1.92%;\"><div class=\"fusion-column-wrapper fusion-flex-justify-content-flex-start fusion-content-layout-column\"><div class=\"fusion-title title fusion-title-1 fusion-sep-none fusion-title-text fusion-title-size-one\" style=\"--awb-margin-top-small:0px;--awb-margin-right-small:0px;--awb-margin-bottom-small:16px;--awb-margin-left-small:0px;\"><h1 class=\"fusion-title-heading title-heading-left fusion-responsive-typography-calculated\" style=\"margin:0;--fontSize:30;line-height:1;\">Menschen<\/h1><\/div><div class=\"fusion-text fusion-text-1\"><p>Die Kabelverbindungen von Lovink Enertech werden in den Niederlanden entwickelt und produziert. Jeden Tag arbeiten wir mit gr\u00f6\u00dfter Sorgfalt an Ihren Projekten. Egal, ob es sich um eine Bestellung von Standard-Kabelverbindungen handelt oder um eine spezielle L\u00f6sung basierend auf Ihren besonderen W\u00fcnschen. Mit unserer Expertise und jahrelanger Erfahrung k\u00f6nnen wir schnell mit Ihnen wechseln.<\/p>\n<\/div><\/div><\/div><\/div><\/div><div class=\"fusion-fullwidth fullwidth-box fusion-builder-row-2 fusion-flex-container has-pattern-background has-mask-background nonhundred-percent-fullwidth non-hundred-percent-height-scrolling\" style=\"--awb-border-radius-top-left:0px;--awb-border-radius-top-right:0px;--awb-border-radius-bottom-right:0px;--awb-border-radius-bottom-left:0px;--awb-padding-top:0px;--awb-flex-wrap:wrap;\" ><div class=\"fusion-builder-row fusion-row fusion-flex-align-items-flex-start fusion-flex-content-wrap\" style=\"max-width:1248px;margin-left: calc(-4% \/ 2 );margin-right: calc(-4% \/ 2 );\"><div class=\"fusion-layout-column fusion_builder_column fusion-builder-column-1 fusion_builder_column_1_1 1_1 fusion-flex-column\" style=\"--awb-bg-size:cover;--awb-width-large:100%;--awb-margin-top-large:0px;--awb-spacing-right-large:1.92%;--awb-margin-bottom-large:32px;--awb-spacing-left-large:1.92%;--awb-width-medium:100%;--awb-order-medium:0;--awb-spacing-right-medium:1.92%;--awb-spacing-left-medium:1.92%;--awb-width-small:100%;--awb-order-small:0;--awb-spacing-right-small:1.92%;--awb-spacing-left-small:1.92%;\"><div class=\"fusion-column-wrapper fusion-column-has-shadow fusion-flex-justify-content-flex-start fusion-content-layout-column\"><div class=\"fusion-title title fusion-title-2 fusion-sep-none fusion-title-center fusion-title-text fusion-title-size-two\" style=\"--awb-margin-top-small:0px;--awb-margin-right-small:0px;--awb-margin-bottom-small:16px;--awb-margin-left-small:0px;\"><h2 class=\"fusion-title-heading title-heading-center fusion-responsive-typography-calculated\" style=\"margin:0;--fontSize:28;line-height:var(--awb-typography1-line-height);\">Lernen Sie unsere Spezialisten kennen<\/h2><\/div><div class=\"shortcode-wrapper\" id=\"shortcode_69d4b7bbc2a0e\"><div class=\"posts-wrapper mensen \"data-template=\"memberList\" data-shortcode-id=\"shortcode_69d4b7bbc2a0e\"><div class=\"posts-container\"><a href=\"https:\/\/www.lovink-enertech.com\/de\/menschen\/dennis\/\" class=\"single single-mensen\"><div class=\"post-image\"><img decoding=\"async\" src=\"https:\/\/www.lovink-enertech.com\/wp-content\/uploads\/2023\/06\/Kantoor.jpg\" alt=\"\" title=\"Kantoor\" class=\"image\" \/><\/div><div class=\"post-content\"><h3 class=\"title\">Dennis<\/h3><div class=\"member-info-wrapper\"><span class=\"function\">Exportmanager<\/span><\/div><\/div><\/a><a href=\"https:\/\/www.lovink-enertech.com\/de\/menschen\/johann\/\" class=\"single single-mensen\"><div class=\"post-image\"><img decoding=\"async\" src=\"https:\/\/www.lovink-enertech.com\/wp-content\/uploads\/2018\/09\/Johann-ED.jpg\" alt=\"\" title=\"Johann-E&#038;D\" class=\"image\" \/><\/div><div class=\"post-content\"><h3 class=\"title\">Johann<\/h3><div class=\"member-info-wrapper\"><span class=\"function\">Produktentwicklungsingenieur<\/span><\/div><\/div><\/a><a href=\"https:\/\/www.lovink-enertech.com\/de\/menschen\/aziz\/\" class=\"single single-mensen\"><div class=\"post-image\"><img decoding=\"async\" src=\"https:\/\/www.lovink-enertech.com\/wp-content\/uploads\/2018\/09\/Aziz-Team.jpg\" alt=\"\" title=\"Aziz-Team\" class=\"image\" \/><\/div><div class=\"post-content\"><h3 class=\"title\">Aziz<\/h3><div class=\"member-info-wrapper\"><span class=\"function\">Vorarbeiter-Verpackungslinie<\/span><\/div><\/div><\/a><a href=\"https:\/\/www.lovink-enertech.com\/de\/menschen\/charles\/\" class=\"single single-mensen\"><div class=\"post-image\"><img decoding=\"async\" src=\"https:\/\/www.lovink-enertech.com\/wp-content\/uploads\/2018\/09\/Charles-Menginst.jpg\" alt=\"\" title=\"Charles-Menginst\" class=\"image\" \/><\/div><div class=\"post-content\"><h3 class=\"title\">Charles<\/h3><div class=\"member-info-wrapper\"><span class=\"function\">Produktionsvorarbeiter Harz<\/span><\/div><\/div><\/a><\/div><\/div><\/div><\/div><\/div><\/div><\/div><\/p>\n","protected":false},"excerpt":{"rendered":"","protected":false},"author":1,"featured_media":21546,"parent":21246,"menu_order":2,"comment_status":"closed","ping_status":"closed","template":"","meta":{"footnotes":""},"class_list":["post-11364","page","type-page","status-publish","has-post-thumbnail","hentry"],"yoast_head":"<!-- This site is optimized with the Yoast SEO plugin v27.3 - https:\/\/yoast.com\/product\/yoast-seo-wordpress\/ -->\n<title>Menschen - Lovink Enertech<\/title>\n<meta name=\"robots\" content=\"index, follow, max-snippet:-1, max-image-preview:large, max-video-preview:-1\" \/>\n<link rel=\"canonical\" href=\"https:\/\/www.lovink-enertech.com\/de\/ueber-uns\/menschen\/\" \/>\n<meta property=\"og:locale\" content=\"de_DE\" \/>\n<meta property=\"og:type\" content=\"article\" \/>\n<meta property=\"og:title\" content=\"Menschen - Lovink Enertech\" \/>\n<meta property=\"og:url\" content=\"https:\/\/www.lovink-enertech.com\/de\/ueber-uns\/menschen\/\" \/>\n<meta property=\"og:site_name\" content=\"Lovink Enertech\" \/>\n<meta property=\"article:modified_time\" content=\"2026-02-03T13:42:56+00:00\" \/>\n<meta property=\"og:image\" content=\"https:\/\/www.lovink-enertech.com\/wp-content\/uploads\/2018\/10\/over-ons-mensen-e1656071555821.jpg\" \/>\n\t<meta property=\"og:image:width\" content=\"666\" \/>\n\t<meta property=\"og:image:height\" content=\"253\" \/>\n\t<meta property=\"og:image:type\" content=\"image\/jpeg\" \/>\n<meta name=\"twitter:card\" content=\"summary_large_image\" \/>\n<meta name=\"twitter:label1\" content=\"Gesch\u00e4tzte Lesezeit\" \/>\n\t<meta name=\"twitter:data1\" content=\"11\u00a0Minuten\" \/>\n<script type=\"application\/ld+json\" class=\"yoast-schema-graph\">{\"@context\":\"https:\\\/\\\/schema.org\",\"@graph\":[{\"@type\":\"WebPage\",\"@id\":\"https:\\\/\\\/www.lovink-enertech.com\\\/de\\\/ueber-uns\\\/menschen\\\/\",\"url\":\"https:\\\/\\\/www.lovink-enertech.com\\\/de\\\/ueber-uns\\\/menschen\\\/\",\"name\":\"Menschen - Lovink Enertech\",\"isPartOf\":{\"@id\":\"https:\\\/\\\/www.lovink-enertech.com\\\/de\\\/#website\"},\"primaryImageOfPage\":{\"@id\":\"https:\\\/\\\/www.lovink-enertech.com\\\/de\\\/ueber-uns\\\/menschen\\\/#primaryimage\"},\"image\":{\"@id\":\"https:\\\/\\\/www.lovink-enertech.com\\\/de\\\/ueber-uns\\\/menschen\\\/#primaryimage\"},\"thumbnailUrl\":\"https:\\\/\\\/www.lovink-enertech.com\\\/wp-content\\\/uploads\\\/2018\\\/10\\\/over-ons-mensen-e1656071555821.jpg\",\"datePublished\":\"2026-01-15T09:16:37+00:00\",\"dateModified\":\"2026-02-03T13:42:56+00:00\",\"breadcrumb\":{\"@id\":\"https:\\\/\\\/www.lovink-enertech.com\\\/de\\\/ueber-uns\\\/menschen\\\/#breadcrumb\"},\"inLanguage\":\"de\",\"potentialAction\":[{\"@type\":\"ReadAction\",\"target\":[\"https:\\\/\\\/www.lovink-enertech.com\\\/de\\\/ueber-uns\\\/menschen\\\/\"]}]},{\"@type\":\"ImageObject\",\"inLanguage\":\"de\",\"@id\":\"https:\\\/\\\/www.lovink-enertech.com\\\/de\\\/ueber-uns\\\/menschen\\\/#primaryimage\",\"url\":\"https:\\\/\\\/www.lovink-enertech.com\\\/wp-content\\\/uploads\\\/2018\\\/10\\\/over-ons-mensen-e1656071555821.jpg\",\"contentUrl\":\"https:\\\/\\\/www.lovink-enertech.com\\\/wp-content\\\/uploads\\\/2018\\\/10\\\/over-ons-mensen-e1656071555821.jpg\",\"width\":666,\"height\":253},{\"@type\":\"BreadcrumbList\",\"@id\":\"https:\\\/\\\/www.lovink-enertech.com\\\/de\\\/ueber-uns\\\/menschen\\\/#breadcrumb\",\"itemListElement\":[{\"@type\":\"ListItem\",\"position\":1,\"name\":\"Home\",\"item\":\"https:\\\/\\\/www.lovink-enertech.com\\\/de\\\/\"},{\"@type\":\"ListItem\",\"position\":2,\"name\":\"\u00dcber uns\",\"item\":\"https:\\\/\\\/www.lovink-enertech.com\\\/de\\\/ueber-uns\\\/\"},{\"@type\":\"ListItem\",\"position\":3,\"name\":\"Menschen\"}]},{\"@type\":\"WebSite\",\"@id\":\"https:\\\/\\\/www.lovink-enertech.com\\\/de\\\/#website\",\"url\":\"https:\\\/\\\/www.lovink-enertech.com\\\/de\\\/\",\"name\":\"Lovink Enertech\",\"description\":\"Innovatieve producten en strategische productie\",\"potentialAction\":[{\"@type\":\"SearchAction\",\"target\":{\"@type\":\"EntryPoint\",\"urlTemplate\":\"https:\\\/\\\/www.lovink-enertech.com\\\/de\\\/?s={search_term_string}\"},\"query-input\":{\"@type\":\"PropertyValueSpecification\",\"valueRequired\":true,\"valueName\":\"search_term_string\"}}],\"inLanguage\":\"de\"}]}<\/script>\n<!-- \/ Yoast SEO plugin. -->","yoast_head_json":{"title":"Menschen - Lovink Enertech","robots":{"index":"index","follow":"follow","max-snippet":"max-snippet:-1","max-image-preview":"max-image-preview:large","max-video-preview":"max-video-preview:-1"},"canonical":"https:\/\/www.lovink-enertech.com\/de\/ueber-uns\/menschen\/","og_locale":"de_DE","og_type":"article","og_title":"Menschen - Lovink Enertech","og_url":"https:\/\/www.lovink-enertech.com\/de\/ueber-uns\/menschen\/","og_site_name":"Lovink Enertech","article_modified_time":"2026-02-03T13:42:56+00:00","og_image":[{"width":666,"height":253,"url":"https:\/\/www.lovink-enertech.com\/wp-content\/uploads\/2018\/10\/over-ons-mensen-e1656071555821.jpg","type":"image\/jpeg"}],"twitter_card":"summary_large_image","twitter_misc":{"Gesch\u00e4tzte Lesezeit":"11\u00a0Minuten"},"schema":{"@context":"https:\/\/schema.org","@graph":[{"@type":"WebPage","@id":"https:\/\/www.lovink-enertech.com\/de\/ueber-uns\/menschen\/","url":"https:\/\/www.lovink-enertech.com\/de\/ueber-uns\/menschen\/","name":"Menschen - Lovink Enertech","isPartOf":{"@id":"https:\/\/www.lovink-enertech.com\/de\/#website"},"primaryImageOfPage":{"@id":"https:\/\/www.lovink-enertech.com\/de\/ueber-uns\/menschen\/#primaryimage"},"image":{"@id":"https:\/\/www.lovink-enertech.com\/de\/ueber-uns\/menschen\/#primaryimage"},"thumbnailUrl":"https:\/\/www.lovink-enertech.com\/wp-content\/uploads\/2018\/10\/over-ons-mensen-e1656071555821.jpg","datePublished":"2026-01-15T09:16:37+00:00","dateModified":"2026-02-03T13:42:56+00:00","breadcrumb":{"@id":"https:\/\/www.lovink-enertech.com\/de\/ueber-uns\/menschen\/#breadcrumb"},"inLanguage":"de","potentialAction":[{"@type":"ReadAction","target":["https:\/\/www.lovink-enertech.com\/de\/ueber-uns\/menschen\/"]}]},{"@type":"ImageObject","inLanguage":"de","@id":"https:\/\/www.lovink-enertech.com\/de\/ueber-uns\/menschen\/#primaryimage","url":"https:\/\/www.lovink-enertech.com\/wp-content\/uploads\/2018\/10\/over-ons-mensen-e1656071555821.jpg","contentUrl":"https:\/\/www.lovink-enertech.com\/wp-content\/uploads\/2018\/10\/over-ons-mensen-e1656071555821.jpg","width":666,"height":253},{"@type":"BreadcrumbList","@id":"https:\/\/www.lovink-enertech.com\/de\/ueber-uns\/menschen\/#breadcrumb","itemListElement":[{"@type":"ListItem","position":1,"name":"Home","item":"https:\/\/www.lovink-enertech.com\/de\/"},{"@type":"ListItem","position":2,"name":"\u00dcber uns","item":"https:\/\/www.lovink-enertech.com\/de\/ueber-uns\/"},{"@type":"ListItem","position":3,"name":"Menschen"}]},{"@type":"WebSite","@id":"https:\/\/www.lovink-enertech.com\/de\/#website","url":"https:\/\/www.lovink-enertech.com\/de\/","name":"Lovink Enertech","description":"Innovatieve producten en strategische productie","potentialAction":[{"@type":"SearchAction","target":{"@type":"EntryPoint","urlTemplate":"https:\/\/www.lovink-enertech.com\/de\/?s={search_term_string}"},"query-input":{"@type":"PropertyValueSpecification","valueRequired":true,"valueName":"search_term_string"}}],"inLanguage":"de"}]}},"_links":{"self":[{"href":"https:\/\/www.lovink-enertech.com\/de\/wp-json\/wp\/v2\/pages\/11364","targetHints":{"allow":["GET"]}}],"collection":[{"href":"https:\/\/www.lovink-enertech.com\/de\/wp-json\/wp\/v2\/pages"}],"about":[{"href":"https:\/\/www.lovink-enertech.com\/de\/wp-json\/wp\/v2\/types\/page"}],"author":[{"embeddable":true,"href":"https:\/\/www.lovink-enertech.com\/de\/wp-json\/wp\/v2\/users\/1"}],"replies":[{"embeddable":true,"href":"https:\/\/www.lovink-enertech.com\/de\/wp-json\/wp\/v2\/comments?post=11364"}],"version-history":[{"count":28,"href":"https:\/\/www.lovink-enertech.com\/de\/wp-json\/wp\/v2\/pages\/11364\/revisions"}],"predecessor-version":[{"id":21615,"href":"https:\/\/www.lovink-enertech.com\/de\/wp-json\/wp\/v2\/pages\/11364\/revisions\/21615"}],"up":[{"embeddable":true,"href":"https:\/\/www.lovink-enertech.com\/de\/wp-json\/wp\/v2\/pages\/21246"}],"wp:featuredmedia":[{"embeddable":true,"href":"https:\/\/www.lovink-enertech.com\/de\/wp-json\/wp\/v2\/media\/21546"}],"wp:attachment":[{"href":"https:\/\/www.lovink-enertech.com\/de\/wp-json\/wp\/v2\/media?parent=11364"}],"curies":[{"name":"wp","href":"https:\/\/api.w.org\/{rel}","templated":true}]}}