{"id":11372,"date":"2026-01-15T09:16:38","date_gmt":"2026-01-15T09:16:38","guid":{"rendered":"https:\/\/www.lovink-enertech.com\/over-ons\/csr\/"},"modified":"2026-02-26T12:35:57","modified_gmt":"2026-02-26T12:35:57","slug":"csr","status":"publish","type":"page","link":"https:\/\/www.lovink-enertech.com\/de\/ueber-uns\/csr\/","title":{"rendered":"CSR"},"content":{"rendered":"<div class=\"fusion-fullwidth fullwidth-box fusion-builder-row-1 fusion-flex-container has-pattern-background has-mask-background nonhundred-percent-fullwidth non-hundred-percent-height-scrolling\" style=\"--awb-border-radius-top-left:0px;--awb-border-radius-top-right:0px;--awb-border-radius-bottom-right:0px;--awb-border-radius-bottom-left:0px;--awb-padding-top:0px;--awb-flex-wrap:wrap;\" ><div class=\"fusion-builder-row fusion-row fusion-flex-align-items-flex-start fusion-flex-content-wrap\" style=\"max-width:1248px;margin-left: calc(-4% \/ 2 );margin-right: calc(-4% \/ 2 );\"><div class=\"fusion-layout-column fusion_builder_column fusion-builder-column-0 fusion_builder_column_1_1 1_1 fusion-flex-column\" style=\"--awb-bg-size:cover;--awb-width-large:100%;--awb-margin-top-large:0px;--awb-spacing-right-large:1.92%;--awb-margin-bottom-large:0px;--awb-spacing-left-large:1.92%;--awb-width-medium:100%;--awb-spacing-right-medium:1.92%;--awb-spacing-left-medium:1.92%;--awb-width-small:100%;--awb-spacing-right-small:1.92%;--awb-spacing-left-small:1.92%;\"><div class=\"fusion-column-wrapper fusion-flex-justify-content-flex-start fusion-content-layout-column\"><div class=\"fusion-title title fusion-title-1 fusion-sep-none fusion-title-text fusion-title-size-one\" style=\"--awb-margin-top-small:0px;--awb-margin-right-small:0px;--awb-margin-bottom-small:16px;--awb-margin-left-small:0px;\"><h1 class=\"fusion-title-heading title-heading-left fusion-responsive-typography-calculated\" style=\"margin:0;--fontSize:30;line-height:1;\">CSR<\/h1><\/div><div class=\"fusion-title title fusion-title-2 fusion-sep-none fusion-title-text fusion-title-size-two\" style=\"--awb-margin-bottom:25px;--awb-margin-top-small:0px;--awb-margin-right-small:0px;--awb-margin-bottom-small:16px;--awb-margin-left-small:0px;\"><h2 class=\"fusion-title-heading title-heading-left fusion-responsive-typography-calculated\" style=\"margin:0;--fontSize:28;line-height:var(--awb-typography1-line-height);\">Unser Betrieb<\/h2><\/div><div class=\"fusion-content-boxes content-boxes columns row fusion-columns-3 fusion-columns-total-6 fusion-content-boxes-1 content-boxes-icon-with-title content-left\" style=\"--awb-margin-bottom:0px;--awb-hover-accent-color:#333333;--awb-circle-hover-accent-color:#333333;\" data-animationOffset=\"top-into-view\"><div style=\"--awb-backgroundcolor:rgba(255,255,255,0);\" class=\"fusion-column content-box-column content-box-column content-box-column-1 col-lg-4 col-md-4 col-sm-4 fusion-content-box-hover content-box-column-first-in-row\"><div class=\"col content-box-wrapper content-wrapper link-area-link-icon icon-hover-animation-fade\" data-animationOffset=\"top-into-view\"><div class=\"heading heading-with-icon icon-left\"><div aria-hidden=\"true\" class=\"image\"><img decoding=\"async\" src=\"https:\/\/www.lovink-enertech.com\/wp-content\/uploads\/2018\/09\/iso-certificering.jpg\" width=\"50\" height=\"50\" alt=\"\" \/><\/div><h2 class=\"content-box-heading fusion-responsive-typography-calculated\" style=\"--h2_typography-font-size:18px;--fontSize:18;line-height:var(--awb-typography1-line-height);\">ISO-Zertifizierung<\/h2><\/div><div class=\"fusion-clearfix\"><\/div><div class=\"content-container\">\n<p>Wir sind nach ISO 14001 und 9001 zertifiziert und halten uns an alle geltenden Gesetze und Vorschriften. Wir k\u00f6nnen nachweisen, dass die Umwelt- und Qualit\u00e4tsmanagementsysteme in den Werten unserer Gesch\u00e4ftst\u00e4tigkeit enthalten sind.<\/p>\n<\/div><\/div><\/div><div style=\"--awb-backgroundcolor:rgba(255,255,255,0);\" class=\"fusion-column content-box-column content-box-column content-box-column-2 col-lg-4 col-md-4 col-sm-4 fusion-content-box-hover \"><div class=\"col content-box-wrapper content-wrapper link-area-link-icon icon-hover-animation-fade\" data-animationOffset=\"top-into-view\"><div class=\"heading heading-with-icon icon-left\"><div aria-hidden=\"true\" class=\"image\"><img decoding=\"async\" src=\"https:\/\/www.lovink-enertech.com\/wp-content\/uploads\/2018\/09\/duurzaam-ontwerp.jpg\" width=\"50\" height=\"50\" alt=\"\" \/><\/div><h2 class=\"content-box-heading fusion-responsive-typography-calculated\" style=\"--h2_typography-font-size:18px;--fontSize:18;line-height:var(--awb-typography1-line-height);\">Nachhaltiges Design<\/h2><\/div><div class=\"fusion-clearfix\"><\/div><div class=\"content-container\">\n<p>Unser Kabelzubeh\u00f6r wird nachhaltig entwickelt und hergestellt. Der wichtigste Aspekt der Nachhaltigkeit ist f\u00fcr Lovink eine lange Produktlebensdauer von mindestens 50 Jahren. Angesichts der langen Lebensdauer bedeutet dies unterm Strich eine geringe Umweltbelastung.<\/p>\n<\/div><\/div><\/div><div style=\"--awb-backgroundcolor:rgba(255,255,255,0);\" class=\"fusion-column content-box-column content-box-column content-box-column-3 col-lg-4 col-md-4 col-sm-4 fusion-content-box-hover content-box-column-last-in-row\"><div class=\"col content-box-wrapper content-wrapper link-area-link-icon icon-hover-animation-fade\" data-animationOffset=\"top-into-view\"><div class=\"heading heading-with-icon icon-left\"><div aria-hidden=\"true\" class=\"image\"><img decoding=\"async\" src=\"https:\/\/www.lovink-enertech.com\/wp-content\/uploads\/2018\/09\/dematerialisatie.jpg\" width=\"50\" height=\"50\" alt=\"\" \/><\/div><h2 class=\"content-box-heading fusion-responsive-typography-calculated\" style=\"--h2_typography-font-size:18px;--fontSize:18;line-height:var(--awb-typography1-line-height);\">Dematerialisierung<\/h2><\/div><div class=\"fusion-clearfix\"><\/div><div class=\"content-container\">\n<p>Unser neues Sortiment an Kabelgarnituren konzentriert sich auf die Reduzierung des Material- und Ressourcenverbrauchs bei der Entwicklung und Herstellung von Produkten und bei der Durchf\u00fchrung von Arbeiten.<\/p>\n<\/div><\/div><\/div><div style=\"--awb-backgroundcolor:rgba(255,255,255,0);\" class=\"fusion-column content-box-column content-box-column content-box-column-4 col-lg-4 col-md-4 col-sm-4 fusion-content-box-hover content-box-column-first-in-row\"><div class=\"col content-box-wrapper content-wrapper link-area-link-icon icon-hover-animation-fade\" data-animationOffset=\"top-into-view\"><div class=\"heading heading-with-icon icon-left\"><div aria-hidden=\"true\" class=\"image\"><img decoding=\"async\" src=\"https:\/\/www.lovink-enertech.com\/wp-content\/uploads\/2018\/09\/gebruiksvriendelijkheid.jpg\" width=\"50\" height=\"50\" alt=\"\" \/><\/div><h2 class=\"content-box-heading fusion-responsive-typography-calculated\" style=\"--h2_typography-font-size:18px;--fontSize:18;line-height:var(--awb-typography1-line-height);\">Benutzerfreundlichkeit<\/h2><\/div><div class=\"fusion-clearfix\"><\/div><div class=\"content-container\">\n<p>Wir entwickeln Produkte, bei denen die Benutzerfreundlichkeit an erster Stelle steht. Das bedeutet, dass die Produkte einfach zu montieren sind, dass der Monteur so wenige Arbeitsschritte wie m\u00f6glich ausf\u00fchren muss und dass die Wahrscheinlichkeit, dass der Monteur einen Fehler macht, minimal ist. Das macht den Montageprozess f\u00fcr den Monteur weniger anstrengend, kommt der Lebensdauer der Produkte zugute und verhindert Abfall durch falsch montierte Teile\/Produkte.<\/p>\n<\/div><\/div><\/div><div style=\"--awb-backgroundcolor:rgba(255,255,255,0);\" class=\"fusion-column content-box-column content-box-column content-box-column-5 col-lg-4 col-md-4 col-sm-4 fusion-content-box-hover \"><div class=\"col content-box-wrapper content-wrapper link-area-link-icon icon-hover-animation-fade\" data-animationOffset=\"top-into-view\"><div class=\"heading heading-with-icon icon-left\"><div aria-hidden=\"true\" class=\"image\"><img decoding=\"async\" src=\"https:\/\/www.lovink-enertech.com\/wp-content\/uploads\/2018\/09\/inkoop-dicht-bij-huis.jpg\" width=\"50\" height=\"50\" alt=\"\" \/><\/div><h2 class=\"content-box-heading fusion-responsive-typography-calculated\" style=\"--h2_typography-font-size:18px;--fontSize:18;line-height:var(--awb-typography1-line-height);\">Beschaffung vor der Haust\u00fcr<\/h2><\/div><div class=\"fusion-clearfix\"><\/div><div class=\"content-container\">\n<p>Wir beziehen die meisten unserer Produkte und Materialien in der N\u00e4he unseres Heimatlandes, n\u00e4mlich haupts\u00e4chlich in den Niederlanden, Deutschland, Belgien und Gro\u00dfbritannien. Wenn wir neue Produkte kaufen, versuchen wir, Pakete von unseren derzeitigen Lieferanten zu b\u00fcndeln. Dies f\u00fchrt zu effizienteren Transportwegen und geringeren CO2-Emissionen.<\/p>\n<\/div><\/div><\/div><div style=\"--awb-backgroundcolor:rgba(255,255,255,0);\" class=\"fusion-column content-box-column content-box-column content-box-column-6 col-lg-4 col-md-4 col-sm-4 fusion-content-box-hover content-box-column-last content-box-column-last-in-row\"><div class=\"col content-box-wrapper content-wrapper link-area-link-icon icon-hover-animation-fade\" data-animationOffset=\"top-into-view\"><div class=\"heading heading-with-icon icon-left\"><div aria-hidden=\"true\" class=\"image\"><img decoding=\"async\" src=\"https:\/\/www.lovink-enertech.com\/wp-content\/uploads\/2018\/09\/sociale-uitbesteding.jpg\" width=\"50\" height=\"50\" alt=\"\" \/><\/div><h2 class=\"content-box-heading fusion-responsive-typography-calculated\" style=\"--h2_typography-font-size:18px;--fontSize:18;line-height:var(--awb-typography1-line-height);\">Soziales Outsourcing<\/h2><\/div><div class=\"fusion-clearfix\"><\/div><div class=\"content-container\">\n<p>Wo es m\u00f6glich ist, vergeben wir Arbeiten an sozial verantwortliche Unternehmen wie Einrichtungen, die Menschen mit eingeschr\u00e4nkten F\u00e4higkeiten besch\u00e4ftigen. Au\u00dferdem tr\u00e4gt dies zur Entwicklung lokaler Zulieferer, lokaler Arbeitspl\u00e4tze und damit der lokalen Wirtschaft bei.<\/p>\n<\/div><\/div><\/div><div class=\"fusion-clearfix\"><\/div><\/div><\/div><\/div><div class=\"fusion-layout-column fusion_builder_column fusion-builder-column-1 fusion_builder_column_1_1 1_1 fusion-flex-column\" style=\"--awb-bg-size:cover;--awb-width-large:100%;--awb-margin-top-large:0px;--awb-spacing-right-large:1.92%;--awb-margin-bottom-large:32px;--awb-spacing-left-large:1.92%;--awb-width-medium:100%;--awb-spacing-right-medium:1.92%;--awb-spacing-left-medium:1.92%;--awb-width-small:100%;--awb-spacing-right-small:1.92%;--awb-spacing-left-small:1.92%;\"><div class=\"fusion-column-wrapper fusion-flex-justify-content-flex-start fusion-content-layout-column\"><div class=\"fusion-title title fusion-title-3 fusion-sep-none fusion-title-text fusion-title-size-two\" style=\"--awb-margin-bottom:0px;--awb-margin-top-small:0px;--awb-margin-right-small:0px;--awb-margin-bottom-small:16px;--awb-margin-left-small:0px;\"><h2 class=\"fusion-title-heading title-heading-left fusion-responsive-typography-calculated\" style=\"margin:0;--fontSize:28;line-height:var(--awb-typography1-line-height);\">Unser Ziel<\/h2><\/div><div class=\"fusion-text fusion-text-1\"><p><strong>&#8220;Es ist unser Bestreben, als KMU einen maximalen Beitrag zu CSR und nachhaltigem Wirtschaften zu leisten.<\/strong><\/p>\n<p>Wir stellen fest, dass die Kunden zunehmend nach nachhaltigen Produkten fragen. Um diese Nachfrage zu befriedigen, wollen wir ein &#8218;verantwortungsvolles Produkt&#8216; schaffen. Um diese Ambition in konkrete Ziele umzusetzen, haben wir in Absprache mit unseren Stakeholdern vier CSR-S\u00e4ulen identifiziert, auf die wir uns in den kommenden Jahren konzentrieren wollen. Wir wollen uns auf die folgenden S\u00e4ulen konzentrieren: nachhaltige Beschaffung, Verantwortung in der Lieferkette, umweltfreundliche Produktentwicklung und Kommunikation.<\/p>\n<p>So haben wir beispielsweise einen Prozess gestartet, um Produkte und Materialien nachhaltig zu beschaffen, Lieferanten nach CSR-Kriterien zu bewerten und auszuw\u00e4hlen und Transportwege effizienter zu gestalten. Dar\u00fcber hinaus werden wir die Verwendung gef\u00e4hrlicher Stoffe abschaffen und Produkte auf innovative und sozial verantwortliche Weise entwickeln. Wir wollen, dass CSR ein Teil unserer Unternehmenskultur wird.<\/p>\n<p>Wir bem\u00fchen uns, bei unseren Aktivit\u00e4ten nachhaltige Entscheidungen zu treffen. Dabei konzentrieren wir uns auf die folgenden Themen: Nachhaltige Beschaffung, Verantwortung in der Lieferkette, umweltfreundliche Produktentwicklung und Kommunikation.<\/p>\n<\/div><\/div><\/div><div class=\"fusion-layout-column fusion_builder_column fusion-builder-column-2 fusion_builder_column_1_1 1_1 fusion-flex-column\" style=\"--awb-bg-size:cover;--awb-width-large:100%;--awb-margin-top-large:0px;--awb-spacing-right-large:1.92%;--awb-margin-bottom-large:32px;--awb-spacing-left-large:1.92%;--awb-width-medium:100%;--awb-spacing-right-medium:1.92%;--awb-spacing-left-medium:1.92%;--awb-width-small:100%;--awb-spacing-right-small:1.92%;--awb-spacing-left-small:1.92%;\"><div class=\"fusion-column-wrapper fusion-flex-justify-content-flex-start fusion-content-layout-column\"><div class=\"fusion-title title fusion-title-4 fusion-sep-none fusion-title-text fusion-title-size-two\" style=\"--awb-margin-bottom:0px;--awb-margin-top-small:0px;--awb-margin-right-small:0px;--awb-margin-bottom-small:16px;--awb-margin-left-small:0px;\"><h2 class=\"fusion-title-heading title-heading-left fusion-responsive-typography-calculated\" style=\"margin:0;--fontSize:28;line-height:var(--awb-typography1-line-height);\">Unsere CSR-S\u00e4ulen<\/h2><\/div><div class=\"fusion-text fusion-text-2\"><p><strong>&#8218;<\/strong><strong>Wir f\u00fchlen uns verantwortlich f\u00fcr die Auswirkungen unserer Gesch\u00e4ftsaktivit\u00e4ten auf Mensch und Umwelt. Indem wir uns in den kommenden Jahren auf eine Reihe von CSR- Gesellschaftliche Verantwortung S\u00e4ulen konzentrieren, wollen wir zu einer nachhaltigen Welt beitragen.&#8220;<\/strong><\/p>\n<p><strong>Nachhaltige Beschaffung<br \/>\n<\/strong>Wir sind bestrebt, Produkte und Materialien auf nachhaltige Weise zu beschaffen. Wir m\u00f6chten, dass bei der Beschaffung nicht nur Preis, Qualit\u00e4t und Lieferzeit eines Produkts ber\u00fccksichtigt werden, sondern auch soziale und \u00f6kologische Aspekte. Wir sind bestrebt, Nachhaltigkeitskriterien in Einkaufs- und Entwicklungsentscheidungen einzubeziehen.<\/p>\n<p><strong>Verantwortung in der Kette<br \/>\n<\/strong>Wir wollen Nachhaltigkeitsthemen aktiv mit unseren Lieferanten diskutieren. Mit einem Lieferantenkodex wollen wir den Lieferanten erkl\u00e4ren, warum wir Nachhaltigkeit f\u00fcr wichtig halten und was wir von unseren Lieferanten in diesem Bereich erwarten. Au\u00dferdem wollen wir unsere gr\u00f6\u00dften und neuen Lieferanten unter anderem anhand von CSR-Kriterien ausw\u00e4hlen.<\/p>\n<p><strong>Umweltorientierte Produktentwicklung<br \/>\n<\/strong>Wir wollen st\u00e4ndig Innovationen mit Blick auf CSR entwickeln. Dies tun wir, indem wir bereits beim Design die Auswahl der Rohstoffe, Qualit\u00e4t, Nachhaltigkeit und Benutzerfreundlichkeit ber\u00fccksichtigen.<\/p>\n<p>Wir m\u00f6chten die Auswirkungen des Transports auf die Umwelt und die \u00d6kosysteme reduzieren, indem wir unsere Produkte in der N\u00e4he unseres Heimatlandes beziehen.<\/p>\n<p>Wir sind bestrebt, die Verwendung gef\u00e4hrlicher Stoffe in Produkten, Produktionsprozessen und\/oder Dienstleistungen zu eliminieren\/verringern, wo immer dies m\u00f6glich ist, um Sch\u00e4den an der Umwelt zu vermeiden.<\/p>\n<p><strong>Kommunikation<br \/>\n<\/strong>Wir verpflichten uns zu einer effektiven und rechtzeitigen Kommunikation \u00fcber CSR an interne und externe Stakeholder.<\/p>\n<\/div><\/div><\/div><\/div><\/div>\n","protected":false},"excerpt":{"rendered":"","protected":false},"author":1,"featured_media":21548,"parent":21246,"menu_order":3,"comment_status":"closed","ping_status":"closed","template":"","meta":{"footnotes":""},"class_list":["post-11372","page","type-page","status-publish","has-post-thumbnail","hentry"],"yoast_head":"<!-- This site is optimized with the Yoast SEO plugin v27.3 - https:\/\/yoast.com\/product\/yoast-seo-wordpress\/ -->\n<title>Unsere CSR-S\u00e4ulen - Lovink Enertech<\/title>\n<meta name=\"robots\" content=\"index, follow, max-snippet:-1, max-image-preview:large, max-video-preview:-1\" \/>\n<link rel=\"canonical\" href=\"https:\/\/www.lovink-enertech.com\/de\/ueber-uns\/csr\/\" \/>\n<meta property=\"og:locale\" content=\"de_DE\" \/>\n<meta property=\"og:type\" content=\"article\" \/>\n<meta property=\"og:title\" content=\"Unsere CSR-S\u00e4ulen - Lovink Enertech\" \/>\n<meta property=\"og:url\" content=\"https:\/\/www.lovink-enertech.com\/de\/ueber-uns\/csr\/\" \/>\n<meta property=\"og:site_name\" content=\"Lovink Enertech\" \/>\n<meta property=\"article:modified_time\" content=\"2026-02-26T12:35:57+00:00\" \/>\n<meta property=\"og:image\" content=\"https:\/\/www.lovink-enertech.com\/wp-content\/uploads\/2018\/10\/mvo.jpg\" \/>\n\t<meta property=\"og:image:width\" content=\"1000\" \/>\n\t<meta property=\"og:image:height\" content=\"667\" \/>\n\t<meta property=\"og:image:type\" content=\"image\/jpeg\" \/>\n<meta name=\"twitter:card\" content=\"summary_large_image\" \/>\n<meta name=\"twitter:label1\" content=\"Gesch\u00e4tzte Lesezeit\" \/>\n\t<meta name=\"twitter:data1\" content=\"5\u00a0Minuten\" \/>\n<script type=\"application\/ld+json\" class=\"yoast-schema-graph\">{\"@context\":\"https:\\\/\\\/schema.org\",\"@graph\":[{\"@type\":\"WebPage\",\"@id\":\"https:\\\/\\\/www.lovink-enertech.com\\\/de\\\/ueber-uns\\\/csr\\\/\",\"url\":\"https:\\\/\\\/www.lovink-enertech.com\\\/de\\\/ueber-uns\\\/csr\\\/\",\"name\":\"Unsere CSR-S\u00e4ulen - Lovink Enertech\",\"isPartOf\":{\"@id\":\"https:\\\/\\\/www.lovink-enertech.com\\\/de\\\/#website\"},\"primaryImageOfPage\":{\"@id\":\"https:\\\/\\\/www.lovink-enertech.com\\\/de\\\/ueber-uns\\\/csr\\\/#primaryimage\"},\"image\":{\"@id\":\"https:\\\/\\\/www.lovink-enertech.com\\\/de\\\/ueber-uns\\\/csr\\\/#primaryimage\"},\"thumbnailUrl\":\"https:\\\/\\\/www.lovink-enertech.com\\\/wp-content\\\/uploads\\\/2018\\\/10\\\/mvo.jpg\",\"datePublished\":\"2026-01-15T09:16:38+00:00\",\"dateModified\":\"2026-02-26T12:35:57+00:00\",\"breadcrumb\":{\"@id\":\"https:\\\/\\\/www.lovink-enertech.com\\\/de\\\/ueber-uns\\\/csr\\\/#breadcrumb\"},\"inLanguage\":\"de\",\"potentialAction\":[{\"@type\":\"ReadAction\",\"target\":[\"https:\\\/\\\/www.lovink-enertech.com\\\/de\\\/ueber-uns\\\/csr\\\/\"]}]},{\"@type\":\"ImageObject\",\"inLanguage\":\"de\",\"@id\":\"https:\\\/\\\/www.lovink-enertech.com\\\/de\\\/ueber-uns\\\/csr\\\/#primaryimage\",\"url\":\"https:\\\/\\\/www.lovink-enertech.com\\\/wp-content\\\/uploads\\\/2018\\\/10\\\/mvo.jpg\",\"contentUrl\":\"https:\\\/\\\/www.lovink-enertech.com\\\/wp-content\\\/uploads\\\/2018\\\/10\\\/mvo.jpg\",\"width\":1000,\"height\":667},{\"@type\":\"BreadcrumbList\",\"@id\":\"https:\\\/\\\/www.lovink-enertech.com\\\/de\\\/ueber-uns\\\/csr\\\/#breadcrumb\",\"itemListElement\":[{\"@type\":\"ListItem\",\"position\":1,\"name\":\"Home\",\"item\":\"https:\\\/\\\/www.lovink-enertech.com\\\/de\\\/\"},{\"@type\":\"ListItem\",\"position\":2,\"name\":\"\u00dcber uns\",\"item\":\"https:\\\/\\\/www.lovink-enertech.com\\\/de\\\/ueber-uns\\\/\"},{\"@type\":\"ListItem\",\"position\":3,\"name\":\"CSR\"}]},{\"@type\":\"WebSite\",\"@id\":\"https:\\\/\\\/www.lovink-enertech.com\\\/de\\\/#website\",\"url\":\"https:\\\/\\\/www.lovink-enertech.com\\\/de\\\/\",\"name\":\"Lovink Enertech\",\"description\":\"Innovatieve producten en strategische productie\",\"potentialAction\":[{\"@type\":\"SearchAction\",\"target\":{\"@type\":\"EntryPoint\",\"urlTemplate\":\"https:\\\/\\\/www.lovink-enertech.com\\\/de\\\/?s={search_term_string}\"},\"query-input\":{\"@type\":\"PropertyValueSpecification\",\"valueRequired\":true,\"valueName\":\"search_term_string\"}}],\"inLanguage\":\"de\"}]}<\/script>\n<!-- \/ Yoast SEO plugin. -->","yoast_head_json":{"title":"Unsere CSR-S\u00e4ulen - Lovink Enertech","robots":{"index":"index","follow":"follow","max-snippet":"max-snippet:-1","max-image-preview":"max-image-preview:large","max-video-preview":"max-video-preview:-1"},"canonical":"https:\/\/www.lovink-enertech.com\/de\/ueber-uns\/csr\/","og_locale":"de_DE","og_type":"article","og_title":"Unsere CSR-S\u00e4ulen - Lovink Enertech","og_url":"https:\/\/www.lovink-enertech.com\/de\/ueber-uns\/csr\/","og_site_name":"Lovink Enertech","article_modified_time":"2026-02-26T12:35:57+00:00","og_image":[{"width":1000,"height":667,"url":"https:\/\/www.lovink-enertech.com\/wp-content\/uploads\/2018\/10\/mvo.jpg","type":"image\/jpeg"}],"twitter_card":"summary_large_image","twitter_misc":{"Gesch\u00e4tzte Lesezeit":"5\u00a0Minuten"},"schema":{"@context":"https:\/\/schema.org","@graph":[{"@type":"WebPage","@id":"https:\/\/www.lovink-enertech.com\/de\/ueber-uns\/csr\/","url":"https:\/\/www.lovink-enertech.com\/de\/ueber-uns\/csr\/","name":"Unsere CSR-S\u00e4ulen - Lovink Enertech","isPartOf":{"@id":"https:\/\/www.lovink-enertech.com\/de\/#website"},"primaryImageOfPage":{"@id":"https:\/\/www.lovink-enertech.com\/de\/ueber-uns\/csr\/#primaryimage"},"image":{"@id":"https:\/\/www.lovink-enertech.com\/de\/ueber-uns\/csr\/#primaryimage"},"thumbnailUrl":"https:\/\/www.lovink-enertech.com\/wp-content\/uploads\/2018\/10\/mvo.jpg","datePublished":"2026-01-15T09:16:38+00:00","dateModified":"2026-02-26T12:35:57+00:00","breadcrumb":{"@id":"https:\/\/www.lovink-enertech.com\/de\/ueber-uns\/csr\/#breadcrumb"},"inLanguage":"de","potentialAction":[{"@type":"ReadAction","target":["https:\/\/www.lovink-enertech.com\/de\/ueber-uns\/csr\/"]}]},{"@type":"ImageObject","inLanguage":"de","@id":"https:\/\/www.lovink-enertech.com\/de\/ueber-uns\/csr\/#primaryimage","url":"https:\/\/www.lovink-enertech.com\/wp-content\/uploads\/2018\/10\/mvo.jpg","contentUrl":"https:\/\/www.lovink-enertech.com\/wp-content\/uploads\/2018\/10\/mvo.jpg","width":1000,"height":667},{"@type":"BreadcrumbList","@id":"https:\/\/www.lovink-enertech.com\/de\/ueber-uns\/csr\/#breadcrumb","itemListElement":[{"@type":"ListItem","position":1,"name":"Home","item":"https:\/\/www.lovink-enertech.com\/de\/"},{"@type":"ListItem","position":2,"name":"\u00dcber uns","item":"https:\/\/www.lovink-enertech.com\/de\/ueber-uns\/"},{"@type":"ListItem","position":3,"name":"CSR"}]},{"@type":"WebSite","@id":"https:\/\/www.lovink-enertech.com\/de\/#website","url":"https:\/\/www.lovink-enertech.com\/de\/","name":"Lovink Enertech","description":"Innovatieve producten en strategische productie","potentialAction":[{"@type":"SearchAction","target":{"@type":"EntryPoint","urlTemplate":"https:\/\/www.lovink-enertech.com\/de\/?s={search_term_string}"},"query-input":{"@type":"PropertyValueSpecification","valueRequired":true,"valueName":"search_term_string"}}],"inLanguage":"de"}]}},"_links":{"self":[{"href":"https:\/\/www.lovink-enertech.com\/de\/wp-json\/wp\/v2\/pages\/11372","targetHints":{"allow":["GET"]}}],"collection":[{"href":"https:\/\/www.lovink-enertech.com\/de\/wp-json\/wp\/v2\/pages"}],"about":[{"href":"https:\/\/www.lovink-enertech.com\/de\/wp-json\/wp\/v2\/types\/page"}],"author":[{"embeddable":true,"href":"https:\/\/www.lovink-enertech.com\/de\/wp-json\/wp\/v2\/users\/1"}],"replies":[{"embeddable":true,"href":"https:\/\/www.lovink-enertech.com\/de\/wp-json\/wp\/v2\/comments?post=11372"}],"version-history":[{"count":9,"href":"https:\/\/www.lovink-enertech.com\/de\/wp-json\/wp\/v2\/pages\/11372\/revisions"}],"predecessor-version":[{"id":22526,"href":"https:\/\/www.lovink-enertech.com\/de\/wp-json\/wp\/v2\/pages\/11372\/revisions\/22526"}],"up":[{"embeddable":true,"href":"https:\/\/www.lovink-enertech.com\/de\/wp-json\/wp\/v2\/pages\/21246"}],"wp:featuredmedia":[{"embeddable":true,"href":"https:\/\/www.lovink-enertech.com\/de\/wp-json\/wp\/v2\/media\/21548"}],"wp:attachment":[{"href":"https:\/\/www.lovink-enertech.com\/de\/wp-json\/wp\/v2\/media?parent=11372"}],"curies":[{"name":"wp","href":"https:\/\/api.w.org\/{rel}","templated":true}]}}