{"id":11390,"date":"2026-01-15T09:16:50","date_gmt":"2026-01-15T09:16:50","guid":{"rendered":"https:\/\/www.lovink-enertech.com\/over-ons\/lovink-lab\/"},"modified":"2026-02-26T12:22:07","modified_gmt":"2026-02-26T12:22:07","slug":"lovink-lab","status":"publish","type":"page","link":"https:\/\/www.lovink-enertech.com\/de\/ueber-uns\/lovink-lab\/","title":{"rendered":"Lovink LAB"},"content":{"rendered":"<div class=\"fusion-fullwidth fullwidth-box fusion-builder-row-1 fusion-flex-container has-pattern-background has-mask-background nonhundred-percent-fullwidth non-hundred-percent-height-scrolling\" style=\"--awb-border-radius-top-left:0px;--awb-border-radius-top-right:0px;--awb-border-radius-bottom-right:0px;--awb-border-radius-bottom-left:0px;--awb-padding-top:0px;--awb-flex-wrap:wrap;\" ><div class=\"fusion-builder-row fusion-row fusion-flex-align-items-flex-start fusion-flex-content-wrap\" style=\"max-width:1248px;margin-left: calc(-4% \/ 2 );margin-right: calc(-4% \/ 2 );\"><div class=\"fusion-layout-column fusion_builder_column fusion-builder-column-0 fusion_builder_column_2_3 2_3 fusion-flex-column\" style=\"--awb-bg-size:cover;--awb-width-large:66.666666666667%;--awb-margin-top-large:0px;--awb-spacing-right-large:2.88%;--awb-margin-bottom-large:32px;--awb-spacing-left-large:2.88%;--awb-width-medium:66.666666666667%;--awb-spacing-right-medium:2.88%;--awb-spacing-left-medium:2.88%;--awb-width-small:100%;--awb-spacing-right-small:1.92%;--awb-spacing-left-small:1.92%;\"><div class=\"fusion-column-wrapper fusion-flex-justify-content-flex-start fusion-content-layout-column\"><div class=\"fusion-title title fusion-title-1 fusion-sep-none fusion-title-text fusion-title-size-one\" style=\"--awb-margin-top-small:0px;--awb-margin-right-small:0px;--awb-margin-bottom-small:16px;--awb-margin-left-small:0px;\"><h1 class=\"fusion-title-heading title-heading-left fusion-responsive-typography-calculated\" style=\"margin:0;--fontSize:30;line-height:1;\">Lovink Laboratorien<\/h1><\/div><div class=\"fusion-text fusion-text-1\"><p><strong>Royal Lovink verf\u00fcgt \u00fcber umfangreiche und moderne Testeinrichtungen, darunter ein Elektro- und Materiallabor und ein Freiluft-Testfeld zum Testen von Mittelspannungskabelkonfektionen.<\/strong><\/p>\n<p>Die Tests werden gem\u00e4\u00df CENELEC HD 629, IEC 61442 (Garnierungen) und IEC 60455-3-8 (Harze) f\u00fcr Europa durchgef\u00fchrt. Und gem\u00e4\u00df IEEE 404 f\u00fcr die Vereinigten Staaten. Dar\u00fcber hinaus versch\u00e4rft Lovink Enertech die Tests durch die Pr\u00fcfung mit einem Wasserdruck von 20 Metern (2 bar) Wassers\u00e4ule. Damit garantieren unsere Kabelverbindungen die h\u00f6chste Wasserdichtigkeit in der Branche.<\/p>\n<h2><strong>Tests f\u00fcr Dritte<\/strong><\/h2>\n<p>In unseren Labors und Testfeldern k\u00f6nnen wir eine breite Palette von Tests und Versuchen durchf\u00fchren. Nicht nur f\u00fcr unsere eigenen Anwendungen, sondern auch f\u00fcr Dritte. Unsere Testingenieure sind bestens ausgebildet und verf\u00fcgen \u00fcber die richtigen Kenntnisse und F\u00e4higkeiten, um Ihre Tests erfolgreich durchzuf\u00fchren.<\/p>\n<h3><strong>Fehlersuche<\/strong><\/h3>\n<p>Technisch gesehen haben unsere Kabelmuffen eine extrem niedrige Ausfallrate, aber Ausf\u00e4lle k\u00f6nnen durch alle m\u00f6glichen Ursachen wie Graben, Kabelfehler oder Montagefehler auftreten.<\/p>\n<p>Die Untersuchung dieser Ausf\u00e4lle erfordert oft viel Zeit und Fachwissen. Lovink kann Ihnen dabei helfen. Wir bieten Analysen vor Ort an, und alle zus\u00e4tzlichen Untersuchungen k\u00f6nnen in unseren Laboreinrichtungen durchgef\u00fchrt werden.<\/p>\n<\/div><div class=\"fusion-text fusion-text-2\"><h3><strong>Testger\u00e4te<\/strong><\/h3>\n<ul>\n<li>PD-Kabine mit einem Ger\u00e4uschpegel von weniger als 1 pC<\/li>\n<li>Hochspannungsk\u00e4fig f\u00fcr Kurzzeittests<\/li>\n<li>Hochspannungsk\u00e4fig im Freien f\u00fcr lange Dauertests<\/li>\n<li>Innenraum-Hochspannungsk\u00e4fig mit der M\u00f6glichkeit von 3 Tests gleichzeitig<\/li>\n<li>Stromwandler bis zu 3000 A<\/li>\n<li>Spannungswandler 150kV\/100kVA, 50kV\/50kVA, 100kV\/ 10kVA, 3x 45kV\/40kVA<\/li>\n<li>Druckbeh\u00e4lter f\u00fcr Tests bei 2 Bar Wasserdruck<\/li>\n<li>Offener Wassertank f\u00fcr Druckpr\u00fcfung bei 0,1 bar Wasserdruck<\/li>\n<li>Durchschlagendes Pr\u00fcfger\u00e4t f\u00fcr Fl\u00fcssigkeitsisolierung<\/li>\n<\/ul>\n<h2><strong>Tests, die von Lovink durchgef\u00fchrt werden k\u00f6nnen<\/strong><\/h2>\n<h3><strong>Elektrisch<\/strong><\/h3>\n<p data-start=\"43\" data-end=\"70\">&#8211; Gleichspannung bis 420 kV<br \/>\n&#8211; Wechselspannung bis 300 kV<br \/>\n&#8211; Impulsspannung bis 420 kV<br \/>\n&#8211; Teilentladung bis 100 kV<br \/>\n&#8211; Heizzyklus in Luft<br \/>\n&#8211; Heizzyklus in Wasser (2 bar)<br \/>\n&#8211; Teilentladung bei erh\u00f6hter und Umgebungstemperatur<br \/>\n&#8211; Impulsspannung bei erh\u00f6hter und Umgebungstemperatur<\/p>\n<h3><strong>Zusammensetzung der Isolierung<\/strong><\/h3>\n<p data-start=\"43\" data-end=\"62\">&#8211; Viskosit\u00e4tstests<br \/>\n&#8211; Topf- und Gelierzeittests<br \/>\n&#8211; Exothermische Spitzentemperaturtests<br \/>\n&#8211; Dichtetests<br \/>\n&#8211; FTIR<br \/>\n&#8211; Schlagz\u00e4higkeitstests<br \/>\n&#8211; Shore-H\u00e4rtetests<br \/>\n&#8211; Zugfestigkeit und Dehnungstests<br \/>\n&#8211; Klimaschr\u00e4nke<\/p>\n<\/div><\/div><\/div><div class=\"fusion-layout-column fusion_builder_column fusion-builder-column-1 fusion_builder_column_1_3 1_3 fusion-flex-column\" style=\"--awb-bg-size:cover;--awb-width-large:33.333333333333%;--awb-margin-top-large:0px;--awb-spacing-right-large:5.76%;--awb-margin-bottom-large:0px;--awb-spacing-left-large:5.76%;--awb-width-medium:33.333333333333%;--awb-spacing-right-medium:5.76%;--awb-spacing-left-medium:5.76%;--awb-width-small:100%;--awb-spacing-right-small:1.92%;--awb-spacing-left-small:1.92%;\"><div class=\"fusion-column-wrapper fusion-flex-justify-content-flex-start fusion-content-layout-column\"><div class=\"fusion-builder-row fusion-builder-row-inner fusion-row fusion-flex-align-items-flex-start fusion-flex-content-wrap\" style=\"--awb-flex-grow:0;--awb-flex-grow-medium:0;--awb-flex-grow-small:0;--awb-flex-shrink:0;--awb-flex-shrink-medium:0;--awb-flex-shrink-small:0;width:104% !important;max-width:104% !important;margin-left: calc(-4% \/ 2 );margin-right: calc(-4% \/ 2 );\"><div class=\"fusion-layout-column fusion_builder_column_inner fusion-builder-nested-column-0 fusion_builder_column_inner_1_1 1_1 fusion-flex-column fusion-column-inner-bg-wrapper custom-page-link\" style=\"--awb-padding-top:175px;--awb-padding-bottom:25px;--awb-inner-bg-image:url(&#039;https:\/\/www.lovink-enertech.com\/wp-content\/uploads\/2018\/10\/contact-storingsonderzoek.jpg&#039;);--awb-inner-bg-position:center center;--awb-inner-bg-size:cover;--awb-width-large:100%;--awb-margin-top-large:0px;--awb-spacing-right-large:1.92%;--awb-margin-bottom-large:32px;--awb-spacing-left-large:1.92%;--awb-width-medium:100%;--awb-spacing-right-medium:1.92%;--awb-spacing-left-medium:1.92%;--awb-width-small:100%;--awb-spacing-right-small:1.92%;--awb-spacing-left-small:1.92%;\"><span class=\"fusion-column-inner-bg hover-type-none\"><a class=\"fusion-column-anchor\" href=\"https:\/\/www.lovink-enertech.com\/contact\/\"><span class=\"fusion-column-inner-bg-image\"><\/span><\/a><\/span><div class=\"fusion-column-wrapper fusion-flex-justify-content-flex-start fusion-content-layout-column fusion-column-has-bg-image\" data-bg-url=\"https:\/\/www.lovink-enertech.com\/wp-content\/uploads\/2018\/10\/contact-storingsonderzoek.jpg\"><div ><a class=\"fusion-button button-flat fusion-button-default-size button-custom fusion-button-default button-1 fusion-button-default-span fusion-button-default-type custom-page-link-button-1\" style=\"--button_accent_color:#333333;--button_border_color:#333333;--button_accent_hover_color:#333333;--button_border_hover_color:#333333;--button_gradient_top_color:#ffffff;--button_gradient_bottom_color:#ffffff;--button_gradient_top_color_hover:#ffffff;--button_gradient_bottom_color_hover:#ffffff;\" target=\"_self\" href=\"https:\/\/www.lovink-enertech.com\/de\/kontakt\/\"><span class=\"fusion-button-text awb-button__text awb-button__text--default\">Kontakt<\/span><\/a><\/div><div ><a class=\"fusion-button button-flat fusion-button-default-size button-default fusion-button-default button-2 fusion-button-default-span fusion-button-default-type custom-page-link-button-2\" target=\"_self\" href=\"https:\/\/www.lovink-enertech.com\/de\/contact\/\"><span class=\"fusion-button-text awb-button__text awb-button__text--default\">Fehlersuche<\/span><\/a><\/div><\/div><\/div><\/div><div class=\"fusion-separator fusion-full-width-sep\" style=\"align-self: center;margin-left: auto;margin-right: auto;margin-top:25px;width:100%;\"><\/div><div class=\"fusion-builder-row fusion-builder-row-inner fusion-row fusion-flex-align-items-flex-start fusion-flex-content-wrap\" style=\"--awb-flex-grow:0;--awb-flex-grow-medium:0;--awb-flex-grow-small:0;--awb-flex-shrink:0;--awb-flex-shrink-medium:0;--awb-flex-shrink-small:0;width:104% !important;max-width:104% !important;margin-left: calc(-4% \/ 2 );margin-right: calc(-4% \/ 2 );\"><div class=\"fusion-layout-column fusion_builder_column_inner fusion-builder-nested-column-1 fusion_builder_column_inner_1_1 1_1 fusion-flex-column fusion-column-inner-bg-wrapper custom-page-link\" style=\"--awb-padding-top:175px;--awb-padding-bottom:25px;--awb-inner-bg-image:url(&#039;https:\/\/www.lovink-enertech.com\/wp-content\/uploads\/2018\/10\/contact-onderzoeksmogelijkheden.jpg&#039;);--awb-inner-bg-position:center center;--awb-inner-bg-size:cover;--awb-width-large:100%;--awb-margin-top-large:0px;--awb-spacing-right-large:1.92%;--awb-margin-bottom-large:32px;--awb-spacing-left-large:1.92%;--awb-width-medium:100%;--awb-spacing-right-medium:1.92%;--awb-spacing-left-medium:1.92%;--awb-width-small:100%;--awb-spacing-right-small:1.92%;--awb-spacing-left-small:1.92%;\"><span class=\"fusion-column-inner-bg hover-type-none\"><a class=\"fusion-column-anchor\" href=\"https:\/\/www.lovink-enertech.com\/contact\/\"><span class=\"fusion-column-inner-bg-image\"><\/span><\/a><\/span><div class=\"fusion-column-wrapper fusion-flex-justify-content-flex-start fusion-content-layout-column fusion-column-has-bg-image\" data-bg-url=\"https:\/\/www.lovink-enertech.com\/wp-content\/uploads\/2018\/10\/contact-onderzoeksmogelijkheden.jpg\"><div ><a class=\"fusion-button button-flat fusion-button-default-size button-custom fusion-button-default button-3 fusion-button-default-span fusion-button-default-type custom-page-link-button-1\" style=\"--button_accent_color:#333333;--button_border_color:#333333;--button_accent_hover_color:#333333;--button_border_hover_color:#333333;--button_gradient_top_color:#ffffff;--button_gradient_bottom_color:#ffffff;--button_gradient_top_color_hover:#ffffff;--button_gradient_bottom_color_hover:#ffffff;\" target=\"_self\" href=\"https:\/\/www.lovink-enertech.com\/de\/kontakt\/\"><span class=\"fusion-button-text awb-button__text awb-button__text--default\">Kontakt<\/span><\/a><\/div><div ><a class=\"fusion-button button-flat fusion-button-default-size button-default fusion-button-default button-4 fusion-button-default-span fusion-button-default-type custom-page-link-button-2\" target=\"_self\" href=\"https:\/\/www.lovink-enertech.com\/de\/contact\/\"><span class=\"fusion-button-text awb-button__text awb-button__text--default\">Forschungsm\u00f6glichkeiten<\/span><\/a><\/div><\/div><\/div><\/div><\/div><\/div><\/div><\/div>\n","protected":false},"excerpt":{"rendered":"","protected":false},"author":1,"featured_media":21639,"parent":21246,"menu_order":6,"comment_status":"closed","ping_status":"closed","template":"","meta":{"footnotes":""},"class_list":["post-11390","page","type-page","status-publish","has-post-thumbnail","hentry"],"yoast_head":"<!-- This site is optimized with the Yoast SEO plugin v27.3 - https:\/\/yoast.com\/product\/yoast-seo-wordpress\/ -->\n<title>Lovink Laboratorien - Lovink Enertech<\/title>\n<meta name=\"robots\" content=\"index, follow, max-snippet:-1, max-image-preview:large, max-video-preview:-1\" \/>\n<link rel=\"canonical\" href=\"https:\/\/www.lovink-enertech.com\/de\/ueber-uns\/lovink-lab\/\" \/>\n<meta property=\"og:locale\" content=\"de_DE\" \/>\n<meta property=\"og:type\" content=\"article\" \/>\n<meta property=\"og:title\" content=\"Lovink Laboratorien - Lovink Enertech\" \/>\n<meta property=\"og:url\" content=\"https:\/\/www.lovink-enertech.com\/de\/ueber-uns\/lovink-lab\/\" \/>\n<meta property=\"og:site_name\" content=\"Lovink Enertech\" \/>\n<meta property=\"article:modified_time\" content=\"2026-02-26T12:22:07+00:00\" \/>\n<meta property=\"og:image\" content=\"https:\/\/www.lovink-enertech.com\/wp-content\/uploads\/2018\/10\/contact-onderzoeksmogelijkheden.jpg\" \/>\n\t<meta property=\"og:image:width\" content=\"488\" \/>\n\t<meta property=\"og:image:height\" content=\"338\" \/>\n\t<meta property=\"og:image:type\" content=\"image\/jpeg\" \/>\n<meta name=\"twitter:card\" content=\"summary_large_image\" \/>\n<meta name=\"twitter:label1\" content=\"Gesch\u00e4tzte Lesezeit\" \/>\n\t<meta name=\"twitter:data1\" content=\"2\u00a0Minuten\" \/>\n<script type=\"application\/ld+json\" class=\"yoast-schema-graph\">{\"@context\":\"https:\\\/\\\/schema.org\",\"@graph\":[{\"@type\":\"WebPage\",\"@id\":\"https:\\\/\\\/www.lovink-enertech.com\\\/de\\\/ueber-uns\\\/lovink-lab\\\/\",\"url\":\"https:\\\/\\\/www.lovink-enertech.com\\\/de\\\/ueber-uns\\\/lovink-lab\\\/\",\"name\":\"Lovink Laboratorien - Lovink Enertech\",\"isPartOf\":{\"@id\":\"https:\\\/\\\/www.lovink-enertech.com\\\/de\\\/#website\"},\"primaryImageOfPage\":{\"@id\":\"https:\\\/\\\/www.lovink-enertech.com\\\/de\\\/ueber-uns\\\/lovink-lab\\\/#primaryimage\"},\"image\":{\"@id\":\"https:\\\/\\\/www.lovink-enertech.com\\\/de\\\/ueber-uns\\\/lovink-lab\\\/#primaryimage\"},\"thumbnailUrl\":\"https:\\\/\\\/www.lovink-enertech.com\\\/wp-content\\\/uploads\\\/2018\\\/10\\\/contact-onderzoeksmogelijkheden.jpg\",\"datePublished\":\"2026-01-15T09:16:50+00:00\",\"dateModified\":\"2026-02-26T12:22:07+00:00\",\"breadcrumb\":{\"@id\":\"https:\\\/\\\/www.lovink-enertech.com\\\/de\\\/ueber-uns\\\/lovink-lab\\\/#breadcrumb\"},\"inLanguage\":\"de\",\"potentialAction\":[{\"@type\":\"ReadAction\",\"target\":[\"https:\\\/\\\/www.lovink-enertech.com\\\/de\\\/ueber-uns\\\/lovink-lab\\\/\"]}]},{\"@type\":\"ImageObject\",\"inLanguage\":\"de\",\"@id\":\"https:\\\/\\\/www.lovink-enertech.com\\\/de\\\/ueber-uns\\\/lovink-lab\\\/#primaryimage\",\"url\":\"https:\\\/\\\/www.lovink-enertech.com\\\/wp-content\\\/uploads\\\/2018\\\/10\\\/contact-onderzoeksmogelijkheden.jpg\",\"contentUrl\":\"https:\\\/\\\/www.lovink-enertech.com\\\/wp-content\\\/uploads\\\/2018\\\/10\\\/contact-onderzoeksmogelijkheden.jpg\",\"width\":488,\"height\":338},{\"@type\":\"BreadcrumbList\",\"@id\":\"https:\\\/\\\/www.lovink-enertech.com\\\/de\\\/ueber-uns\\\/lovink-lab\\\/#breadcrumb\",\"itemListElement\":[{\"@type\":\"ListItem\",\"position\":1,\"name\":\"Home\",\"item\":\"https:\\\/\\\/www.lovink-enertech.com\\\/de\\\/\"},{\"@type\":\"ListItem\",\"position\":2,\"name\":\"\u00dcber uns\",\"item\":\"https:\\\/\\\/www.lovink-enertech.com\\\/de\\\/ueber-uns\\\/\"},{\"@type\":\"ListItem\",\"position\":3,\"name\":\"Lovink LAB\"}]},{\"@type\":\"WebSite\",\"@id\":\"https:\\\/\\\/www.lovink-enertech.com\\\/de\\\/#website\",\"url\":\"https:\\\/\\\/www.lovink-enertech.com\\\/de\\\/\",\"name\":\"Lovink Enertech\",\"description\":\"Innovatieve producten en strategische productie\",\"potentialAction\":[{\"@type\":\"SearchAction\",\"target\":{\"@type\":\"EntryPoint\",\"urlTemplate\":\"https:\\\/\\\/www.lovink-enertech.com\\\/de\\\/?s={search_term_string}\"},\"query-input\":{\"@type\":\"PropertyValueSpecification\",\"valueRequired\":true,\"valueName\":\"search_term_string\"}}],\"inLanguage\":\"de\"}]}<\/script>\n<!-- \/ Yoast SEO plugin. -->","yoast_head_json":{"title":"Lovink Laboratorien - Lovink Enertech","robots":{"index":"index","follow":"follow","max-snippet":"max-snippet:-1","max-image-preview":"max-image-preview:large","max-video-preview":"max-video-preview:-1"},"canonical":"https:\/\/www.lovink-enertech.com\/de\/ueber-uns\/lovink-lab\/","og_locale":"de_DE","og_type":"article","og_title":"Lovink Laboratorien - Lovink Enertech","og_url":"https:\/\/www.lovink-enertech.com\/de\/ueber-uns\/lovink-lab\/","og_site_name":"Lovink Enertech","article_modified_time":"2026-02-26T12:22:07+00:00","og_image":[{"width":488,"height":338,"url":"https:\/\/www.lovink-enertech.com\/wp-content\/uploads\/2018\/10\/contact-onderzoeksmogelijkheden.jpg","type":"image\/jpeg"}],"twitter_card":"summary_large_image","twitter_misc":{"Gesch\u00e4tzte Lesezeit":"2\u00a0Minuten"},"schema":{"@context":"https:\/\/schema.org","@graph":[{"@type":"WebPage","@id":"https:\/\/www.lovink-enertech.com\/de\/ueber-uns\/lovink-lab\/","url":"https:\/\/www.lovink-enertech.com\/de\/ueber-uns\/lovink-lab\/","name":"Lovink Laboratorien - Lovink Enertech","isPartOf":{"@id":"https:\/\/www.lovink-enertech.com\/de\/#website"},"primaryImageOfPage":{"@id":"https:\/\/www.lovink-enertech.com\/de\/ueber-uns\/lovink-lab\/#primaryimage"},"image":{"@id":"https:\/\/www.lovink-enertech.com\/de\/ueber-uns\/lovink-lab\/#primaryimage"},"thumbnailUrl":"https:\/\/www.lovink-enertech.com\/wp-content\/uploads\/2018\/10\/contact-onderzoeksmogelijkheden.jpg","datePublished":"2026-01-15T09:16:50+00:00","dateModified":"2026-02-26T12:22:07+00:00","breadcrumb":{"@id":"https:\/\/www.lovink-enertech.com\/de\/ueber-uns\/lovink-lab\/#breadcrumb"},"inLanguage":"de","potentialAction":[{"@type":"ReadAction","target":["https:\/\/www.lovink-enertech.com\/de\/ueber-uns\/lovink-lab\/"]}]},{"@type":"ImageObject","inLanguage":"de","@id":"https:\/\/www.lovink-enertech.com\/de\/ueber-uns\/lovink-lab\/#primaryimage","url":"https:\/\/www.lovink-enertech.com\/wp-content\/uploads\/2018\/10\/contact-onderzoeksmogelijkheden.jpg","contentUrl":"https:\/\/www.lovink-enertech.com\/wp-content\/uploads\/2018\/10\/contact-onderzoeksmogelijkheden.jpg","width":488,"height":338},{"@type":"BreadcrumbList","@id":"https:\/\/www.lovink-enertech.com\/de\/ueber-uns\/lovink-lab\/#breadcrumb","itemListElement":[{"@type":"ListItem","position":1,"name":"Home","item":"https:\/\/www.lovink-enertech.com\/de\/"},{"@type":"ListItem","position":2,"name":"\u00dcber uns","item":"https:\/\/www.lovink-enertech.com\/de\/ueber-uns\/"},{"@type":"ListItem","position":3,"name":"Lovink LAB"}]},{"@type":"WebSite","@id":"https:\/\/www.lovink-enertech.com\/de\/#website","url":"https:\/\/www.lovink-enertech.com\/de\/","name":"Lovink Enertech","description":"Innovatieve producten en strategische productie","potentialAction":[{"@type":"SearchAction","target":{"@type":"EntryPoint","urlTemplate":"https:\/\/www.lovink-enertech.com\/de\/?s={search_term_string}"},"query-input":{"@type":"PropertyValueSpecification","valueRequired":true,"valueName":"search_term_string"}}],"inLanguage":"de"}]}},"_links":{"self":[{"href":"https:\/\/www.lovink-enertech.com\/de\/wp-json\/wp\/v2\/pages\/11390","targetHints":{"allow":["GET"]}}],"collection":[{"href":"https:\/\/www.lovink-enertech.com\/de\/wp-json\/wp\/v2\/pages"}],"about":[{"href":"https:\/\/www.lovink-enertech.com\/de\/wp-json\/wp\/v2\/types\/page"}],"author":[{"embeddable":true,"href":"https:\/\/www.lovink-enertech.com\/de\/wp-json\/wp\/v2\/users\/1"}],"replies":[{"embeddable":true,"href":"https:\/\/www.lovink-enertech.com\/de\/wp-json\/wp\/v2\/comments?post=11390"}],"version-history":[{"count":18,"href":"https:\/\/www.lovink-enertech.com\/de\/wp-json\/wp\/v2\/pages\/11390\/revisions"}],"predecessor-version":[{"id":22802,"href":"https:\/\/www.lovink-enertech.com\/de\/wp-json\/wp\/v2\/pages\/11390\/revisions\/22802"}],"up":[{"embeddable":true,"href":"https:\/\/www.lovink-enertech.com\/de\/wp-json\/wp\/v2\/pages\/21246"}],"wp:featuredmedia":[{"embeddable":true,"href":"https:\/\/www.lovink-enertech.com\/de\/wp-json\/wp\/v2\/media\/21639"}],"wp:attachment":[{"href":"https:\/\/www.lovink-enertech.com\/de\/wp-json\/wp\/v2\/media?parent=11390"}],"curies":[{"name":"wp","href":"https:\/\/api.w.org\/{rel}","templated":true}]}}