{"id":12150,"date":"2026-01-15T10:38:12","date_gmt":"2026-01-15T10:38:12","guid":{"rendered":"https:\/\/www.lovink-enertech.com\/projekte\/"},"modified":"2026-02-04T12:32:55","modified_gmt":"2026-02-04T12:32:55","slug":"projekte","status":"publish","type":"page","link":"https:\/\/www.lovink-enertech.com\/de\/projekte\/","title":{"rendered":"Projekte"},"content":{"rendered":"<p><div class=\"fusion-fullwidth fullwidth-box fusion-builder-row-1 fusion-flex-container has-pattern-background has-mask-background fusion-parallax-none nonhundred-percent-fullwidth non-hundred-percent-height-scrolling\" style=\"--awb-border-radius-top-left:0px;--awb-border-radius-top-right:0px;--awb-border-radius-bottom-right:0px;--awb-border-radius-bottom-left:0px;--awb-padding-top:200px;--awb-padding-bottom:0px;--awb-background-image:url(&quot;https:\/\/www.lovink-enertech.com\/wp-content\/uploads\/2025\/11\/Lovink-View-dag-bewerkt.webp&quot;);--awb-background-size:cover;--awb-flex-wrap:wrap;\" ><div class=\"fusion-builder-row fusion-row fusion-flex-align-items-flex-start fusion-flex-content-wrap\" style=\"max-width:1248px;margin-left: calc(-4% \/ 2 );margin-right: calc(-4% \/ 2 );\"><div class=\"fusion-layout-column fusion_builder_column fusion-builder-column-0 fusion_builder_column_1_1 1_1 fusion-flex-column\" style=\"--awb-bg-size:cover;--awb-width-large:100%;--awb-margin-top-large:0px;--awb-spacing-right-large:1.92%;--awb-margin-bottom-large:32px;--awb-spacing-left-large:1.92%;--awb-width-medium:100%;--awb-order-medium:0;--awb-spacing-right-medium:1.92%;--awb-spacing-left-medium:1.92%;--awb-width-small:100%;--awb-order-small:0;--awb-spacing-right-small:1.92%;--awb-spacing-left-small:1.92%;\"><div class=\"fusion-column-wrapper fusion-column-has-shadow fusion-flex-justify-content-flex-start fusion-content-layout-column\"><nav class=\"breadcrumbs white\" aria-label=\"Breadcrumb\"><ol class=\"breadcrumb-list\"><li class=\"breadcrumb-item active\"><a href=\"https:\/\/www.lovink-enertech.com\/de\/\">Home<\/a><\/li><\/ol><\/nav><script type=\"application\/ld+json\">{\"@context\":\"https:\/\/schema.org\",\"@type\":\"BreadcrumbList\",\"itemListElement\":[{\"@type\":\"ListItem\",\"position\":1,\"name\":\"Home\",\"item\":\"https:\/\/www.lovink-enertech.com\/de\/\"}]}<\/script><\/div><\/div><div class=\"fusion-layout-column fusion_builder_column fusion-builder-column-1 fusion_builder_column_1_1 1_1 fusion-flex-column\" style=\"--awb-padding-top:32px;--awb-padding-right:80px;--awb-padding-left:80px;--awb-padding-top-small:24px;--awb-padding-right-small:24px;--awb-padding-left-small:24px;--awb-overflow:hidden;--awb-bg-color:var(--awb-color1);--awb-bg-color-hover:var(--awb-color1);--awb-bg-size:cover;--awb-border-radius:0px 24px 0px 0px;--awb-width-large:100%;--awb-margin-top-large:0px;--awb-spacing-right-large:1.92%;--awb-margin-bottom-large:0px;--awb-spacing-left-large:1.92%;--awb-width-medium:100%;--awb-order-medium:0;--awb-spacing-right-medium:1.92%;--awb-spacing-left-medium:1.92%;--awb-width-small:100%;--awb-order-small:0;--awb-spacing-right-small:1.92%;--awb-spacing-left-small:1.92%;\" data-scroll-devices=\"small-visibility,medium-visibility,large-visibility\"><div class=\"fusion-column-wrapper fusion-column-has-shadow fusion-flex-justify-content-flex-start fusion-content-layout-column\"><div class=\"fusion-title title fusion-title-1 fusion-sep-none fusion-title-text fusion-title-size-one\" style=\"--awb-margin-top-small:0px;--awb-margin-right-small:0px;--awb-margin-bottom-small:16px;--awb-margin-left-small:0px;\"><h1 class=\"fusion-title-heading title-heading-left fusion-responsive-typography-calculated\" style=\"margin:0;--fontSize:30;line-height:1;\">Projekte<\/h1><\/div><div class=\"fusion-text fusion-text-1\" style=\"--awb-margin-top:0px;\"><p>Lassen Sie sich von unseren Projekten in der Praxis inspirieren. Sehen Sie, wie Lovink zu starken und zukunftssicheren Energieinfrastrukturen in einer Vielzahl von Sektoren mit zuverl\u00e4ssigen L\u00f6sungen beitr\u00e4gt.<\/p>\n<\/div><\/div><\/div><\/div><\/div><div class=\"fusion-fullwidth fullwidth-box fusion-builder-row-2 fusion-flex-container has-pattern-background has-mask-background nonhundred-percent-fullwidth non-hundred-percent-height-scrolling\" style=\"--awb-border-radius-top-left:0px;--awb-border-radius-top-right:0px;--awb-border-radius-bottom-right:0px;--awb-border-radius-bottom-left:0px;--awb-flex-wrap:wrap;\" ><div class=\"fusion-builder-row fusion-row fusion-flex-align-items-flex-start fusion-flex-content-wrap\" style=\"max-width:1248px;margin-left: calc(-4% \/ 2 );margin-right: calc(-4% \/ 2 );\"><div class=\"fusion-layout-column fusion_builder_column fusion-builder-column-2 fusion_builder_column_1_1 1_1 fusion-flex-column project-archive-wrapper\" style=\"--awb-bg-size:cover;--awb-width-large:100%;--awb-margin-top-large:0px;--awb-spacing-right-large:1.92%;--awb-margin-bottom-large:32px;--awb-spacing-left-large:1.92%;--awb-width-medium:100%;--awb-order-medium:0;--awb-spacing-right-medium:1.92%;--awb-spacing-left-medium:1.92%;--awb-width-small:100%;--awb-order-small:0;--awb-spacing-right-small:1.92%;--awb-spacing-left-small:1.92%;\" data-scroll-devices=\"small-visibility,medium-visibility,large-visibility\"><div class=\"fusion-column-wrapper fusion-column-has-shadow fusion-flex-justify-content-flex-start fusion-content-layout-column\"><div class=\"shortcode-wrapper\" id=\"shortcode_69dd7ae6b2baf\"><div class=\"posts-wrapper projecten  ajax\"data-template=\"projectArchive\" data-shortcode-id=\"shortcode_69dd7ae6b2baf\"><div class=\"posts-container ajax-wrapper\"><a href=\"https:\/\/www.lovink-enertech.com\/de\/projekte\/einfache-installation-von-lovisil-kabelverbindungen-fuer-glcc-kabel\/\" class=\"single single-projecten\"><div class=\"post-image\"><img decoding=\"async\" src=\"https:\/\/www.lovink-enertech.com\/wp-content\/uploads\/2025\/12\/powersmodule-Atlantic-scaled.webp\" alt=\"powersmodule Atlantic\" title=\"powersmodule Atlantic\" class=\"image\" \/><\/div><div class=\"post-content\"><h3 class=\"title\">Einfache Installation von LoviSil\u00ae-Kabelverbindungen f\u00fcr papierisolierte Kabel (Massekabel)<\/h3><\/div><\/a><a href=\"https:\/\/www.lovink-enertech.com\/de\/projekte\/zuverlaessige-lovisil-kabelverbindungen-fuer-die-energieversorgung-von-westland\/\" class=\"single single-projecten\"><div class=\"post-image\"><img decoding=\"async\" src=\"https:\/\/www.lovink-enertech.com\/wp-content\/uploads\/2025\/12\/Kabelmof-montage-westland.webp\" alt=\"\" title=\"Kabelmof montage westland\" class=\"image\" \/><\/div><div class=\"post-content\"><h3 class=\"title\">Zuverl\u00e4ssige LoviSil\u00ae-Kabelmuffen f\u00fcr die Energieversorgung von Westland<\/h3><\/div><\/a><a href=\"https:\/\/www.lovink-enertech.com\/de\/projekte\/schnelle-lieferung-von-lovisil-gelenken-in-ueberschwemmungsbetroffenen-gebieten\/\" class=\"single single-projecten\"><div class=\"post-image\"><img decoding=\"async\" src=\"https:\/\/www.lovink-enertech.com\/wp-content\/uploads\/2025\/12\/Hoog-water-straat-Nederland.webp\" alt=\"Hoog water straat Nederland\" title=\"Hoog water straat Nederland\" class=\"image\" \/><\/div><div class=\"post-content\"><h3 class=\"title\">Schnelle Lieferung von LoviSil\u00ae-muffen in \u00fcberschwemmungsbetroffenen Gebieten<\/h3><\/div><\/a><a href=\"https:\/\/www.lovink-enertech.com\/de\/projekte\/schnelle-lieferung-von-lovisil-kabelverbindungen-nach-aruba\/\" class=\"single single-projecten\"><div class=\"post-image\"><img decoding=\"async\" src=\"https:\/\/www.lovink-enertech.com\/wp-content\/uploads\/2025\/12\/LoviSil-kabelmoffen-Aruba.webp\" alt=\"LoviSil kabelmoffen Aruba\" title=\"LoviSil kabelmoffen Aruba\" class=\"image\" \/><\/div><div class=\"post-content\"><h3 class=\"title\">Schnelle Lieferung von LoviSil\u00ae-Kabelmuffen nach Aruba<\/h3><\/div><\/a><a href=\"https:\/\/www.lovink-enertech.com\/de\/projekte\/smartere-verzweigung-mit-lovisil-zweigstrecken-joint-loesung-fuer-die-eisenbahninfrastruktur\/\" class=\"single single-projecten\"><div class=\"post-image\"><img decoding=\"async\" src=\"https:\/\/www.lovink-enertech.com\/wp-content\/uploads\/2025\/12\/Lovink-aftakmof-in-railinfra.webp\" alt=\"Lovink aftakmof in railinfra\" title=\"Lovink aftakmof in railinfra\" class=\"image\" \/><\/div><div class=\"post-content\"><h3 class=\"title\">Smartere Verzweigung mit LoviSil\u00ae-Abzweigmuffen-Joint \u2013 L\u00f6sung f\u00fcr die Eisenbahninfrastruktur<\/h3><\/div><\/a><a href=\"https:\/\/www.lovink-enertech.com\/de\/projekte\/lovisil-oelnachfuellhuelsen-verlaengern-die-lebensdauer-der-kabel-in-der-deutschen-raffinerie\/\" class=\"single single-projecten\"><div class=\"post-image\"><img decoding=\"async\" src=\"https:\/\/www.lovink-enertech.com\/wp-content\/uploads\/2025\/12\/LoviSil-Olienavulmof.webp\" alt=\"LoviSil olienavulmof voor levensduurverlenging GPLK middenspanning\" title=\"LoviSil Olienavulmof\" class=\"image\" \/><\/div><div class=\"post-content\"><h3 class=\"title\">LoviSil\u00ae-\u00d6lnachf\u00fcllmuffen verl\u00e4ngern die Lebensdauer der Kabel in der deutschen Raffinerie<\/h3><\/div><\/a><a href=\"https:\/\/www.lovink-enertech.com\/de\/projekte\/erste-erfolgreiche-feldmontage-der-lovix-r-kabelverbindung-in-den-niederlanden\/\" class=\"single single-projecten\"><div class=\"post-image\"><img decoding=\"async\" src=\"https:\/\/www.lovink-enertech.com\/wp-content\/uploads\/2025\/12\/Installatie-LoviX-R-verbindingsmoffen-middenspanning.webp\" alt=\"Installatie LoviX R verbindingsmoffen middenspanning\" title=\"Installatie LoviX R verbindingsmoffen middenspanning\" class=\"image\" \/><\/div><div class=\"post-content\"><h3 class=\"title\">Erste erfolgreiche Feldmontage der LoviX\u00ae R-Kabelmuffe in den Niederlanden<\/h3><\/div><\/a><a href=\"https:\/\/www.lovink-enertech.com\/de\/projekte\/buenos-aires-entscheidet-sich-fuer-die-sicherheit-mit-lovisil-kabelgelenken\/\" class=\"single single-projecten\"><div class=\"post-image\"><img decoding=\"async\" src=\"https:\/\/www.lovink-enertech.com\/wp-content\/uploads\/2025\/12\/Installatie-overgangsmof-Argentinie.webp\" alt=\"Installatie overgangsmof Argentini\u00eb\" title=\"Installatie overgangsmof Argentini\u00eb\" class=\"image\" \/><\/div><div class=\"post-content\"><h3 class=\"title\">Buenos Aires entscheidet sich f\u00fcr die Sicherheit mit LoviSil\u00ae-Kabelmuffen<\/h3><\/div><\/a><a href=\"https:\/\/www.lovink-enertech.com\/de\/projekte\/umruestung-des-windparks-luenegraben-mit-lovisil-einspeisestellen\/\" class=\"single single-projecten\"><div class=\"post-image\"><img decoding=\"async\" src=\"https:\/\/www.lovink-enertech.com\/wp-content\/uploads\/2025\/12\/Installatie-kabbelmoffen-in-zand-2.webp\" alt=\"Installatie kabbelmoffen in zand\" title=\"Installatie kabbelmoffen in zand (2)\" class=\"image\" \/><\/div><div class=\"post-content\"><h3 class=\"title\">Umr\u00fcstung des Windparks L\u00fcnegraben mit LoviSil\u00ae-Einspeisemuffen<\/h3><\/div><\/a><\/div><div class=\"ajax-fetch-wrapper button-wrapper\"><div class=\"ajax-fetch-container\"><div class=\"ajax-fetch button \">Mehr laden<\/div><\/div><\/div><div class=\"ajax-loader-wrapper\" style=\"display:none;\"><div class=\"ajax-loader-container\"><svg xmlns=\"http:\/\/www.w3.org\/2000\/svg\" width=\"168\" height=\"32\" preserveAspectRatio=\"xMidYMid\">\n    <style>\n        g:nth-of-type(1) circle {fill:var(--first, #d9d9d9);}\n        g:nth-of-type(2) circle {fill:var(--second, #b3b3b3);}\n        g:nth-of-type(3) circle {fill:var(--third, #8c8c8c);}\n        g:nth-of-type(4) circle {fill:var(--fourth, #666666);}\n    <\/style>\n\n    <g transform=\"translate(12 12)\">\n        <circle cx=\"0\" cy=\"0\" r=\"12\">\n            <animateTransform attributeName=\"transform\" type=\"scale\" begin=\"-0.520833s\" values=\"0;1;0\" keyTimes=\"0;0.5;1\" dur=\"1.388888s\" repeatCount=\"indefinite\"\/>\n        <\/circle>\n    <\/g>\n    <g transform=\"translate(60 12)\">\n        <circle cx=\"0\" cy=\"0\" r=\"12\">\n            <animateTransform attributeName=\"transform\" type=\"scale\" begin=\"-0.347222s\" values=\"0;1;0\" keyTimes=\"0;0.5;1\" dur=\"1.388888s\" repeatCount=\"indefinite\"\/>\n        <\/circle>\n    <\/g>\n    <g transform=\"translate(108 12)\">\n        <circle cx=\"0\" cy=\"0\" r=\"12\">\n            <animateTransform attributeName=\"transform\" type=\"scale\" begin=\"-0.173611s\" values=\"0;1;0\" keyTimes=\"0;0.5;1\" dur=\"1.388888s\" repeatCount=\"indefinite\"\/>\n        <\/circle>\n    <\/g>\n    <g transform=\"translate(156 12)\">\n        <circle cx=\"0\" cy=\"0\" r=\"12\">\n            <animateTransform attributeName=\"transform\" type=\"scale\" begin=\"0s\" values=\"0;1;0\" keyTimes=\"0;0.5;1\" dur=\"1.388888s\" repeatCount=\"indefinite\"\/>\n        <\/circle>\n    <\/g>\n<\/svg>\n<\/div><\/div><\/div><\/div><\/div><\/div><\/div><\/div><\/p>\n","protected":false},"excerpt":{"rendered":"","protected":false},"author":1,"featured_media":0,"parent":0,"menu_order":0,"comment_status":"closed","ping_status":"closed","template":"100-width.php","meta":{"footnotes":""},"class_list":["post-12150","page","type-page","status-publish","hentry"],"yoast_head":"<!-- This site is optimized with the Yoast SEO plugin v27.3 - https:\/\/yoast.com\/product\/yoast-seo-wordpress\/ -->\n<title>Projekte - Lovink Enertech<\/title>\n<meta name=\"robots\" content=\"index, follow, max-snippet:-1, max-image-preview:large, max-video-preview:-1\" \/>\n<link rel=\"canonical\" href=\"https:\/\/www.lovink-enertech.com\/de\/projekte\/\" \/>\n<meta property=\"og:locale\" content=\"de_DE\" \/>\n<meta property=\"og:type\" content=\"article\" \/>\n<meta property=\"og:title\" content=\"Projekte - Lovink Enertech\" \/>\n<meta property=\"og:url\" content=\"https:\/\/www.lovink-enertech.com\/de\/projekte\/\" \/>\n<meta property=\"og:site_name\" content=\"Lovink Enertech\" \/>\n<meta property=\"article:modified_time\" content=\"2026-02-04T12:32:55+00:00\" \/>\n<meta name=\"twitter:card\" content=\"summary_large_image\" \/>\n<meta name=\"twitter:label1\" content=\"Gesch\u00e4tzte Lesezeit\" \/>\n\t<meta name=\"twitter:data1\" content=\"15\u00a0Minuten\" \/>\n<script type=\"application\/ld+json\" class=\"yoast-schema-graph\">{\"@context\":\"https:\\\/\\\/schema.org\",\"@graph\":[{\"@type\":\"WebPage\",\"@id\":\"https:\\\/\\\/www.lovink-enertech.com\\\/de\\\/projekte\\\/\",\"url\":\"https:\\\/\\\/www.lovink-enertech.com\\\/de\\\/projekte\\\/\",\"name\":\"Projekte - Lovink Enertech\",\"isPartOf\":{\"@id\":\"https:\\\/\\\/www.lovink-enertech.com\\\/de\\\/#website\"},\"datePublished\":\"2026-01-15T10:38:12+00:00\",\"dateModified\":\"2026-02-04T12:32:55+00:00\",\"breadcrumb\":{\"@id\":\"https:\\\/\\\/www.lovink-enertech.com\\\/de\\\/projekte\\\/#breadcrumb\"},\"inLanguage\":\"de\",\"potentialAction\":[{\"@type\":\"ReadAction\",\"target\":[\"https:\\\/\\\/www.lovink-enertech.com\\\/de\\\/projekte\\\/\"]}]},{\"@type\":\"BreadcrumbList\",\"@id\":\"https:\\\/\\\/www.lovink-enertech.com\\\/de\\\/projekte\\\/#breadcrumb\",\"itemListElement\":[{\"@type\":\"ListItem\",\"position\":1,\"name\":\"Home\",\"item\":\"https:\\\/\\\/www.lovink-enertech.com\\\/de\\\/\"},{\"@type\":\"ListItem\",\"position\":2,\"name\":\"Projekte\"}]},{\"@type\":\"WebSite\",\"@id\":\"https:\\\/\\\/www.lovink-enertech.com\\\/de\\\/#website\",\"url\":\"https:\\\/\\\/www.lovink-enertech.com\\\/de\\\/\",\"name\":\"Lovink Enertech\",\"description\":\"Innovatieve producten en strategische productie\",\"potentialAction\":[{\"@type\":\"SearchAction\",\"target\":{\"@type\":\"EntryPoint\",\"urlTemplate\":\"https:\\\/\\\/www.lovink-enertech.com\\\/de\\\/?s={search_term_string}\"},\"query-input\":{\"@type\":\"PropertyValueSpecification\",\"valueRequired\":true,\"valueName\":\"search_term_string\"}}],\"inLanguage\":\"de\"}]}<\/script>\n<!-- \/ Yoast SEO plugin. -->","yoast_head_json":{"title":"Projekte - Lovink Enertech","robots":{"index":"index","follow":"follow","max-snippet":"max-snippet:-1","max-image-preview":"max-image-preview:large","max-video-preview":"max-video-preview:-1"},"canonical":"https:\/\/www.lovink-enertech.com\/de\/projekte\/","og_locale":"de_DE","og_type":"article","og_title":"Projekte - Lovink Enertech","og_url":"https:\/\/www.lovink-enertech.com\/de\/projekte\/","og_site_name":"Lovink Enertech","article_modified_time":"2026-02-04T12:32:55+00:00","twitter_card":"summary_large_image","twitter_misc":{"Gesch\u00e4tzte Lesezeit":"15\u00a0Minuten"},"schema":{"@context":"https:\/\/schema.org","@graph":[{"@type":"WebPage","@id":"https:\/\/www.lovink-enertech.com\/de\/projekte\/","url":"https:\/\/www.lovink-enertech.com\/de\/projekte\/","name":"Projekte - Lovink Enertech","isPartOf":{"@id":"https:\/\/www.lovink-enertech.com\/de\/#website"},"datePublished":"2026-01-15T10:38:12+00:00","dateModified":"2026-02-04T12:32:55+00:00","breadcrumb":{"@id":"https:\/\/www.lovink-enertech.com\/de\/projekte\/#breadcrumb"},"inLanguage":"de","potentialAction":[{"@type":"ReadAction","target":["https:\/\/www.lovink-enertech.com\/de\/projekte\/"]}]},{"@type":"BreadcrumbList","@id":"https:\/\/www.lovink-enertech.com\/de\/projekte\/#breadcrumb","itemListElement":[{"@type":"ListItem","position":1,"name":"Home","item":"https:\/\/www.lovink-enertech.com\/de\/"},{"@type":"ListItem","position":2,"name":"Projekte"}]},{"@type":"WebSite","@id":"https:\/\/www.lovink-enertech.com\/de\/#website","url":"https:\/\/www.lovink-enertech.com\/de\/","name":"Lovink Enertech","description":"Innovatieve producten en strategische productie","potentialAction":[{"@type":"SearchAction","target":{"@type":"EntryPoint","urlTemplate":"https:\/\/www.lovink-enertech.com\/de\/?s={search_term_string}"},"query-input":{"@type":"PropertyValueSpecification","valueRequired":true,"valueName":"search_term_string"}}],"inLanguage":"de"}]}},"_links":{"self":[{"href":"https:\/\/www.lovink-enertech.com\/de\/wp-json\/wp\/v2\/pages\/12150","targetHints":{"allow":["GET"]}}],"collection":[{"href":"https:\/\/www.lovink-enertech.com\/de\/wp-json\/wp\/v2\/pages"}],"about":[{"href":"https:\/\/www.lovink-enertech.com\/de\/wp-json\/wp\/v2\/types\/page"}],"author":[{"embeddable":true,"href":"https:\/\/www.lovink-enertech.com\/de\/wp-json\/wp\/v2\/users\/1"}],"replies":[{"embeddable":true,"href":"https:\/\/www.lovink-enertech.com\/de\/wp-json\/wp\/v2\/comments?post=12150"}],"version-history":[{"count":14,"href":"https:\/\/www.lovink-enertech.com\/de\/wp-json\/wp\/v2\/pages\/12150\/revisions"}],"predecessor-version":[{"id":22442,"href":"https:\/\/www.lovink-enertech.com\/de\/wp-json\/wp\/v2\/pages\/12150\/revisions\/22442"}],"wp:attachment":[{"href":"https:\/\/www.lovink-enertech.com\/de\/wp-json\/wp\/v2\/media?parent=12150"}],"curies":[{"name":"wp","href":"https:\/\/api.w.org\/{rel}","templated":true}]}}