{"id":12152,"date":"2026-01-15T10:38:13","date_gmt":"2026-01-15T10:38:13","guid":{"rendered":"https:\/\/www.lovink-enertech.com\/kollegen-erzaehlen\/"},"modified":"2026-01-15T10:38:15","modified_gmt":"2026-01-15T10:38:15","slug":"kollegen-erzaehlen","status":"publish","type":"page","link":"https:\/\/www.lovink-enertech.com\/de\/kollegen-erzaehlen\/","title":{"rendered":"Kollegen erz\u00e4hlen"},"content":{"rendered":"<div class=\"fusion-fullwidth fullwidth-box fusion-builder-row-1 fusion-flex-container has-pattern-background has-mask-background nonhundred-percent-fullwidth non-hundred-percent-height-scrolling\" style=\"--awb-border-radius-top-left:0px;--awb-border-radius-top-right:0px;--awb-border-radius-bottom-right:0px;--awb-border-radius-bottom-left:0px;--awb-padding-top:0px;--awb-flex-wrap:wrap;\" ><div class=\"fusion-builder-row fusion-row fusion-flex-align-items-flex-start fusion-flex-content-wrap\" style=\"max-width:1248px;margin-left: calc(-4% \/ 2 );margin-right: calc(-4% \/ 2 );\"><div class=\"fusion-layout-column fusion_builder_column fusion-builder-column-0 fusion_builder_column_1_1 1_1 fusion-flex-column\" style=\"--awb-bg-size:cover;--awb-width-large:100%;--awb-margin-top-large:0px;--awb-spacing-right-large:1.92%;--awb-margin-bottom-large:32px;--awb-spacing-left-large:1.92%;--awb-width-medium:100%;--awb-order-medium:0;--awb-spacing-right-medium:1.92%;--awb-spacing-left-medium:1.92%;--awb-width-small:100%;--awb-order-small:0;--awb-spacing-right-small:1.92%;--awb-spacing-left-small:1.92%;\"><div class=\"fusion-column-wrapper fusion-column-has-shadow fusion-flex-justify-content-flex-start fusion-content-layout-column\"><div class=\"fusion-title title fusion-title-1 fusion-sep-none fusion-title-text fusion-title-size-one\" style=\"--awb-margin-top-small:0px;--awb-margin-right-small:0px;--awb-margin-bottom-small:16px;--awb-margin-left-small:0px;\"><h1 class=\"fusion-title-heading title-heading-left fusion-responsive-typography-calculated\" style=\"margin:0;--fontSize:30;line-height:1;\">Energie wird gemeinsam gebildet<\/h1><\/div><div class=\"fusion-text fusion-text-1\"><p>Bei Lovink Enertech glauben wir an die Kraft der Zusammenarbeit; Ihr schafft gemeinsam Energie. Aber was macht die Arbeit bei Lovink so besonders? Erfahren Sie das, indem Sie die Geschichten unserer Kollegen lesen und ein Bild von unserer Verbindung zur Energie bekommen.  <\/p>\n<p>Unser Team umfasst Entwickler, Produktionsmitarbeiter, Spezialisten im Bereich Einkauf und Logistik, Kundenbetreuer und Support-Kollegen in den Bereichen Finanzen, Personalwesen und Kommunikation. Gemeinsam verschieben wir Grenzen, sowohl im w\u00f6rtlichen als auch im \u00fcbertragenen Sinne. Durch st\u00e4ndige Innovation bleiben wir f\u00fchrend und k\u00f6nnen zu Recht als Spezialisten in unserem Markt bezeichnet werden. Aber worauf wir wirklich stolz sind, ist unsere Leidenschaft und Motivation. Bei Lovink Enertech finden Sie ein Team motivierter Menschen, jung und alt, die jeden Tag bestrebt sind, das beste Produkt zu liefern.    <\/p>\n<p>Arbeitszufriedenheit ist f\u00fcr uns von gr\u00f6\u00dfter Bedeutung, und das sp\u00fcrt man in allem, was wir tun. Schlie\u00dfen Sie sich unserem Team an und lassen Sie uns gemeinsam eine Zukunft gestalten, in der Nachhaltigkeit und Fortschritt Hand in Hand gehen.<\/p>\n<\/div><div class=\"shortcode-wrapper\" id=\"shortcode_69d4b7bcc39f5\"><div class=\"posts-wrapper mensen \"data-template=\"memberStories\" data-shortcode-id=\"shortcode_69d4b7bcc39f5\"><div class=\"posts-container\"><a href=\"https:\/\/www.lovink-enertech.com\/de\/menschen\/dennis\/\" class=\"single single-mensen\"><div class=\"post-image\"><img decoding=\"async\" src=\"https:\/\/www.lovink-enertech.com\/wp-content\/uploads\/2023\/06\/Kantoor.jpg\" alt=\"\" title=\"Kantoor\" class=\"image\" \/><\/div><div class=\"post-content\"><h3 class=\"title\">Dennis<\/h3><div class=\"member-info-wrapper\"><span class=\"function\">Exportmanager<\/span><\/div><\/div><\/a><a href=\"https:\/\/www.lovink-enertech.com\/de\/menschen\/johann\/\" class=\"single single-mensen\"><div class=\"post-image\"><img decoding=\"async\" src=\"https:\/\/www.lovink-enertech.com\/wp-content\/uploads\/2018\/09\/Johann-ED.jpg\" alt=\"\" title=\"Johann-E&#038;D\" class=\"image\" \/><\/div><div class=\"post-content\"><h3 class=\"title\">Johann<\/h3><div class=\"member-info-wrapper\"><span class=\"function\">Produktentwicklungsingenieur<\/span><\/div><\/div><\/a><a href=\"https:\/\/www.lovink-enertech.com\/de\/menschen\/aziz\/\" class=\"single single-mensen\"><div class=\"post-image\"><img decoding=\"async\" src=\"https:\/\/www.lovink-enertech.com\/wp-content\/uploads\/2018\/09\/Aziz-Team.jpg\" alt=\"\" title=\"Aziz-Team\" class=\"image\" \/><\/div><div class=\"post-content\"><h3 class=\"title\">Aziz<\/h3><div class=\"member-info-wrapper\"><span class=\"function\">Vorarbeiter-Verpackungslinie<\/span><\/div><\/div><\/a><a href=\"https:\/\/www.lovink-enertech.com\/de\/menschen\/charles\/\" class=\"single single-mensen\"><div class=\"post-image\"><img decoding=\"async\" src=\"https:\/\/www.lovink-enertech.com\/wp-content\/uploads\/2018\/09\/Charles-Menginst.jpg\" alt=\"\" title=\"Charles-Menginst\" class=\"image\" \/><\/div><div class=\"post-content\"><h3 class=\"title\">Charles<\/h3><div class=\"member-info-wrapper\"><span class=\"function\">Produktionsvorarbeiter Harz<\/span><\/div><\/div><\/a><\/div><\/div><\/div><\/div><\/div><\/div><\/div>\n","protected":false},"excerpt":{"rendered":"","protected":false},"author":1,"featured_media":0,"parent":0,"menu_order":0,"comment_status":"closed","ping_status":"closed","template":"","meta":{"footnotes":""},"class_list":["post-12152","page","type-page","status-publish","hentry"],"yoast_head":"<!-- This site is optimized with the Yoast SEO plugin v27.3 - https:\/\/yoast.com\/product\/yoast-seo-wordpress\/ -->\n<title>Kollegen erz\u00e4hlen - Lovink Enertech<\/title>\n<meta name=\"robots\" content=\"index, follow, max-snippet:-1, max-image-preview:large, max-video-preview:-1\" \/>\n<link rel=\"canonical\" href=\"https:\/\/www.lovink-enertech.com\/de\/kollegen-erzaehlen\/\" \/>\n<meta property=\"og:locale\" content=\"de_DE\" \/>\n<meta property=\"og:type\" content=\"article\" \/>\n<meta property=\"og:title\" content=\"Kollegen erz\u00e4hlen - Lovink Enertech\" \/>\n<meta property=\"og:url\" content=\"https:\/\/www.lovink-enertech.com\/de\/kollegen-erzaehlen\/\" \/>\n<meta property=\"og:site_name\" content=\"Lovink Enertech\" \/>\n<meta property=\"article:modified_time\" content=\"2026-01-15T10:38:15+00:00\" \/>\n<meta name=\"twitter:card\" content=\"summary_large_image\" \/>\n<meta name=\"twitter:label1\" content=\"Gesch\u00e4tzte Lesezeit\" \/>\n\t<meta name=\"twitter:data1\" content=\"6\u00a0Minuten\" \/>\n<script type=\"application\/ld+json\" class=\"yoast-schema-graph\">{\"@context\":\"https:\\\/\\\/schema.org\",\"@graph\":[{\"@type\":\"WebPage\",\"@id\":\"https:\\\/\\\/www.lovink-enertech.com\\\/de\\\/kollegen-erzaehlen\\\/\",\"url\":\"https:\\\/\\\/www.lovink-enertech.com\\\/de\\\/kollegen-erzaehlen\\\/\",\"name\":\"Kollegen erz\u00e4hlen - Lovink Enertech\",\"isPartOf\":{\"@id\":\"https:\\\/\\\/www.lovink-enertech.com\\\/de\\\/#website\"},\"datePublished\":\"2026-01-15T10:38:13+00:00\",\"dateModified\":\"2026-01-15T10:38:15+00:00\",\"breadcrumb\":{\"@id\":\"https:\\\/\\\/www.lovink-enertech.com\\\/de\\\/kollegen-erzaehlen\\\/#breadcrumb\"},\"inLanguage\":\"de\",\"potentialAction\":[{\"@type\":\"ReadAction\",\"target\":[\"https:\\\/\\\/www.lovink-enertech.com\\\/de\\\/kollegen-erzaehlen\\\/\"]}]},{\"@type\":\"BreadcrumbList\",\"@id\":\"https:\\\/\\\/www.lovink-enertech.com\\\/de\\\/kollegen-erzaehlen\\\/#breadcrumb\",\"itemListElement\":[{\"@type\":\"ListItem\",\"position\":1,\"name\":\"Home\",\"item\":\"https:\\\/\\\/www.lovink-enertech.com\\\/de\\\/\"},{\"@type\":\"ListItem\",\"position\":2,\"name\":\"Kollegen erz\u00e4hlen\"}]},{\"@type\":\"WebSite\",\"@id\":\"https:\\\/\\\/www.lovink-enertech.com\\\/de\\\/#website\",\"url\":\"https:\\\/\\\/www.lovink-enertech.com\\\/de\\\/\",\"name\":\"Lovink Enertech\",\"description\":\"Innovatieve producten en strategische productie\",\"potentialAction\":[{\"@type\":\"SearchAction\",\"target\":{\"@type\":\"EntryPoint\",\"urlTemplate\":\"https:\\\/\\\/www.lovink-enertech.com\\\/de\\\/?s={search_term_string}\"},\"query-input\":{\"@type\":\"PropertyValueSpecification\",\"valueRequired\":true,\"valueName\":\"search_term_string\"}}],\"inLanguage\":\"de\"}]}<\/script>\n<!-- \/ Yoast SEO plugin. -->","yoast_head_json":{"title":"Kollegen erz\u00e4hlen - Lovink Enertech","robots":{"index":"index","follow":"follow","max-snippet":"max-snippet:-1","max-image-preview":"max-image-preview:large","max-video-preview":"max-video-preview:-1"},"canonical":"https:\/\/www.lovink-enertech.com\/de\/kollegen-erzaehlen\/","og_locale":"de_DE","og_type":"article","og_title":"Kollegen erz\u00e4hlen - Lovink Enertech","og_url":"https:\/\/www.lovink-enertech.com\/de\/kollegen-erzaehlen\/","og_site_name":"Lovink Enertech","article_modified_time":"2026-01-15T10:38:15+00:00","twitter_card":"summary_large_image","twitter_misc":{"Gesch\u00e4tzte Lesezeit":"6\u00a0Minuten"},"schema":{"@context":"https:\/\/schema.org","@graph":[{"@type":"WebPage","@id":"https:\/\/www.lovink-enertech.com\/de\/kollegen-erzaehlen\/","url":"https:\/\/www.lovink-enertech.com\/de\/kollegen-erzaehlen\/","name":"Kollegen erz\u00e4hlen - Lovink Enertech","isPartOf":{"@id":"https:\/\/www.lovink-enertech.com\/de\/#website"},"datePublished":"2026-01-15T10:38:13+00:00","dateModified":"2026-01-15T10:38:15+00:00","breadcrumb":{"@id":"https:\/\/www.lovink-enertech.com\/de\/kollegen-erzaehlen\/#breadcrumb"},"inLanguage":"de","potentialAction":[{"@type":"ReadAction","target":["https:\/\/www.lovink-enertech.com\/de\/kollegen-erzaehlen\/"]}]},{"@type":"BreadcrumbList","@id":"https:\/\/www.lovink-enertech.com\/de\/kollegen-erzaehlen\/#breadcrumb","itemListElement":[{"@type":"ListItem","position":1,"name":"Home","item":"https:\/\/www.lovink-enertech.com\/de\/"},{"@type":"ListItem","position":2,"name":"Kollegen erz\u00e4hlen"}]},{"@type":"WebSite","@id":"https:\/\/www.lovink-enertech.com\/de\/#website","url":"https:\/\/www.lovink-enertech.com\/de\/","name":"Lovink Enertech","description":"Innovatieve producten en strategische productie","potentialAction":[{"@type":"SearchAction","target":{"@type":"EntryPoint","urlTemplate":"https:\/\/www.lovink-enertech.com\/de\/?s={search_term_string}"},"query-input":{"@type":"PropertyValueSpecification","valueRequired":true,"valueName":"search_term_string"}}],"inLanguage":"de"}]}},"_links":{"self":[{"href":"https:\/\/www.lovink-enertech.com\/de\/wp-json\/wp\/v2\/pages\/12152","targetHints":{"allow":["GET"]}}],"collection":[{"href":"https:\/\/www.lovink-enertech.com\/de\/wp-json\/wp\/v2\/pages"}],"about":[{"href":"https:\/\/www.lovink-enertech.com\/de\/wp-json\/wp\/v2\/types\/page"}],"author":[{"embeddable":true,"href":"https:\/\/www.lovink-enertech.com\/de\/wp-json\/wp\/v2\/users\/1"}],"replies":[{"embeddable":true,"href":"https:\/\/www.lovink-enertech.com\/de\/wp-json\/wp\/v2\/comments?post=12152"}],"version-history":[{"count":6,"href":"https:\/\/www.lovink-enertech.com\/de\/wp-json\/wp\/v2\/pages\/12152\/revisions"}],"predecessor-version":[{"id":12183,"href":"https:\/\/www.lovink-enertech.com\/de\/wp-json\/wp\/v2\/pages\/12152\/revisions\/12183"}],"wp:attachment":[{"href":"https:\/\/www.lovink-enertech.com\/de\/wp-json\/wp\/v2\/media?parent=12152"}],"curies":[{"name":"wp","href":"https:\/\/api.w.org\/{rel}","templated":true}]}}