{"id":12207,"date":"2026-01-15T10:38:21","date_gmt":"2026-01-15T10:38:21","guid":{"rendered":"https:\/\/www.lovink-enertech.com\/over-ons-2\/"},"modified":"2026-02-26T12:36:35","modified_gmt":"2026-02-26T12:36:35","slug":"ueber-uns","status":"publish","type":"page","link":"https:\/\/www.lovink-enertech.com\/de\/arbeit-bei\/ueber-uns\/","title":{"rendered":"\u00dcber uns"},"content":{"rendered":"<div class=\"fusion-fullwidth fullwidth-box fusion-builder-row-1 fusion-flex-container has-pattern-background has-mask-background nonhundred-percent-fullwidth non-hundred-percent-height-scrolling\" style=\"--awb-border-radius-top-left:0px;--awb-border-radius-top-right:0px;--awb-border-radius-bottom-right:0px;--awb-border-radius-bottom-left:0px;--awb-padding-top:0px;--awb-flex-wrap:wrap;\" ><div class=\"fusion-builder-row fusion-row fusion-flex-align-items-flex-start fusion-flex-content-wrap\" style=\"max-width:1248px;margin-left: calc(-4% \/ 2 );margin-right: calc(-4% \/ 2 );\"><div class=\"fusion-layout-column fusion_builder_column fusion-builder-column-0 fusion_builder_column_2_3 2_3 fusion-flex-column\" style=\"--awb-bg-size:cover;--awb-width-large:66.666666666667%;--awb-margin-top-large:0px;--awb-spacing-right-large:3.84%;--awb-margin-bottom-large:0px;--awb-spacing-left-large:2.88%;--awb-width-medium:66.666666666667%;--awb-spacing-right-medium:3.84%;--awb-spacing-left-medium:2.88%;--awb-width-small:100%;--awb-spacing-right-small:1.92%;--awb-spacing-left-small:1.92%;\"><div class=\"fusion-column-wrapper fusion-flex-justify-content-flex-start fusion-content-layout-column\"><div class=\"fusion-text fusion-text-1\"><p><strong>Wir lassen uns von der massiven Energiewende nicht t\u00e4uschen, sondern sind vielmehr begeistert von den Herausforderungen, die die nachhaltige Welt von uns stellt. Wir nehmen die neue Welt mit Leidenschaft und Entschlossenheit an. Wir bleiben unserer \u00fcber hundertj\u00e4hrigen Mission treu: zuverl\u00e4ssige Produkte anzubieten, die der Zeit bestehen und die Extrameile gehen. Die Welt verlangt ein gr\u00fcneres und intelligenteres Stromnetz, und wir bewegen uns mit ihm. <\/strong><\/p>\n<p>Im Zentrum unseres Unternehmens stehen nicht nur Maschinen, sondern auch unsere Grundwerte: Hingabe, Handwerkskunst, Bedeutung und Ehrgeiz. Gemeinsam bilden sie die Grundlage unserer Unternehmenskultur, in der Zusammenarbeit, Kundenorientierung und exzellente Leistung von gr\u00f6\u00dfter Bedeutung sind. Das gibt uns Energie!<\/p>\n<p>Unsere Kunden, von Energieunternehmen bis hin zu Industriepartnern, stehen vor der enormen Aufgabe, das Stromnetz zu erweitern, zu st\u00e4rken und gleichzeitig nachhaltiger zu machen. Unsere Produkte sind dabei unverzichtbare Bindeleien, mit Blick auf die Zukunft und mit Fokus auf Nachhaltigkeit und Zuverl\u00e4ssigkeit. Wir gehen \u00fcber das blo\u00dfe Liefern hinaus; Wir denken mit, innovieren und stehen Seite an Seite mit unseren Kunden vor Ort. Wir wollen unsere Kunden verstehen und in unseren Dienstleistungen weit gehen.<\/p>\n<p>Der Energiesektor setzt sich f\u00fcr Nachhaltigkeit ein, und wir auch. Wir f\u00fchlen uns verantwortlich f\u00fcr unsere Auswirkungen auf Menschen und Umwelt. Gemeinsam sind wir der Gesellschaft verpflichtet und streben nach einer nachhaltigen Zukunft f\u00fcr alle. Schlie\u00dfen Sie sich unserem Team an und lassen Sie uns gemeinsam eine Zukunft gestalten, in der Nachhaltigkeit und Fortschritt Hand in Hand gehen.<\/p>\n<\/div><\/div><\/div><div class=\"fusion-layout-column fusion_builder_column fusion-builder-column-1 fusion_builder_column_1_3 1_3 fusion-flex-column\" style=\"--awb-bg-size:cover;--awb-width-large:33.333333333333%;--awb-margin-top-large:0px;--awb-spacing-right-large:5.76%;--awb-margin-bottom-large:0px;--awb-spacing-left-large:3.84%;--awb-width-medium:33.333333333333%;--awb-spacing-right-medium:5.76%;--awb-spacing-left-medium:3.84%;--awb-width-small:100%;--awb-spacing-right-small:1.92%;--awb-spacing-left-small:1.92%;\"><div class=\"fusion-column-wrapper fusion-flex-justify-content-flex-start fusion-content-layout-column\"><div class=\"fusion-image-element \" style=\"--awb-caption-title-font-family:var(--h2_typography-font-family);--awb-caption-title-font-weight:var(--h2_typography-font-weight);--awb-caption-title-font-style:var(--h2_typography-font-style);--awb-caption-title-size:var(--h2_typography-font-size);--awb-caption-title-transform:var(--h2_typography-text-transform);--awb-caption-title-line-height:var(--h2_typography-line-height);--awb-caption-title-letter-spacing:var(--h2_typography-letter-spacing);\"><span class=\" fusion-imageframe imageframe-none imageframe-1 hover-type-none\"><img decoding=\"async\" width=\"300\" height=\"204\" title=\"Kantoor\" src=\"https:\/\/www.lovink-enertech.com\/wp-content\/uploads\/2023\/06\/Kantoor-300x204.jpg\" alt class=\"img-responsive wp-image-4142\" srcset=\"https:\/\/www.lovink-enertech.com\/wp-content\/uploads\/2023\/06\/Kantoor-200x136.jpg 200w, https:\/\/www.lovink-enertech.com\/wp-content\/uploads\/2023\/06\/Kantoor-400x272.jpg 400w, https:\/\/www.lovink-enertech.com\/wp-content\/uploads\/2023\/06\/Kantoor-600x409.jpg 600w, https:\/\/www.lovink-enertech.com\/wp-content\/uploads\/2023\/06\/Kantoor-800x545.jpg 800w, https:\/\/www.lovink-enertech.com\/wp-content\/uploads\/2023\/06\/Kantoor-1200x817.jpg 1200w, https:\/\/www.lovink-enertech.com\/wp-content\/uploads\/2023\/06\/Kantoor.jpg 1392w\" sizes=\"(max-width: 800px) 100vw, 400px\" \/><\/span><\/div><div class=\"fusion-separator fusion-full-width-sep\" style=\"align-self: center;margin-left: auto;margin-right: auto;margin-bottom:32px;width:100%;\"><\/div><div class=\"fusion-image-element \" style=\"--awb-caption-title-font-family:var(--h2_typography-font-family);--awb-caption-title-font-weight:var(--h2_typography-font-weight);--awb-caption-title-font-style:var(--h2_typography-font-style);--awb-caption-title-size:var(--h2_typography-font-size);--awb-caption-title-transform:var(--h2_typography-text-transform);--awb-caption-title-line-height:var(--h2_typography-line-height);--awb-caption-title-letter-spacing:var(--h2_typography-letter-spacing);\"><span class=\" fusion-imageframe imageframe-none imageframe-2 hover-type-none\"><img decoding=\"async\" width=\"300\" height=\"200\" title=\"Heftruck\" src=\"https:\/\/www.lovink-enertech.com\/wp-content\/uploads\/2023\/06\/Heftruck-300x200.jpg\" alt class=\"img-responsive wp-image-4134\" srcset=\"https:\/\/www.lovink-enertech.com\/wp-content\/uploads\/2023\/06\/Heftruck-200x134.jpg 200w, https:\/\/www.lovink-enertech.com\/wp-content\/uploads\/2023\/06\/Heftruck-400x267.jpg 400w, https:\/\/www.lovink-enertech.com\/wp-content\/uploads\/2023\/06\/Heftruck-600x401.jpg 600w, https:\/\/www.lovink-enertech.com\/wp-content\/uploads\/2023\/06\/Heftruck-800x534.jpg 800w, https:\/\/www.lovink-enertech.com\/wp-content\/uploads\/2023\/06\/Heftruck-1200x801.jpg 1200w, https:\/\/www.lovink-enertech.com\/wp-content\/uploads\/2023\/06\/Heftruck.jpg 1472w\" sizes=\"(max-width: 800px) 100vw, 400px\" \/><\/span><\/div><div class=\"fusion-separator fusion-full-width-sep\" style=\"align-self: center;margin-left: auto;margin-right: auto;margin-bottom:32px;width:100%;\"><\/div><div class=\"fusion-image-element \" style=\"--awb-caption-title-font-family:var(--h2_typography-font-family);--awb-caption-title-font-weight:var(--h2_typography-font-weight);--awb-caption-title-font-style:var(--h2_typography-font-style);--awb-caption-title-size:var(--h2_typography-font-size);--awb-caption-title-transform:var(--h2_typography-text-transform);--awb-caption-title-line-height:var(--h2_typography-line-height);--awb-caption-title-letter-spacing:var(--h2_typography-letter-spacing);\"><span class=\" fusion-imageframe imageframe-none imageframe-3 hover-type-none\"><img decoding=\"async\" width=\"300\" height=\"193\" title=\"Kantine\" src=\"https:\/\/www.lovink-enertech.com\/wp-content\/uploads\/2023\/06\/Kantine-300x193.jpg\" alt class=\"img-responsive wp-image-4138\" srcset=\"https:\/\/www.lovink-enertech.com\/wp-content\/uploads\/2023\/06\/Kantine-200x129.jpg 200w, https:\/\/www.lovink-enertech.com\/wp-content\/uploads\/2023\/06\/Kantine-400x257.jpg 400w, https:\/\/www.lovink-enertech.com\/wp-content\/uploads\/2023\/06\/Kantine-600x386.jpg 600w, https:\/\/www.lovink-enertech.com\/wp-content\/uploads\/2023\/06\/Kantine-800x515.jpg 800w, https:\/\/www.lovink-enertech.com\/wp-content\/uploads\/2023\/06\/Kantine-1200x772.jpg 1200w, https:\/\/www.lovink-enertech.com\/wp-content\/uploads\/2023\/06\/Kantine.jpg 1242w\" sizes=\"(max-width: 800px) 100vw, 400px\" \/><\/span><\/div><\/div><\/div><\/div><\/div>\n","protected":false},"excerpt":{"rendered":"","protected":false},"author":1,"featured_media":0,"parent":12237,"menu_order":0,"comment_status":"closed","ping_status":"closed","template":"","meta":{"footnotes":""},"class_list":["post-12207","page","type-page","status-publish","hentry"],"yoast_head":"<!-- This site is optimized with the Yoast SEO plugin v27.3 - https:\/\/yoast.com\/product\/yoast-seo-wordpress\/ -->\n<title>\u00dcber uns - Arbeit bei - Lovink Enertech<\/title>\n<meta name=\"robots\" content=\"index, follow, max-snippet:-1, max-image-preview:large, max-video-preview:-1\" \/>\n<link rel=\"canonical\" href=\"https:\/\/www.lovink-enertech.com\/de\/arbeit-bei\/ueber-uns\/\" \/>\n<meta property=\"og:locale\" content=\"de_DE\" \/>\n<meta property=\"og:type\" content=\"article\" \/>\n<meta property=\"og:title\" content=\"\u00dcber uns - Arbeit bei - Lovink Enertech\" \/>\n<meta property=\"og:url\" content=\"https:\/\/www.lovink-enertech.com\/de\/arbeit-bei\/ueber-uns\/\" \/>\n<meta property=\"og:site_name\" content=\"Lovink Enertech\" \/>\n<meta property=\"article:modified_time\" content=\"2026-02-26T12:36:35+00:00\" \/>\n<meta name=\"twitter:card\" content=\"summary_large_image\" \/>\n<meta name=\"twitter:label1\" content=\"Gesch\u00e4tzte Lesezeit\" \/>\n\t<meta name=\"twitter:data1\" content=\"2\u00a0Minuten\" \/>\n<script type=\"application\/ld+json\" class=\"yoast-schema-graph\">{\"@context\":\"https:\\\/\\\/schema.org\",\"@graph\":[{\"@type\":\"WebPage\",\"@id\":\"https:\\\/\\\/www.lovink-enertech.com\\\/de\\\/arbeit-bei\\\/ueber-uns\\\/\",\"url\":\"https:\\\/\\\/www.lovink-enertech.com\\\/de\\\/arbeit-bei\\\/ueber-uns\\\/\",\"name\":\"\u00dcber uns - Arbeit bei - Lovink Enertech\",\"isPartOf\":{\"@id\":\"https:\\\/\\\/www.lovink-enertech.com\\\/de\\\/#website\"},\"datePublished\":\"2026-01-15T10:38:21+00:00\",\"dateModified\":\"2026-02-26T12:36:35+00:00\",\"breadcrumb\":{\"@id\":\"https:\\\/\\\/www.lovink-enertech.com\\\/de\\\/arbeit-bei\\\/ueber-uns\\\/#breadcrumb\"},\"inLanguage\":\"de\",\"potentialAction\":[{\"@type\":\"ReadAction\",\"target\":[\"https:\\\/\\\/www.lovink-enertech.com\\\/de\\\/arbeit-bei\\\/ueber-uns\\\/\"]}]},{\"@type\":\"BreadcrumbList\",\"@id\":\"https:\\\/\\\/www.lovink-enertech.com\\\/de\\\/arbeit-bei\\\/ueber-uns\\\/#breadcrumb\",\"itemListElement\":[{\"@type\":\"ListItem\",\"position\":1,\"name\":\"Home\",\"item\":\"https:\\\/\\\/www.lovink-enertech.com\\\/de\\\/\"},{\"@type\":\"ListItem\",\"position\":2,\"name\":\"Arbeit bei\",\"item\":\"https:\\\/\\\/www.lovink-enertech.com\\\/de\\\/arbeit-bei\\\/\"},{\"@type\":\"ListItem\",\"position\":3,\"name\":\"\u00dcber uns\"}]},{\"@type\":\"WebSite\",\"@id\":\"https:\\\/\\\/www.lovink-enertech.com\\\/de\\\/#website\",\"url\":\"https:\\\/\\\/www.lovink-enertech.com\\\/de\\\/\",\"name\":\"Lovink Enertech\",\"description\":\"Innovatieve producten en strategische productie\",\"potentialAction\":[{\"@type\":\"SearchAction\",\"target\":{\"@type\":\"EntryPoint\",\"urlTemplate\":\"https:\\\/\\\/www.lovink-enertech.com\\\/de\\\/?s={search_term_string}\"},\"query-input\":{\"@type\":\"PropertyValueSpecification\",\"valueRequired\":true,\"valueName\":\"search_term_string\"}}],\"inLanguage\":\"de\"}]}<\/script>\n<!-- \/ Yoast SEO plugin. -->","yoast_head_json":{"title":"\u00dcber uns - Arbeit bei - Lovink Enertech","robots":{"index":"index","follow":"follow","max-snippet":"max-snippet:-1","max-image-preview":"max-image-preview:large","max-video-preview":"max-video-preview:-1"},"canonical":"https:\/\/www.lovink-enertech.com\/de\/arbeit-bei\/ueber-uns\/","og_locale":"de_DE","og_type":"article","og_title":"\u00dcber uns - Arbeit bei - Lovink Enertech","og_url":"https:\/\/www.lovink-enertech.com\/de\/arbeit-bei\/ueber-uns\/","og_site_name":"Lovink Enertech","article_modified_time":"2026-02-26T12:36:35+00:00","twitter_card":"summary_large_image","twitter_misc":{"Gesch\u00e4tzte Lesezeit":"2\u00a0Minuten"},"schema":{"@context":"https:\/\/schema.org","@graph":[{"@type":"WebPage","@id":"https:\/\/www.lovink-enertech.com\/de\/arbeit-bei\/ueber-uns\/","url":"https:\/\/www.lovink-enertech.com\/de\/arbeit-bei\/ueber-uns\/","name":"\u00dcber uns - Arbeit bei - Lovink Enertech","isPartOf":{"@id":"https:\/\/www.lovink-enertech.com\/de\/#website"},"datePublished":"2026-01-15T10:38:21+00:00","dateModified":"2026-02-26T12:36:35+00:00","breadcrumb":{"@id":"https:\/\/www.lovink-enertech.com\/de\/arbeit-bei\/ueber-uns\/#breadcrumb"},"inLanguage":"de","potentialAction":[{"@type":"ReadAction","target":["https:\/\/www.lovink-enertech.com\/de\/arbeit-bei\/ueber-uns\/"]}]},{"@type":"BreadcrumbList","@id":"https:\/\/www.lovink-enertech.com\/de\/arbeit-bei\/ueber-uns\/#breadcrumb","itemListElement":[{"@type":"ListItem","position":1,"name":"Home","item":"https:\/\/www.lovink-enertech.com\/de\/"},{"@type":"ListItem","position":2,"name":"Arbeit bei","item":"https:\/\/www.lovink-enertech.com\/de\/arbeit-bei\/"},{"@type":"ListItem","position":3,"name":"\u00dcber uns"}]},{"@type":"WebSite","@id":"https:\/\/www.lovink-enertech.com\/de\/#website","url":"https:\/\/www.lovink-enertech.com\/de\/","name":"Lovink Enertech","description":"Innovatieve producten en strategische productie","potentialAction":[{"@type":"SearchAction","target":{"@type":"EntryPoint","urlTemplate":"https:\/\/www.lovink-enertech.com\/de\/?s={search_term_string}"},"query-input":{"@type":"PropertyValueSpecification","valueRequired":true,"valueName":"search_term_string"}}],"inLanguage":"de"}]}},"_links":{"self":[{"href":"https:\/\/www.lovink-enertech.com\/de\/wp-json\/wp\/v2\/pages\/12207","targetHints":{"allow":["GET"]}}],"collection":[{"href":"https:\/\/www.lovink-enertech.com\/de\/wp-json\/wp\/v2\/pages"}],"about":[{"href":"https:\/\/www.lovink-enertech.com\/de\/wp-json\/wp\/v2\/types\/page"}],"author":[{"embeddable":true,"href":"https:\/\/www.lovink-enertech.com\/de\/wp-json\/wp\/v2\/users\/1"}],"replies":[{"embeddable":true,"href":"https:\/\/www.lovink-enertech.com\/de\/wp-json\/wp\/v2\/comments?post=12207"}],"version-history":[{"count":15,"href":"https:\/\/www.lovink-enertech.com\/de\/wp-json\/wp\/v2\/pages\/12207\/revisions"}],"predecessor-version":[{"id":22856,"href":"https:\/\/www.lovink-enertech.com\/de\/wp-json\/wp\/v2\/pages\/12207\/revisions\/22856"}],"up":[{"embeddable":true,"href":"https:\/\/www.lovink-enertech.com\/de\/wp-json\/wp\/v2\/pages\/12237"}],"wp:attachment":[{"href":"https:\/\/www.lovink-enertech.com\/de\/wp-json\/wp\/v2\/media?parent=12207"}],"curies":[{"name":"wp","href":"https:\/\/api.w.org\/{rel}","templated":true}]}}