{"id":12280,"date":"2026-01-15T10:38:29","date_gmt":"2026-01-15T10:38:29","guid":{"rendered":"https:\/\/www.lovink-enertech.com\/over-ons\/lovink-technologien\/"},"modified":"2026-02-24T13:34:08","modified_gmt":"2026-02-24T13:34:08","slug":"lovink-technologien","status":"publish","type":"page","link":"https:\/\/www.lovink-enertech.com\/de\/ueber-uns\/lovink-technologien\/","title":{"rendered":"Lovink-Technologien"},"content":{"rendered":"<div class=\"fusion-fullwidth fullwidth-box fusion-builder-row-1 fusion-flex-container has-pattern-background has-mask-background nonhundred-percent-fullwidth non-hundred-percent-height-scrolling\" style=\"--awb-border-radius-top-left:0px;--awb-border-radius-top-right:0px;--awb-border-radius-bottom-right:0px;--awb-border-radius-bottom-left:0px;--awb-padding-top:0px;--awb-flex-wrap:wrap;\" ><div class=\"fusion-builder-row fusion-row fusion-flex-align-items-flex-start fusion-flex-content-wrap\" style=\"max-width:1248px;margin-left: calc(-4% \/ 2 );margin-right: calc(-4% \/ 2 );\"><div class=\"fusion-layout-column fusion_builder_column fusion-builder-column-0 fusion_builder_column_2_3 2_3 fusion-flex-column\" style=\"--awb-bg-size:cover;--awb-width-large:66.666666666667%;--awb-margin-top-large:0px;--awb-spacing-right-large:3.84%;--awb-margin-bottom-large:0px;--awb-spacing-left-large:2.88%;--awb-width-medium:66.666666666667%;--awb-spacing-right-medium:3.84%;--awb-spacing-left-medium:2.88%;--awb-width-small:100%;--awb-spacing-right-small:1.92%;--awb-spacing-left-small:1.92%;\"><div class=\"fusion-column-wrapper fusion-flex-justify-content-flex-start fusion-content-layout-column\"><div class=\"fusion-title title fusion-title-1 fusion-sep-none fusion-title-text fusion-title-size-one\" style=\"--awb-margin-top-small:0px;--awb-margin-right-small:0px;--awb-margin-bottom-small:16px;--awb-margin-left-small:0px;\"><h1 class=\"fusion-title-heading title-heading-left fusion-responsive-typography-calculated\" style=\"margin:0;--fontSize:30;line-height:1;\"><div>Unsere Technologien f\u00fcr zuverl\u00e4ssige Kabelmuffen<\/div><\/h1><\/div><div class=\"fusion-text fusion-text-1\"><p>Die Energiewelt steht vor gro\u00dfen Herausforderungen: Stromnetz\u00fcberlastung, komplexe Netzsituationen und extreme Bodenverh\u00e4ltnisse wie hohe Grundwasserst\u00e4nde oder anhaltende D\u00fcrre. Unsere Kabelmuffen funktionieren unter allen Bedingungen und helfen Netzbetreibern, dem Bereich der erneuerbaren Energien und Industrien, stabile, sichere und zukunftssichere Energienetze zu erreichen. Wo Standardprodukte nicht ausreichen, bieten wir spezialisierte L\u00f6sungen an.<\/p>\n<div>\n<p>Mit umfassender Expertise in Elektro-, Chemie- und Maschinenbau kombinieren wir Wissen und Innovation, um Kabelmuffe zu entwickeln, die auch unter den anspruchsvollsten Bedingungen zuverl\u00e4ssig sind. Unsere Vision von Qualit\u00e4t und Innovation spiegelt sich in zwei Kerntechnologien wider: <strong>LoviSil\u00ae<\/strong> und <strong>LoviX\u00ae<\/strong>.<\/p>\n<p><strong>LoviSil\u00ae<\/strong>\u00a0verwendet fl\u00fcssige Silikonisolierung. Diese Technologie minimiert Lufteinschl\u00fcsse, verhindert Teilentladungen und bietet langanhaltenden Schutz auch in feuchten oder kontaminierten B\u00f6den. LoviSil\u00ae hat sich als zuverl\u00e4ssig in modernen Energieverteinetzen die u.a. mit hohen Lasten und harmonischen Oberwellen behaftet sind, erwiesen.<\/p>\n<p><strong>LoviX\u00ae<\/strong> steht f\u00fcr Robustheit und Einfachheit. Dank der Kaltschrumpftechnologie und einem starken Geh\u00e4use, das mit Protolinharz\u00ae gef\u00fcllt ist, bietet diese Technologie eine starke, wasserdichte L\u00f6sung.<\/p>\n<p>Mit LoviSil\u00ae und LoviX\u00ae liefern wir L\u00f6sungen, die heute und in Zukunft Sicherheit bieten.<\/p>\n<\/div>\n<\/div><\/div><\/div><div class=\"fusion-layout-column fusion_builder_column fusion-builder-column-1 fusion_builder_column_1_3 1_3 fusion-flex-column\" style=\"--awb-bg-size:cover;--awb-width-large:33.333333333333%;--awb-margin-top-large:0px;--awb-spacing-right-large:5.76%;--awb-margin-bottom-large:0px;--awb-spacing-left-large:3.84%;--awb-width-medium:33.333333333333%;--awb-spacing-right-medium:5.76%;--awb-spacing-left-medium:3.84%;--awb-width-small:100%;--awb-spacing-right-small:1.92%;--awb-spacing-left-small:1.92%;\"><div class=\"fusion-column-wrapper fusion-flex-justify-content-flex-start fusion-content-layout-column\"><div class=\"fusion-builder-row fusion-builder-row-inner fusion-row fusion-flex-align-items-flex-start fusion-flex-content-wrap\" style=\"--awb-flex-grow:0;--awb-flex-grow-medium:0;--awb-flex-grow-small:0;--awb-flex-shrink:0;--awb-flex-shrink-medium:0;--awb-flex-shrink-small:0;width:104% !important;max-width:104% !important;margin-left: calc(-4% \/ 2 );margin-right: calc(-4% \/ 2 );\"><div class=\"fusion-layout-column fusion_builder_column_inner fusion-builder-nested-column-0 fusion_builder_column_inner_1_1 1_1 fusion-flex-column fusion-column-inner-bg-wrapper custom-page-link\" style=\"--awb-padding-top:175px;--awb-padding-bottom:25px;--awb-inner-bg-image:url(&#039;https:\/\/www.lovink-enertech.com\/wp-content\/uploads\/2025\/12\/LoviSil-M-Overgangsmof-12-24-kV.webp&#039;);--awb-inner-bg-position:center center;--awb-inner-bg-size:cover;--awb-width-large:100%;--awb-margin-top-large:0px;--awb-spacing-right-large:1.92%;--awb-margin-bottom-large:32px;--awb-spacing-left-large:1.92%;--awb-width-medium:100%;--awb-order-medium:0;--awb-spacing-right-medium:1.92%;--awb-spacing-left-medium:1.92%;--awb-width-small:100%;--awb-order-small:0;--awb-spacing-right-small:1.92%;--awb-spacing-left-small:1.92%;\" data-scroll-devices=\"small-visibility,medium-visibility,large-visibility\"><span class=\"fusion-column-inner-bg hover-type-none\"><a class=\"fusion-column-anchor\" href=\"https:\/\/www.lovink-enertech.com\/de\/lovisil-technologie\/\"><span class=\"fusion-column-inner-bg-image\"><\/span><\/a><\/span><div class=\"fusion-column-wrapper fusion-column-has-shadow fusion-flex-justify-content-flex-start fusion-content-layout-column fusion-column-has-bg-image\" data-bg-url=\"https:\/\/www.lovink-enertech.com\/wp-content\/uploads\/2025\/12\/LoviSil-M-Overgangsmof-12-24-kV.webp\"><div ><a class=\"fusion-button button-flat fusion-button-default-size button-default fusion-button-default button-1 fusion-button-default-span fusion-button-default-type custom-page-link-button-2\" target=\"_self\" href=\"https:\/\/www.lovink-enertech.com\/de\/lovisil-technologie\/\"><span class=\"fusion-button-text awb-button__text awb-button__text--default\">LoviSil-Technologie\u00ae<\/span><\/a><\/div><\/div><\/div><\/div><div class=\"fusion-separator fusion-full-width-sep\" style=\"align-self: center;margin-left: auto;margin-right: auto;margin-top:25px;width:100%;\"><\/div><div class=\"fusion-builder-row fusion-builder-row-inner fusion-row fusion-flex-align-items-flex-start fusion-flex-content-wrap\" style=\"--awb-flex-grow:0;--awb-flex-grow-medium:0;--awb-flex-grow-small:0;--awb-flex-shrink:0;--awb-flex-shrink-medium:0;--awb-flex-shrink-small:0;width:104% !important;max-width:104% !important;margin-left: calc(-4% \/ 2 );margin-right: calc(-4% \/ 2 );\"><div class=\"fusion-layout-column fusion_builder_column_inner fusion-builder-nested-column-1 fusion_builder_column_inner_1_1 1_1 fusion-flex-column fusion-column-inner-bg-wrapper custom-page-link\" style=\"--awb-padding-top:175px;--awb-padding-bottom:25px;--awb-inner-bg-image:url(&#039;https:\/\/www.lovink-enertech.com\/wp-content\/uploads\/2025\/12\/LoviX-R-Verbindingsmof.webp&#039;);--awb-inner-bg-position:center center;--awb-inner-bg-size:cover;--awb-width-large:100%;--awb-margin-top-large:0px;--awb-spacing-right-large:1.92%;--awb-margin-bottom-large:32px;--awb-spacing-left-large:1.92%;--awb-width-medium:100%;--awb-order-medium:0;--awb-spacing-right-medium:1.92%;--awb-spacing-left-medium:1.92%;--awb-width-small:100%;--awb-order-small:0;--awb-spacing-right-small:1.92%;--awb-spacing-left-small:1.92%;\" data-scroll-devices=\"small-visibility,medium-visibility,large-visibility\"><span class=\"fusion-column-inner-bg hover-type-none\"><a class=\"fusion-column-anchor\" href=\"https:\/\/www.lovink-enertech.com\/de\/lovix-technologie\/\"><span class=\"fusion-column-inner-bg-image\"><\/span><\/a><\/span><div class=\"fusion-column-wrapper fusion-column-has-shadow fusion-flex-justify-content-flex-start fusion-content-layout-column fusion-column-has-bg-image\" data-bg-url=\"https:\/\/www.lovink-enertech.com\/wp-content\/uploads\/2025\/12\/LoviX-R-Verbindingsmof.webp\"><div ><a class=\"fusion-button button-flat fusion-button-default-size button-default fusion-button-default button-2 fusion-button-default-span fusion-button-default-type custom-page-link-button-2\" target=\"_self\" href=\"https:\/\/www.lovink-enertech.com\/de\/lovix-technologie\/\"><span class=\"fusion-button-text awb-button__text awb-button__text--default\">LoviX-Technologie\u00ae<\/span><\/a><\/div><\/div><\/div><\/div><div class=\"fusion-separator fusion-full-width-sep\" style=\"align-self: center;margin-left: auto;margin-right: auto;margin-top:25px;width:100%;\"><\/div><\/div><\/div><\/div><\/div>\n","protected":false},"excerpt":{"rendered":"","protected":false},"author":1,"featured_media":21551,"parent":21246,"menu_order":4,"comment_status":"closed","ping_status":"closed","template":"","meta":{"footnotes":""},"class_list":["post-12280","page","type-page","status-publish","has-post-thumbnail","hentry"],"yoast_head":"<!-- This site is optimized with the Yoast SEO plugin v27.3 - https:\/\/yoast.com\/product\/yoast-seo-wordpress\/ -->\n<title>Lovink-Technologien - Lovink Enertech<\/title>\n<meta name=\"robots\" content=\"index, follow, max-snippet:-1, max-image-preview:large, max-video-preview:-1\" \/>\n<link rel=\"canonical\" href=\"https:\/\/www.lovink-enertech.com\/de\/ueber-uns\/lovink-technologien\/\" \/>\n<meta property=\"og:locale\" content=\"de_DE\" \/>\n<meta property=\"og:type\" content=\"article\" \/>\n<meta property=\"og:title\" content=\"Lovink-Technologien - Lovink Enertech\" \/>\n<meta property=\"og:url\" content=\"https:\/\/www.lovink-enertech.com\/de\/ueber-uns\/lovink-technologien\/\" \/>\n<meta property=\"og:site_name\" content=\"Lovink Enertech\" \/>\n<meta property=\"article:modified_time\" content=\"2026-02-24T13:34:08+00:00\" \/>\n<meta property=\"og:image\" content=\"https:\/\/www.lovink-enertech.com\/wp-content\/uploads\/2019\/02\/lovink-tech.jpg\" \/>\n\t<meta property=\"og:image:width\" content=\"666\" \/>\n\t<meta property=\"og:image:height\" content=\"500\" \/>\n\t<meta property=\"og:image:type\" content=\"image\/jpeg\" \/>\n<meta name=\"twitter:card\" content=\"summary_large_image\" \/>\n<meta name=\"twitter:label1\" content=\"Gesch\u00e4tzte Lesezeit\" \/>\n\t<meta name=\"twitter:data1\" content=\"2\u00a0Minuten\" \/>\n<script type=\"application\/ld+json\" class=\"yoast-schema-graph\">{\"@context\":\"https:\\\/\\\/schema.org\",\"@graph\":[{\"@type\":\"WebPage\",\"@id\":\"https:\\\/\\\/www.lovink-enertech.com\\\/de\\\/ueber-uns\\\/lovink-technologien\\\/\",\"url\":\"https:\\\/\\\/www.lovink-enertech.com\\\/de\\\/ueber-uns\\\/lovink-technologien\\\/\",\"name\":\"Lovink-Technologien - Lovink Enertech\",\"isPartOf\":{\"@id\":\"https:\\\/\\\/www.lovink-enertech.com\\\/de\\\/#website\"},\"primaryImageOfPage\":{\"@id\":\"https:\\\/\\\/www.lovink-enertech.com\\\/de\\\/ueber-uns\\\/lovink-technologien\\\/#primaryimage\"},\"image\":{\"@id\":\"https:\\\/\\\/www.lovink-enertech.com\\\/de\\\/ueber-uns\\\/lovink-technologien\\\/#primaryimage\"},\"thumbnailUrl\":\"https:\\\/\\\/www.lovink-enertech.com\\\/wp-content\\\/uploads\\\/2019\\\/02\\\/lovink-tech.jpg\",\"datePublished\":\"2026-01-15T10:38:29+00:00\",\"dateModified\":\"2026-02-24T13:34:08+00:00\",\"breadcrumb\":{\"@id\":\"https:\\\/\\\/www.lovink-enertech.com\\\/de\\\/ueber-uns\\\/lovink-technologien\\\/#breadcrumb\"},\"inLanguage\":\"de\",\"potentialAction\":[{\"@type\":\"ReadAction\",\"target\":[\"https:\\\/\\\/www.lovink-enertech.com\\\/de\\\/ueber-uns\\\/lovink-technologien\\\/\"]}]},{\"@type\":\"ImageObject\",\"inLanguage\":\"de\",\"@id\":\"https:\\\/\\\/www.lovink-enertech.com\\\/de\\\/ueber-uns\\\/lovink-technologien\\\/#primaryimage\",\"url\":\"https:\\\/\\\/www.lovink-enertech.com\\\/wp-content\\\/uploads\\\/2019\\\/02\\\/lovink-tech.jpg\",\"contentUrl\":\"https:\\\/\\\/www.lovink-enertech.com\\\/wp-content\\\/uploads\\\/2019\\\/02\\\/lovink-tech.jpg\",\"width\":666,\"height\":500},{\"@type\":\"BreadcrumbList\",\"@id\":\"https:\\\/\\\/www.lovink-enertech.com\\\/de\\\/ueber-uns\\\/lovink-technologien\\\/#breadcrumb\",\"itemListElement\":[{\"@type\":\"ListItem\",\"position\":1,\"name\":\"Home\",\"item\":\"https:\\\/\\\/www.lovink-enertech.com\\\/de\\\/\"},{\"@type\":\"ListItem\",\"position\":2,\"name\":\"\u00dcber uns\",\"item\":\"https:\\\/\\\/www.lovink-enertech.com\\\/de\\\/ueber-uns\\\/\"},{\"@type\":\"ListItem\",\"position\":3,\"name\":\"Lovink-Technologien\"}]},{\"@type\":\"WebSite\",\"@id\":\"https:\\\/\\\/www.lovink-enertech.com\\\/de\\\/#website\",\"url\":\"https:\\\/\\\/www.lovink-enertech.com\\\/de\\\/\",\"name\":\"Lovink Enertech\",\"description\":\"Innovatieve producten en strategische productie\",\"potentialAction\":[{\"@type\":\"SearchAction\",\"target\":{\"@type\":\"EntryPoint\",\"urlTemplate\":\"https:\\\/\\\/www.lovink-enertech.com\\\/de\\\/?s={search_term_string}\"},\"query-input\":{\"@type\":\"PropertyValueSpecification\",\"valueRequired\":true,\"valueName\":\"search_term_string\"}}],\"inLanguage\":\"de\"}]}<\/script>\n<!-- \/ Yoast SEO plugin. -->","yoast_head_json":{"title":"Lovink-Technologien - Lovink Enertech","robots":{"index":"index","follow":"follow","max-snippet":"max-snippet:-1","max-image-preview":"max-image-preview:large","max-video-preview":"max-video-preview:-1"},"canonical":"https:\/\/www.lovink-enertech.com\/de\/ueber-uns\/lovink-technologien\/","og_locale":"de_DE","og_type":"article","og_title":"Lovink-Technologien - Lovink Enertech","og_url":"https:\/\/www.lovink-enertech.com\/de\/ueber-uns\/lovink-technologien\/","og_site_name":"Lovink Enertech","article_modified_time":"2026-02-24T13:34:08+00:00","og_image":[{"width":666,"height":500,"url":"https:\/\/www.lovink-enertech.com\/wp-content\/uploads\/2019\/02\/lovink-tech.jpg","type":"image\/jpeg"}],"twitter_card":"summary_large_image","twitter_misc":{"Gesch\u00e4tzte Lesezeit":"2\u00a0Minuten"},"schema":{"@context":"https:\/\/schema.org","@graph":[{"@type":"WebPage","@id":"https:\/\/www.lovink-enertech.com\/de\/ueber-uns\/lovink-technologien\/","url":"https:\/\/www.lovink-enertech.com\/de\/ueber-uns\/lovink-technologien\/","name":"Lovink-Technologien - Lovink Enertech","isPartOf":{"@id":"https:\/\/www.lovink-enertech.com\/de\/#website"},"primaryImageOfPage":{"@id":"https:\/\/www.lovink-enertech.com\/de\/ueber-uns\/lovink-technologien\/#primaryimage"},"image":{"@id":"https:\/\/www.lovink-enertech.com\/de\/ueber-uns\/lovink-technologien\/#primaryimage"},"thumbnailUrl":"https:\/\/www.lovink-enertech.com\/wp-content\/uploads\/2019\/02\/lovink-tech.jpg","datePublished":"2026-01-15T10:38:29+00:00","dateModified":"2026-02-24T13:34:08+00:00","breadcrumb":{"@id":"https:\/\/www.lovink-enertech.com\/de\/ueber-uns\/lovink-technologien\/#breadcrumb"},"inLanguage":"de","potentialAction":[{"@type":"ReadAction","target":["https:\/\/www.lovink-enertech.com\/de\/ueber-uns\/lovink-technologien\/"]}]},{"@type":"ImageObject","inLanguage":"de","@id":"https:\/\/www.lovink-enertech.com\/de\/ueber-uns\/lovink-technologien\/#primaryimage","url":"https:\/\/www.lovink-enertech.com\/wp-content\/uploads\/2019\/02\/lovink-tech.jpg","contentUrl":"https:\/\/www.lovink-enertech.com\/wp-content\/uploads\/2019\/02\/lovink-tech.jpg","width":666,"height":500},{"@type":"BreadcrumbList","@id":"https:\/\/www.lovink-enertech.com\/de\/ueber-uns\/lovink-technologien\/#breadcrumb","itemListElement":[{"@type":"ListItem","position":1,"name":"Home","item":"https:\/\/www.lovink-enertech.com\/de\/"},{"@type":"ListItem","position":2,"name":"\u00dcber uns","item":"https:\/\/www.lovink-enertech.com\/de\/ueber-uns\/"},{"@type":"ListItem","position":3,"name":"Lovink-Technologien"}]},{"@type":"WebSite","@id":"https:\/\/www.lovink-enertech.com\/de\/#website","url":"https:\/\/www.lovink-enertech.com\/de\/","name":"Lovink Enertech","description":"Innovatieve producten en strategische productie","potentialAction":[{"@type":"SearchAction","target":{"@type":"EntryPoint","urlTemplate":"https:\/\/www.lovink-enertech.com\/de\/?s={search_term_string}"},"query-input":{"@type":"PropertyValueSpecification","valueRequired":true,"valueName":"search_term_string"}}],"inLanguage":"de"}]}},"_links":{"self":[{"href":"https:\/\/www.lovink-enertech.com\/de\/wp-json\/wp\/v2\/pages\/12280","targetHints":{"allow":["GET"]}}],"collection":[{"href":"https:\/\/www.lovink-enertech.com\/de\/wp-json\/wp\/v2\/pages"}],"about":[{"href":"https:\/\/www.lovink-enertech.com\/de\/wp-json\/wp\/v2\/types\/page"}],"author":[{"embeddable":true,"href":"https:\/\/www.lovink-enertech.com\/de\/wp-json\/wp\/v2\/users\/1"}],"replies":[{"embeddable":true,"href":"https:\/\/www.lovink-enertech.com\/de\/wp-json\/wp\/v2\/comments?post=12280"}],"version-history":[{"count":14,"href":"https:\/\/www.lovink-enertech.com\/de\/wp-json\/wp\/v2\/pages\/12280\/revisions"}],"predecessor-version":[{"id":22759,"href":"https:\/\/www.lovink-enertech.com\/de\/wp-json\/wp\/v2\/pages\/12280\/revisions\/22759"}],"up":[{"embeddable":true,"href":"https:\/\/www.lovink-enertech.com\/de\/wp-json\/wp\/v2\/pages\/21246"}],"wp:featuredmedia":[{"embeddable":true,"href":"https:\/\/www.lovink-enertech.com\/de\/wp-json\/wp\/v2\/media\/21551"}],"wp:attachment":[{"href":"https:\/\/www.lovink-enertech.com\/de\/wp-json\/wp\/v2\/media?parent=12280"}],"curies":[{"name":"wp","href":"https:\/\/api.w.org\/{rel}","templated":true}]}}