{"id":18101,"date":"2026-01-15T11:55:21","date_gmt":"2026-01-15T11:55:21","guid":{"rendered":"https:\/\/www.lovink-enertech.com\/over-ons\/unsere-geschichte\/"},"modified":"2026-02-24T15:12:55","modified_gmt":"2026-02-24T15:12:55","slug":"unsere-geschichte","status":"publish","type":"page","link":"https:\/\/www.lovink-enertech.com\/de\/ueber-uns\/unsere-geschichte\/","title":{"rendered":"Unsere Geschichte"},"content":{"rendered":"<div class=\"fusion-fullwidth fullwidth-box fusion-builder-row-1 fusion-flex-container has-pattern-background has-mask-background nonhundred-percent-fullwidth non-hundred-percent-height-scrolling\" style=\"--awb-border-radius-top-left:0px;--awb-border-radius-top-right:0px;--awb-border-radius-bottom-right:0px;--awb-border-radius-bottom-left:0px;--awb-padding-top:0px;--awb-flex-wrap:wrap;\" ><div class=\"fusion-builder-row fusion-row fusion-flex-align-items-flex-start fusion-flex-content-wrap\" style=\"max-width:1248px;margin-left: calc(-4% \/ 2 );margin-right: calc(-4% \/ 2 );\"><div class=\"fusion-layout-column fusion_builder_column fusion-builder-column-0 fusion_builder_column_2_3 2_3 fusion-flex-column\" style=\"--awb-padding-top:0px;--awb-bg-size:cover;--awb-width-large:66.666666666667%;--awb-margin-top-large:0px;--awb-spacing-right-large:3.84%;--awb-margin-bottom-large:0px;--awb-spacing-left-large:2.88%;--awb-width-medium:66.666666666667%;--awb-order-medium:0;--awb-spacing-right-medium:3.84%;--awb-spacing-left-medium:2.88%;--awb-width-small:100%;--awb-order-small:0;--awb-spacing-right-small:1.92%;--awb-spacing-left-small:1.92%;\" data-scroll-devices=\"small-visibility,medium-visibility,large-visibility\"><div class=\"fusion-column-wrapper fusion-column-has-shadow fusion-flex-justify-content-flex-start fusion-content-layout-column\"><div class=\"fusion-title title fusion-title-1 fusion-sep-none fusion-title-text fusion-title-size-one\" style=\"--awb-margin-top-small:0px;--awb-margin-right-small:0px;--awb-margin-bottom-small:16px;--awb-margin-left-small:0px;\"><h1 class=\"fusion-title-heading title-heading-left fusion-responsive-typography-calculated\" style=\"margin:0;--fontSize:30;line-height:1;\">Dedicated to a higher standard<\/h1><\/div><div class=\"fusion-text fusion-text-1\"><h3>Seit mehr als 100 Jahren ist die verbindende Kraft in der Energie. Lovink liefert Kabelmuffen, die den h\u00e4rtesten Bedingungen widerstehen.<\/h3>\n<p>Royal Lovink ist seit 1911 Spezialist f\u00fcr<strong> Kabelmuffen f\u00fcr Mittelspannungsnetze<\/strong>. Was als Familienunternehmen begann, hat sich zu einem internationalen Akteur mit einem Versprechen entwickelt: Zuverl\u00e4ssigkeit bei jeder Verbindung. Unsere Kabelverbindungen funktionieren unter allen Bedingungen \u2013 sei es bei herausfordernden Bodenverh\u00e4ltnissen wie <strong>hohem Grundwasserstand<\/strong> und <strong>extremer D\u00fcrre<\/strong> oder bei Netz\u00fcberlastungen <strong>, harmonischen<\/strong> und anderen komplexen Netzsituationen. Auf diese Weise helfen wir Netzbetreibern, dem Sektor der erneuerbaren Energien und anderen Branchen, stabile, sichere und zukunftsf\u00e4hige Energienetze zu realisieren.<\/p>\n<h4>Mission<\/h4>\n<p>Wir entwickeln <strong>Kabelmuffen<\/strong>\u00a0, die noch weiter gehen \u2013 f\u00fcr <strong>Zuverl\u00e4ssigkeit<\/strong> konzipiert, f\u00fcr <strong>einfache Installation<\/strong> gebaut und f\u00fcr Generationen hinweg leistungsf\u00e4hig gemacht.<\/p>\n<h4><strong>Vision<\/strong><\/h4>\n<p>Lovink m\u00f6chte die Energienetze von morgen weltweit st\u00e4rken \u2013 mit L\u00f6sungen, die auf <strong>hohe Lasten<\/strong>, sich wandelnde <strong>Klimazonen<\/strong> und die Anforderungen der <strong>Energiewende<\/strong> vorbereitet sind.<\/p>\n<h4>Innovation und Expertise<\/h4>\n<p>Bei Lovink Enertech dreht sich alles um fortschrittliche und wirtschaftliche L\u00f6sungen f\u00fcr zuverl\u00e4ssige Energienetze. Wir entwerfen, entwickeln und testen unsere\u00a0<strong>Kabelgarnituren<\/strong>\u00a0intern, unterst\u00fctzt von umfangreichen Pr\u00fcfeinrichtungen und fortschrittlichen Elektro- und Materiallabors.<\/p>\n<p>Wir bieten spezialisierte L\u00f6sungen f\u00fcr Situationen, in denen Standardprodukte nicht immer ausreichen. Mit umfassender Expertise in Elektrotechnik, Chemie und Maschinenbau kombinieren wir Wissen und Innovation, um\u00a0herausragende und zuverl\u00e4ssige <strong>Kabelgarnituren<\/strong>\u00a0zu entwickeln. Das Ergebnis? L\u00f6sungen, die auch anspruchsvollsten Bedingungen standhalten. Wir denken immer an den Mechanismus: Unsere Kabelgarnituren sind einfach, zuverl\u00e4ssig und sicher zu installieren. Dies\u00a0<strong>verk\u00fcrzt die Installationszeit<\/strong>, reduziert Fehler und senkt die\u00a0<strong>Gesamtkosten.<\/strong><\/p>\n<p>Unsere Vision von Qualit\u00e4t und Innovation spiegelt sich in unseren beiden Kerntechnologien wieder: LoviSil\u00ae und LoviX\u00ae.<\/p>\n<p><strong>Die LoviSil-Technologie\u00ae<\/strong>\u00a0wurde entwickelt, um\u00a0<strong>Kabelmuffen<\/strong>\u00a0<strong>sicher, langlebig und zuverl\u00e4ssig<\/strong>\u00a0zu machen, selbst unter den schwierigsten Bedingungen. Was LoviSil\u00ae einzigartig macht, ist die Anwendung von\u00a0<strong>Fl\u00fcssigsilikonisolierung<\/strong>\u00a0, die eine optimale\u00a0<strong>Abdichtung<\/strong>\u00a0und Schutz der Kabelverbindungen gew\u00e4hrleistet. Dadurch wird Ihr Energieverteilnetz widerstandsf\u00e4hig gegen\u00a0<strong>Feuchtigkeit<\/strong>,\u00a0<strong>Schmutz<\/strong>\u00a0und\u00a0<strong>extreme Temperaturen<\/strong>\u00a0und minimiert Ausf\u00e4lle.<\/p>\n<p>Wir haben eine komplette Palette von Kabelgarnituren auf Basis dieser\u00a0<strong>fl\u00fcssigen Silikontechnik<\/strong>\u00a0entwickelt, darunter\u00a0<strong>LoviSil-Crossbonding und Abzweigverbindungen.<\/strong><\/p>\n<\/div><div ><a class=\"fusion-button button-flat fusion-button-default-size button-default fusion-button-default button-1 fusion-button-default-span fusion-button-default-type\" style=\"--button_margin-bottom:20px;\" target=\"_self\" href=\"https:\/\/www.lovink-enertech.com\/de\/produkte\/lovisil-uebergangsmuffen\/\"><span class=\"fusion-button-text awb-button__text awb-button__text--default\">Geh zu LoviSil\u00ae Kabelmuffen<\/span><\/a><\/div><div class=\"fusion-text fusion-text-2\"><p><strong>Die LoviX-Technologie\u00ae<\/strong>\u00a0wurde speziell f\u00fcr\u00a0<strong>Kunststoffkabelverbindungen<\/strong>\u00a0entwickelt. Dank fortschrittlicher\u00a0<strong>Kaltschrumpftechnologie<\/strong>\u00a0und eines robusten Kunststoffgeh\u00e4uses, das mit Protolinharz\u00ae gef\u00fcllt ist, biet <strong>Die LoviX-Technologie<\/strong> eine au\u00dfergew\u00f6hnlich\u00a0<strong>wasserdichte<\/strong>\u00a0und mechanisch starke L\u00f6sung.<\/p>\n<p>Wie bei LoviSil\u00ae setzt auch <strong>LoviX\u00ae <\/strong> auf <strong>Benutzerfreundlichkeit<\/strong>, ein kompaktes Design mit <strong>Fokus auf schnelle Installation<\/strong>, ohne Sicherheit oder Leistung zu beeintr\u00e4chtigen. Durch diese Kombination aus Innovation und praktischer Anwendbarkeit leistet <strong>LoviX\u00ae <\/strong>einen wichtigen Beitrag zur Zuverl\u00e4ssigkeit und Effizienz moderner Netzwerke.<\/p>\n<\/div><div ><a class=\"fusion-button button-flat fusion-button-default-size button-default fusion-button-default button-2 fusion-button-default-span fusion-button-default-type\" target=\"_self\" href=\"https:\/\/www.lovink-enertech.com\/de\/produkte\/lovisil-verbindungsmuffen\/\"><span class=\"fusion-button-text awb-button__text awb-button__text--default\">Gehe zu LoviX\u00ae-Verbindungsmuffen<\/span><\/a><\/div><div class=\"fusion-text fusion-text-3\"><h4><\/h4>\n<h4>Kultur<\/h4>\n<p>Unsere Produkte m\u00f6gen technisch sind, aber das Herz von Lovink schl\u00e4gt mit unseren Mitarbeitern. Engagement, Handwerkskunst und Ehrgeiz sind die DNA unserer Organisation. Genau wie unsere Kabelkan\u00e4le verbinden unsere Mitarbeiter Menschen, Fachwissen und Fortschritt. Der Energiesektor setzt sich f\u00fcr Nachhaltigkeit ein, und wir auch. Wir f\u00fchlen uns verantwortlich f\u00fcr unsere Auswirkungen auf Menschen und Umwelt. Gemeinsam sind wir der Gesellschaft verpflichtet und streben nach einer nachhaltigen Zukunft f\u00fcr alle.<\/p>\n<p>Wir arbeiten eng mit Kunden, Lieferanten und Partnern zusammen und glauben an <strong>langfristige Beziehungen<\/strong> , die auf Vertrauen, Loyalit\u00e4t und Qualit\u00e4t basieren. Was wir versprechen, liefern wir \u2013 immer.<\/p>\n<\/div><div class=\"fusion-text fusion-text-4\"><h4>Unterst\u00fctzung<\/h4>\n<p>Wir gehen weiter als nur zu liefern. Wir denken mit, <strong>trainieren, beraten<\/strong> und stehen buchst\u00e4blich und im \u00fcbertragenen Sinne neben unseren Kunden im Feld. Auf diese Weise gew\u00e4hrleisten wir <strong>fehlerfreie<\/strong> Montage, <strong>stabile<\/strong> Netzwerke und minimale Ausfallzeiten. Und ob es vergr\u00f6\u00dfert werden muss? Dann k\u00f6nnen wir problemlos umschalten \u2013 dank einer effizienten Organisation, zuverl\u00e4ssigen, kurzen Lieferzeiten und einem internationalen Netzwerk.<\/p>\n<\/div><\/div><\/div><div class=\"fusion-layout-column fusion_builder_column fusion-builder-column-1 fusion_builder_column_1_3 1_3 fusion-flex-column\" style=\"--awb-bg-size:cover;--awb-width-large:33.333333333333%;--awb-margin-top-large:0px;--awb-spacing-right-large:5.76%;--awb-margin-bottom-large:0px;--awb-spacing-left-large:3.84%;--awb-width-medium:33.333333333333%;--awb-spacing-right-medium:5.76%;--awb-spacing-left-medium:3.84%;--awb-width-small:100%;--awb-spacing-right-small:1.92%;--awb-spacing-left-small:1.92%;\"><div class=\"fusion-column-wrapper fusion-flex-justify-content-flex-start fusion-content-layout-column\"><div class=\"fusion-builder-row fusion-builder-row-inner fusion-row fusion-flex-align-items-flex-start fusion-flex-content-wrap\" style=\"--awb-flex-grow:0;--awb-flex-grow-medium:0;--awb-flex-grow-small:0;--awb-flex-shrink:0;--awb-flex-shrink-medium:0;--awb-flex-shrink-small:0;width:104% !important;max-width:104% !important;margin-left: calc(-4% \/ 2 );margin-right: calc(-4% \/ 2 );\"><div class=\"fusion-layout-column fusion_builder_column_inner fusion-builder-nested-column-0 fusion_builder_column_inner_1_1 1_1 fusion-flex-column fusion-column-inner-bg-wrapper custom-page-link\" style=\"--awb-padding-top:175px;--awb-padding-bottom:25px;--awb-inner-bg-image:url(&#039;https:\/\/www.lovink-enertech.com\/wp-content\/uploads\/2025\/12\/Historie-Lovink-gebouw.webp&#039;);--awb-inner-bg-position:center center;--awb-inner-bg-size:cover;--awb-width-large:100%;--awb-margin-top-large:0px;--awb-spacing-right-large:1.92%;--awb-margin-bottom-large:32px;--awb-spacing-left-large:1.92%;--awb-width-medium:100%;--awb-order-medium:0;--awb-spacing-right-medium:1.92%;--awb-spacing-left-medium:1.92%;--awb-width-small:100%;--awb-order-small:0;--awb-spacing-right-small:1.92%;--awb-spacing-left-small:1.92%;\" data-scroll-devices=\"small-visibility,medium-visibility,large-visibility\"><span class=\"fusion-column-inner-bg hover-type-none\"><a class=\"fusion-column-anchor\" href=\"https:\/\/www.lovink-enertech.com\/de\/geschichte\/\"><span class=\"fusion-column-inner-bg-image\"><\/span><\/a><\/span><div class=\"fusion-column-wrapper fusion-column-has-shadow fusion-flex-justify-content-flex-start fusion-content-layout-column fusion-column-has-bg-image\" data-bg-url=\"https:\/\/www.lovink-enertech.com\/wp-content\/uploads\/2025\/12\/Historie-Lovink-gebouw.webp\"><div ><a class=\"fusion-button button-flat fusion-button-default-size button-default fusion-button-default button-3 fusion-button-default-span fusion-button-default-type custom-page-link-button-2\" target=\"_self\" href=\"https:\/\/www.lovink-enertech.com\/de\/geschichte\/\"><span class=\"fusion-button-text awb-button__text awb-button__text--default\">Geschichte<\/span><\/a><\/div><\/div><\/div><\/div><div class=\"fusion-separator fusion-full-width-sep\" style=\"align-self: center;margin-left: auto;margin-right: auto;margin-top:25px;width:100%;\"><\/div><div class=\"fusion-builder-row fusion-builder-row-inner fusion-row fusion-flex-align-items-flex-start fusion-flex-content-wrap\" style=\"--awb-flex-grow:0;--awb-flex-grow-medium:0;--awb-flex-grow-small:0;--awb-flex-shrink:0;--awb-flex-shrink-medium:0;--awb-flex-shrink-small:0;width:104% !important;max-width:104% !important;margin-left: calc(-4% \/ 2 );margin-right: calc(-4% \/ 2 );\"><div class=\"fusion-layout-column fusion_builder_column_inner fusion-builder-nested-column-1 fusion_builder_column_inner_1_1 1_1 fusion-flex-column fusion-column-inner-bg-wrapper custom-page-link\" style=\"--awb-padding-top:175px;--awb-padding-bottom:25px;--awb-inner-bg-image:url(&#039;https:\/\/www.lovink-enertech.com\/wp-content\/uploads\/2025\/12\/Lab-engineer.webp&#039;);--awb-inner-bg-position:center center;--awb-inner-bg-size:cover;--awb-width-large:100%;--awb-margin-top-large:0px;--awb-spacing-right-large:1.92%;--awb-margin-bottom-large:32px;--awb-spacing-left-large:1.92%;--awb-width-medium:100%;--awb-order-medium:0;--awb-spacing-right-medium:1.92%;--awb-spacing-left-medium:1.92%;--awb-width-small:100%;--awb-order-small:0;--awb-spacing-right-small:1.92%;--awb-spacing-left-small:1.92%;\" data-scroll-devices=\"small-visibility,medium-visibility,large-visibility\"><span class=\"fusion-column-inner-bg hover-type-none\"><a class=\"fusion-column-anchor\" href=\"https:\/\/www.lovink-enertech.com\/de\/menschen\/\"><span class=\"fusion-column-inner-bg-image\"><\/span><\/a><\/span><div class=\"fusion-column-wrapper fusion-column-has-shadow fusion-flex-justify-content-flex-start fusion-content-layout-column fusion-column-has-bg-image\" data-bg-url=\"https:\/\/www.lovink-enertech.com\/wp-content\/uploads\/2025\/12\/Lab-engineer.webp\"><div ><a class=\"fusion-button button-flat fusion-button-default-size button-default fusion-button-default button-4 fusion-button-default-span fusion-button-default-type custom-page-link-button-2\" target=\"_self\" href=\"https:\/\/www.lovink-enertech.com\/mensen\/\"><span class=\"fusion-button-text awb-button__text awb-button__text--default\">Menschen<\/span><\/a><\/div><\/div><\/div><\/div><div class=\"fusion-separator fusion-full-width-sep\" style=\"align-self: center;margin-left: auto;margin-right: auto;margin-top:25px;width:100%;\"><\/div><div class=\"fusion-builder-row fusion-builder-row-inner fusion-row fusion-flex-align-items-flex-start fusion-flex-content-wrap\" style=\"--awb-flex-grow:0;--awb-flex-grow-medium:0;--awb-flex-grow-small:0;--awb-flex-shrink:0;--awb-flex-shrink-medium:0;--awb-flex-shrink-small:0;width:104% !important;max-width:104% !important;margin-left: calc(-4% \/ 2 );margin-right: calc(-4% \/ 2 );\"><div class=\"fusion-layout-column fusion_builder_column_inner fusion-builder-nested-column-2 fusion_builder_column_inner_1_1 1_1 fusion-flex-column fusion-column-inner-bg-wrapper custom-page-link\" style=\"--awb-padding-top:175px;--awb-padding-bottom:25px;--awb-inner-bg-image:url(&#039;https:\/\/www.lovink-enertech.com\/wp-content\/uploads\/2025\/12\/Medewerkers-kantoor-Lovink.webp&#039;);--awb-inner-bg-position:center center;--awb-inner-bg-size:cover;--awb-width-large:100%;--awb-margin-top-large:0px;--awb-spacing-right-large:1.92%;--awb-margin-bottom-large:32px;--awb-spacing-left-large:1.92%;--awb-width-medium:100%;--awb-order-medium:0;--awb-spacing-right-medium:1.92%;--awb-spacing-left-medium:1.92%;--awb-width-small:100%;--awb-order-small:0;--awb-spacing-right-small:1.92%;--awb-spacing-left-small:1.92%;\" data-scroll-devices=\"small-visibility,medium-visibility,large-visibility\"><span class=\"fusion-column-inner-bg hover-type-none\"><a class=\"fusion-column-anchor\" href=\"https:\/\/www.lovink-enertech.com\/de\/arbeit-bei\/\"><span class=\"fusion-column-inner-bg-image\"><\/span><\/a><\/span><div class=\"fusion-column-wrapper fusion-column-has-shadow fusion-flex-justify-content-flex-start fusion-content-layout-column fusion-column-has-bg-image\" data-bg-url=\"https:\/\/www.lovink-enertech.com\/wp-content\/uploads\/2025\/12\/Medewerkers-kantoor-Lovink.webp\"><div ><a class=\"fusion-button button-flat fusion-button-default-size button-default fusion-button-default button-5 fusion-button-default-span fusion-button-default-type custom-page-link-button-2\" target=\"_self\" href=\"https:\/\/www.lovink-enertech.com\/de\/arbeit-bei\/\"><span class=\"fusion-button-text awb-button__text awb-button__text--default\">Arbeit bei<\/span><\/a><\/div><\/div><\/div><\/div><\/div><\/div><\/div><\/div>\n","protected":false},"excerpt":{"rendered":"","protected":false},"author":1,"featured_media":21545,"parent":21246,"menu_order":1,"comment_status":"closed","ping_status":"closed","template":"","meta":{"footnotes":""},"class_list":["post-18101","page","type-page","status-publish","has-post-thumbnail","hentry"],"yoast_head":"<!-- This site is optimized with the Yoast SEO plugin v27.3 - https:\/\/yoast.com\/product\/yoast-seo-wordpress\/ -->\n<title>Unsere Geschichte - Lovink Enertech<\/title>\n<meta name=\"robots\" content=\"index, follow, max-snippet:-1, max-image-preview:large, max-video-preview:-1\" \/>\n<link rel=\"canonical\" href=\"https:\/\/www.lovink-enertech.com\/de\/ueber-uns\/unsere-geschichte\/\" \/>\n<meta property=\"og:locale\" content=\"de_DE\" \/>\n<meta property=\"og:type\" content=\"article\" \/>\n<meta property=\"og:title\" content=\"Unsere Geschichte - Lovink Enertech\" \/>\n<meta property=\"og:url\" content=\"https:\/\/www.lovink-enertech.com\/de\/ueber-uns\/unsere-geschichte\/\" \/>\n<meta property=\"og:site_name\" content=\"Lovink Enertech\" \/>\n<meta property=\"article:modified_time\" content=\"2026-02-24T15:12:55+00:00\" \/>\n<meta property=\"og:image\" content=\"https:\/\/www.lovink-enertech.com\/wp-content\/uploads\/2018\/10\/lovink-filosofie.jpg\" \/>\n\t<meta property=\"og:image:width\" content=\"666\" \/>\n\t<meta property=\"og:image:height\" content=\"500\" \/>\n\t<meta property=\"og:image:type\" content=\"image\/jpeg\" \/>\n<meta name=\"twitter:card\" content=\"summary_large_image\" \/>\n<meta name=\"twitter:label1\" content=\"Gesch\u00e4tzte Lesezeit\" \/>\n\t<meta name=\"twitter:data1\" content=\"3\u00a0Minuten\" \/>\n<script type=\"application\/ld+json\" class=\"yoast-schema-graph\">{\"@context\":\"https:\\\/\\\/schema.org\",\"@graph\":[{\"@type\":\"WebPage\",\"@id\":\"https:\\\/\\\/www.lovink-enertech.com\\\/de\\\/ueber-uns\\\/unsere-geschichte\\\/\",\"url\":\"https:\\\/\\\/www.lovink-enertech.com\\\/de\\\/ueber-uns\\\/unsere-geschichte\\\/\",\"name\":\"Unsere Geschichte - Lovink Enertech\",\"isPartOf\":{\"@id\":\"https:\\\/\\\/www.lovink-enertech.com\\\/de\\\/#website\"},\"primaryImageOfPage\":{\"@id\":\"https:\\\/\\\/www.lovink-enertech.com\\\/de\\\/ueber-uns\\\/unsere-geschichte\\\/#primaryimage\"},\"image\":{\"@id\":\"https:\\\/\\\/www.lovink-enertech.com\\\/de\\\/ueber-uns\\\/unsere-geschichte\\\/#primaryimage\"},\"thumbnailUrl\":\"https:\\\/\\\/www.lovink-enertech.com\\\/wp-content\\\/uploads\\\/2018\\\/10\\\/lovink-filosofie.jpg\",\"datePublished\":\"2026-01-15T11:55:21+00:00\",\"dateModified\":\"2026-02-24T15:12:55+00:00\",\"breadcrumb\":{\"@id\":\"https:\\\/\\\/www.lovink-enertech.com\\\/de\\\/ueber-uns\\\/unsere-geschichte\\\/#breadcrumb\"},\"inLanguage\":\"de\",\"potentialAction\":[{\"@type\":\"ReadAction\",\"target\":[\"https:\\\/\\\/www.lovink-enertech.com\\\/de\\\/ueber-uns\\\/unsere-geschichte\\\/\"]}]},{\"@type\":\"ImageObject\",\"inLanguage\":\"de\",\"@id\":\"https:\\\/\\\/www.lovink-enertech.com\\\/de\\\/ueber-uns\\\/unsere-geschichte\\\/#primaryimage\",\"url\":\"https:\\\/\\\/www.lovink-enertech.com\\\/wp-content\\\/uploads\\\/2018\\\/10\\\/lovink-filosofie.jpg\",\"contentUrl\":\"https:\\\/\\\/www.lovink-enertech.com\\\/wp-content\\\/uploads\\\/2018\\\/10\\\/lovink-filosofie.jpg\",\"width\":666,\"height\":500},{\"@type\":\"BreadcrumbList\",\"@id\":\"https:\\\/\\\/www.lovink-enertech.com\\\/de\\\/ueber-uns\\\/unsere-geschichte\\\/#breadcrumb\",\"itemListElement\":[{\"@type\":\"ListItem\",\"position\":1,\"name\":\"Home\",\"item\":\"https:\\\/\\\/www.lovink-enertech.com\\\/de\\\/\"},{\"@type\":\"ListItem\",\"position\":2,\"name\":\"\u00dcber uns\",\"item\":\"https:\\\/\\\/www.lovink-enertech.com\\\/de\\\/ueber-uns\\\/\"},{\"@type\":\"ListItem\",\"position\":3,\"name\":\"Unsere Geschichte\"}]},{\"@type\":\"WebSite\",\"@id\":\"https:\\\/\\\/www.lovink-enertech.com\\\/de\\\/#website\",\"url\":\"https:\\\/\\\/www.lovink-enertech.com\\\/de\\\/\",\"name\":\"Lovink Enertech\",\"description\":\"Innovatieve producten en strategische productie\",\"potentialAction\":[{\"@type\":\"SearchAction\",\"target\":{\"@type\":\"EntryPoint\",\"urlTemplate\":\"https:\\\/\\\/www.lovink-enertech.com\\\/de\\\/?s={search_term_string}\"},\"query-input\":{\"@type\":\"PropertyValueSpecification\",\"valueRequired\":true,\"valueName\":\"search_term_string\"}}],\"inLanguage\":\"de\"}]}<\/script>\n<!-- \/ Yoast SEO plugin. -->","yoast_head_json":{"title":"Unsere Geschichte - Lovink Enertech","robots":{"index":"index","follow":"follow","max-snippet":"max-snippet:-1","max-image-preview":"max-image-preview:large","max-video-preview":"max-video-preview:-1"},"canonical":"https:\/\/www.lovink-enertech.com\/de\/ueber-uns\/unsere-geschichte\/","og_locale":"de_DE","og_type":"article","og_title":"Unsere Geschichte - Lovink Enertech","og_url":"https:\/\/www.lovink-enertech.com\/de\/ueber-uns\/unsere-geschichte\/","og_site_name":"Lovink Enertech","article_modified_time":"2026-02-24T15:12:55+00:00","og_image":[{"width":666,"height":500,"url":"https:\/\/www.lovink-enertech.com\/wp-content\/uploads\/2018\/10\/lovink-filosofie.jpg","type":"image\/jpeg"}],"twitter_card":"summary_large_image","twitter_misc":{"Gesch\u00e4tzte Lesezeit":"3\u00a0Minuten"},"schema":{"@context":"https:\/\/schema.org","@graph":[{"@type":"WebPage","@id":"https:\/\/www.lovink-enertech.com\/de\/ueber-uns\/unsere-geschichte\/","url":"https:\/\/www.lovink-enertech.com\/de\/ueber-uns\/unsere-geschichte\/","name":"Unsere Geschichte - Lovink Enertech","isPartOf":{"@id":"https:\/\/www.lovink-enertech.com\/de\/#website"},"primaryImageOfPage":{"@id":"https:\/\/www.lovink-enertech.com\/de\/ueber-uns\/unsere-geschichte\/#primaryimage"},"image":{"@id":"https:\/\/www.lovink-enertech.com\/de\/ueber-uns\/unsere-geschichte\/#primaryimage"},"thumbnailUrl":"https:\/\/www.lovink-enertech.com\/wp-content\/uploads\/2018\/10\/lovink-filosofie.jpg","datePublished":"2026-01-15T11:55:21+00:00","dateModified":"2026-02-24T15:12:55+00:00","breadcrumb":{"@id":"https:\/\/www.lovink-enertech.com\/de\/ueber-uns\/unsere-geschichte\/#breadcrumb"},"inLanguage":"de","potentialAction":[{"@type":"ReadAction","target":["https:\/\/www.lovink-enertech.com\/de\/ueber-uns\/unsere-geschichte\/"]}]},{"@type":"ImageObject","inLanguage":"de","@id":"https:\/\/www.lovink-enertech.com\/de\/ueber-uns\/unsere-geschichte\/#primaryimage","url":"https:\/\/www.lovink-enertech.com\/wp-content\/uploads\/2018\/10\/lovink-filosofie.jpg","contentUrl":"https:\/\/www.lovink-enertech.com\/wp-content\/uploads\/2018\/10\/lovink-filosofie.jpg","width":666,"height":500},{"@type":"BreadcrumbList","@id":"https:\/\/www.lovink-enertech.com\/de\/ueber-uns\/unsere-geschichte\/#breadcrumb","itemListElement":[{"@type":"ListItem","position":1,"name":"Home","item":"https:\/\/www.lovink-enertech.com\/de\/"},{"@type":"ListItem","position":2,"name":"\u00dcber uns","item":"https:\/\/www.lovink-enertech.com\/de\/ueber-uns\/"},{"@type":"ListItem","position":3,"name":"Unsere Geschichte"}]},{"@type":"WebSite","@id":"https:\/\/www.lovink-enertech.com\/de\/#website","url":"https:\/\/www.lovink-enertech.com\/de\/","name":"Lovink Enertech","description":"Innovatieve producten en strategische productie","potentialAction":[{"@type":"SearchAction","target":{"@type":"EntryPoint","urlTemplate":"https:\/\/www.lovink-enertech.com\/de\/?s={search_term_string}"},"query-input":{"@type":"PropertyValueSpecification","valueRequired":true,"valueName":"search_term_string"}}],"inLanguage":"de"}]}},"_links":{"self":[{"href":"https:\/\/www.lovink-enertech.com\/de\/wp-json\/wp\/v2\/pages\/18101","targetHints":{"allow":["GET"]}}],"collection":[{"href":"https:\/\/www.lovink-enertech.com\/de\/wp-json\/wp\/v2\/pages"}],"about":[{"href":"https:\/\/www.lovink-enertech.com\/de\/wp-json\/wp\/v2\/types\/page"}],"author":[{"embeddable":true,"href":"https:\/\/www.lovink-enertech.com\/de\/wp-json\/wp\/v2\/users\/1"}],"replies":[{"embeddable":true,"href":"https:\/\/www.lovink-enertech.com\/de\/wp-json\/wp\/v2\/comments?post=18101"}],"version-history":[{"count":23,"href":"https:\/\/www.lovink-enertech.com\/de\/wp-json\/wp\/v2\/pages\/18101\/revisions"}],"predecessor-version":[{"id":22798,"href":"https:\/\/www.lovink-enertech.com\/de\/wp-json\/wp\/v2\/pages\/18101\/revisions\/22798"}],"up":[{"embeddable":true,"href":"https:\/\/www.lovink-enertech.com\/de\/wp-json\/wp\/v2\/pages\/21246"}],"wp:featuredmedia":[{"embeddable":true,"href":"https:\/\/www.lovink-enertech.com\/de\/wp-json\/wp\/v2\/media\/21545"}],"wp:attachment":[{"href":"https:\/\/www.lovink-enertech.com\/de\/wp-json\/wp\/v2\/media?parent=18101"}],"curies":[{"name":"wp","href":"https:\/\/api.w.org\/{rel}","templated":true}]}}