{"id":18148,"date":"2026-01-15T11:55:32","date_gmt":"2026-01-15T11:55:32","guid":{"rendered":"https:\/\/www.lovink-enertech.com\/geschichte\/"},"modified":"2026-02-17T12:51:12","modified_gmt":"2026-02-17T12:51:12","slug":"geschichte","status":"publish","type":"page","link":"https:\/\/www.lovink-enertech.com\/de\/geschichte\/","title":{"rendered":"Geschichte"},"content":{"rendered":"<div class=\"fusion-fullwidth fullwidth-box fusion-builder-row-1 fusion-flex-container has-pattern-background has-mask-background nonhundred-percent-fullwidth non-hundred-percent-height-scrolling\" style=\"--awb-border-radius-top-left:0px;--awb-border-radius-top-right:0px;--awb-border-radius-bottom-right:0px;--awb-border-radius-bottom-left:0px;--awb-padding-top:0px;--awb-flex-wrap:wrap;\" ><div class=\"fusion-builder-row fusion-row fusion-flex-align-items-flex-start fusion-flex-content-wrap\" style=\"max-width:1248px;margin-left: calc(-4% \/ 2 );margin-right: calc(-4% \/ 2 );\"><div class=\"fusion-layout-column fusion_builder_column fusion-builder-column-0 fusion_builder_column_2_3 2_3 fusion-flex-column\" style=\"--awb-bg-size:cover;--awb-width-large:66.666666666667%;--awb-margin-top-large:0px;--awb-spacing-right-large:3.84%;--awb-margin-bottom-large:0px;--awb-spacing-left-large:2.88%;--awb-width-medium:66.666666666667%;--awb-spacing-right-medium:3.84%;--awb-spacing-left-medium:2.88%;--awb-width-small:100%;--awb-spacing-right-small:1.92%;--awb-spacing-left-small:1.92%;\"><div class=\"fusion-column-wrapper fusion-flex-justify-content-flex-start fusion-content-layout-column\"><div class=\"fusion-title title fusion-title-1 fusion-sep-none fusion-title-text fusion-title-size-one\" style=\"--awb-margin-top-small:0px;--awb-margin-right-small:0px;--awb-margin-bottom-small:16px;--awb-margin-left-small:0px;\"><h1 class=\"fusion-title-heading title-heading-left fusion-responsive-typography-calculated\" style=\"margin:0;--fontSize:30;line-height:1;\">Wo alles begann: Innovation seit 1911<\/h1><\/div><div class=\"fusion-text fusion-text-1\"><p><em>Stell dir vor: zu Beginn des letzten Jahrhunderts. Ein Ingenieur der Provinz-Gelderlander Elektrizit\u00e4tsgesellschaft f\u00e4hrt mit seinem Motorrad die Bahnstrecke entlang in Richtung Terborg. Auf der R\u00fcckseite des Gep\u00e4cktr\u00e4gers befindet sich eine gusseiserne Kabelmuffe Er ist auf dem Weg nach Lovink und sucht eine Alternative zu deutschen Kabelbahnen. Diese Suche endet gut. Kurz darauf lieferte Lovink die ersten Kabelmuffen an PGEM, den Vorg\u00e4nger des heutigen Alliander. Dabei spielt Lovink eine Schl\u00fcsselrolle bei der Einf\u00fchrung der ersten unterirdischen Stromnetze in den Niederlanden. <\/em><\/p>\n<p>Seit unserer Gr\u00fcndung im Jahr 1911 bauen wir auf dieser<strong> innovativen Tradition<\/strong> auf. Heute ist Lovink als zuverl\u00e4ssiger Partner f\u00fcr hochwertige Kabelverbindungen bekannt. Unsere St\u00e4rke liegt in langfristigen Kooperationen mit Kunden und Partnern auf der ganzen Welt. Nicht nur <strong>Energieunternehmen<\/strong> verlassen sich auf unsere Expertise, sondern auch aufstrebende Sektoren wie <strong>nachhaltige Energieparks<\/strong> und <strong>Branchen<\/strong> wie <strong>Petrochemie,<\/strong> <strong>H\u00e4fen<\/strong> und <strong>Eisenbahninfrastruktur<\/strong>. Dank dieser langj\u00e4hrigen Beziehungen und unseres bew\u00e4hrten Wissens sind wir zu einem vertrauensw\u00fcrdigen Namen in der internationalen Energiebranche geworden.<\/p>\n<p><strong>1911 <\/strong> Gr\u00fcndung von Lovink<br \/>\n<strong>1919<\/strong> Lieferung der ersten Kabelverbindungen<br \/>\n<strong>1975<\/strong> Einf\u00fchrung von Lovinol-Gussharz-H\u00fcllen<br \/>\n<strong>1988 <\/strong>Einf\u00fchrung der 1<sup>.<\/sup> Generation von LoviSil\u00ae Fl\u00fcssigsilikon-Kabelmuffen mit gusseisernen Geh\u00e4usen<br \/>\n<strong>2001<\/strong> Einf\u00fchrung der 2<sup>.<\/sup> Generation von LoviSil\u00ae-Kabelmuffen mit Kunststoffgeh\u00e4usen<br \/>\n<strong>2004 <\/strong> Beginn der Exporte au\u00dferhalb Europas<br \/>\n<strong>2006<\/strong> Einf\u00fchrung der LoviSil\u00ae \u00d6lnachf\u00fcllmuffen<br \/>\n<strong>2009<\/strong> Einf\u00fchrung der LoviSil\u00ae Abzweig\/ Einspeisemuffen<br \/>\n<strong>2010<\/strong> Einf\u00fchrung der LoviSil\u00ae Crossbondingmuffen<br \/>\n<strong>2011<\/strong> 100-j\u00e4hriges Jubil\u00e4um \u2013 Vorbild Royal<br \/>\n<strong>2023<\/strong> Einf\u00fchrung der LoviSil\u00ae Kabelverbindungenmit Schalen aus recyceltem Kunststoff<br \/>\n<strong>2024 <\/strong>Einf\u00fchrung der<strong>\u00a0<\/strong>LoviX\u00ae R Verbindungsmuffen<\/p>\n<\/div><\/div><\/div><div class=\"fusion-layout-column fusion_builder_column fusion-builder-column-1 fusion_builder_column_1_3 1_3 fusion-flex-column\" style=\"--awb-bg-size:cover;--awb-width-large:33.333333333333%;--awb-margin-top-large:0px;--awb-spacing-right-large:5.76%;--awb-margin-bottom-large:32px;--awb-spacing-left-large:3.84%;--awb-width-medium:33.333333333333%;--awb-spacing-right-medium:5.76%;--awb-spacing-left-medium:3.84%;--awb-width-small:100%;--awb-spacing-right-small:1.92%;--awb-spacing-left-small:1.92%;\"><div class=\"fusion-column-wrapper fusion-flex-justify-content-flex-start fusion-content-layout-column\"><div class=\"fusion-image-element \" style=\"--awb-caption-title-font-family:var(--h2_typography-font-family);--awb-caption-title-font-weight:var(--h2_typography-font-weight);--awb-caption-title-font-style:var(--h2_typography-font-style);--awb-caption-title-size:var(--h2_typography-font-size);--awb-caption-title-transform:var(--h2_typography-text-transform);--awb-caption-title-line-height:var(--h2_typography-line-height);--awb-caption-title-letter-spacing:var(--h2_typography-letter-spacing);\"><span class=\" fusion-imageframe imageframe-none imageframe-1 hover-type-none\" style=\"border-radius:5px;\"><img decoding=\"async\" width=\"800\" height=\"534\" title=\"Geschichte des Lovink-Geb\u00e4udes\" src=\"https:\/\/www.lovink-enertech.com\/wp-content\/uploads\/2025\/12\/Historie-Lovink-gebouw.webp\" alt class=\"img-responsive wp-image-9622\" srcset=\"https:\/\/www.lovink-enertech.com\/wp-content\/uploads\/2025\/12\/Historie-Lovink-gebouw-300x200.webp 300w, https:\/\/www.lovink-enertech.com\/wp-content\/uploads\/2025\/12\/Historie-Lovink-gebouw-768x513.webp 768w, https:\/\/www.lovink-enertech.com\/wp-content\/uploads\/2025\/12\/Historie-Lovink-gebouw.webp 800w\" sizes=\"(max-width: 800px) 100vw, 800px\" \/><\/span><\/div><div class=\"fusion-image-element \" style=\"--awb-caption-title-font-family:var(--h2_typography-font-family);--awb-caption-title-font-weight:var(--h2_typography-font-weight);--awb-caption-title-font-style:var(--h2_typography-font-style);--awb-caption-title-size:var(--h2_typography-font-size);--awb-caption-title-transform:var(--h2_typography-text-transform);--awb-caption-title-line-height:var(--h2_typography-line-height);--awb-caption-title-letter-spacing:var(--h2_typography-letter-spacing);\"><span class=\" fusion-imageframe imageframe-none imageframe-2 hover-type-none\" style=\"border-radius:5px;\"><img decoding=\"async\" width=\"800\" height=\"502\" title=\"Historisches Kabelgelenk\" src=\"https:\/\/www.lovink-enertech.com\/wp-content\/uploads\/2025\/12\/Historische-kabelmof.webp\" alt class=\"img-responsive wp-image-9626\" srcset=\"https:\/\/www.lovink-enertech.com\/wp-content\/uploads\/2025\/12\/Historische-kabelmof-300x188.webp 300w, https:\/\/www.lovink-enertech.com\/wp-content\/uploads\/2025\/12\/Historische-kabelmof-768x482.webp 768w, https:\/\/www.lovink-enertech.com\/wp-content\/uploads\/2025\/12\/Historische-kabelmof.webp 800w\" sizes=\"(max-width: 800px) 100vw, 800px\" \/><\/span><\/div><\/div><\/div><\/div><\/div>\n","protected":false},"excerpt":{"rendered":"","protected":false},"author":6,"featured_media":0,"parent":0,"menu_order":0,"comment_status":"closed","ping_status":"closed","template":"100-width.php","meta":{"footnotes":""},"class_list":["post-18148","page","type-page","status-publish","hentry"],"yoast_head":"<!-- This site is optimized with the Yoast SEO plugin v27.3 - https:\/\/yoast.com\/product\/yoast-seo-wordpress\/ -->\n<title>Geschichte - Lovink Enertech<\/title>\n<meta name=\"robots\" content=\"index, follow, max-snippet:-1, max-image-preview:large, max-video-preview:-1\" \/>\n<link rel=\"canonical\" href=\"https:\/\/www.lovink-enertech.com\/de\/geschichte\/\" \/>\n<meta property=\"og:locale\" content=\"de_DE\" \/>\n<meta property=\"og:type\" content=\"article\" \/>\n<meta property=\"og:title\" content=\"Geschichte - Lovink Enertech\" \/>\n<meta property=\"og:url\" content=\"https:\/\/www.lovink-enertech.com\/de\/geschichte\/\" \/>\n<meta property=\"og:site_name\" content=\"Lovink Enertech\" \/>\n<meta property=\"article:modified_time\" content=\"2026-02-17T12:51:12+00:00\" \/>\n<meta name=\"twitter:card\" content=\"summary_large_image\" \/>\n<meta name=\"twitter:label1\" content=\"Gesch\u00e4tzte Lesezeit\" \/>\n\t<meta name=\"twitter:data1\" content=\"2\u00a0Minuten\" \/>\n<script type=\"application\/ld+json\" class=\"yoast-schema-graph\">{\"@context\":\"https:\\\/\\\/schema.org\",\"@graph\":[{\"@type\":\"WebPage\",\"@id\":\"https:\\\/\\\/www.lovink-enertech.com\\\/de\\\/geschichte\\\/\",\"url\":\"https:\\\/\\\/www.lovink-enertech.com\\\/de\\\/geschichte\\\/\",\"name\":\"Geschichte - Lovink Enertech\",\"isPartOf\":{\"@id\":\"https:\\\/\\\/www.lovink-enertech.com\\\/de\\\/#website\"},\"datePublished\":\"2026-01-15T11:55:32+00:00\",\"dateModified\":\"2026-02-17T12:51:12+00:00\",\"breadcrumb\":{\"@id\":\"https:\\\/\\\/www.lovink-enertech.com\\\/de\\\/geschichte\\\/#breadcrumb\"},\"inLanguage\":\"de\",\"potentialAction\":[{\"@type\":\"ReadAction\",\"target\":[\"https:\\\/\\\/www.lovink-enertech.com\\\/de\\\/geschichte\\\/\"]}]},{\"@type\":\"BreadcrumbList\",\"@id\":\"https:\\\/\\\/www.lovink-enertech.com\\\/de\\\/geschichte\\\/#breadcrumb\",\"itemListElement\":[{\"@type\":\"ListItem\",\"position\":1,\"name\":\"Home\",\"item\":\"https:\\\/\\\/www.lovink-enertech.com\\\/de\\\/\"},{\"@type\":\"ListItem\",\"position\":2,\"name\":\"Geschichte\"}]},{\"@type\":\"WebSite\",\"@id\":\"https:\\\/\\\/www.lovink-enertech.com\\\/de\\\/#website\",\"url\":\"https:\\\/\\\/www.lovink-enertech.com\\\/de\\\/\",\"name\":\"Lovink Enertech\",\"description\":\"Innovatieve producten en strategische productie\",\"potentialAction\":[{\"@type\":\"SearchAction\",\"target\":{\"@type\":\"EntryPoint\",\"urlTemplate\":\"https:\\\/\\\/www.lovink-enertech.com\\\/de\\\/?s={search_term_string}\"},\"query-input\":{\"@type\":\"PropertyValueSpecification\",\"valueRequired\":true,\"valueName\":\"search_term_string\"}}],\"inLanguage\":\"de\"}]}<\/script>\n<!-- \/ Yoast SEO plugin. -->","yoast_head_json":{"title":"Geschichte - Lovink Enertech","robots":{"index":"index","follow":"follow","max-snippet":"max-snippet:-1","max-image-preview":"max-image-preview:large","max-video-preview":"max-video-preview:-1"},"canonical":"https:\/\/www.lovink-enertech.com\/de\/geschichte\/","og_locale":"de_DE","og_type":"article","og_title":"Geschichte - Lovink Enertech","og_url":"https:\/\/www.lovink-enertech.com\/de\/geschichte\/","og_site_name":"Lovink Enertech","article_modified_time":"2026-02-17T12:51:12+00:00","twitter_card":"summary_large_image","twitter_misc":{"Gesch\u00e4tzte Lesezeit":"2\u00a0Minuten"},"schema":{"@context":"https:\/\/schema.org","@graph":[{"@type":"WebPage","@id":"https:\/\/www.lovink-enertech.com\/de\/geschichte\/","url":"https:\/\/www.lovink-enertech.com\/de\/geschichte\/","name":"Geschichte - Lovink Enertech","isPartOf":{"@id":"https:\/\/www.lovink-enertech.com\/de\/#website"},"datePublished":"2026-01-15T11:55:32+00:00","dateModified":"2026-02-17T12:51:12+00:00","breadcrumb":{"@id":"https:\/\/www.lovink-enertech.com\/de\/geschichte\/#breadcrumb"},"inLanguage":"de","potentialAction":[{"@type":"ReadAction","target":["https:\/\/www.lovink-enertech.com\/de\/geschichte\/"]}]},{"@type":"BreadcrumbList","@id":"https:\/\/www.lovink-enertech.com\/de\/geschichte\/#breadcrumb","itemListElement":[{"@type":"ListItem","position":1,"name":"Home","item":"https:\/\/www.lovink-enertech.com\/de\/"},{"@type":"ListItem","position":2,"name":"Geschichte"}]},{"@type":"WebSite","@id":"https:\/\/www.lovink-enertech.com\/de\/#website","url":"https:\/\/www.lovink-enertech.com\/de\/","name":"Lovink Enertech","description":"Innovatieve producten en strategische productie","potentialAction":[{"@type":"SearchAction","target":{"@type":"EntryPoint","urlTemplate":"https:\/\/www.lovink-enertech.com\/de\/?s={search_term_string}"},"query-input":{"@type":"PropertyValueSpecification","valueRequired":true,"valueName":"search_term_string"}}],"inLanguage":"de"}]}},"_links":{"self":[{"href":"https:\/\/www.lovink-enertech.com\/de\/wp-json\/wp\/v2\/pages\/18148","targetHints":{"allow":["GET"]}}],"collection":[{"href":"https:\/\/www.lovink-enertech.com\/de\/wp-json\/wp\/v2\/pages"}],"about":[{"href":"https:\/\/www.lovink-enertech.com\/de\/wp-json\/wp\/v2\/types\/page"}],"author":[{"embeddable":true,"href":"https:\/\/www.lovink-enertech.com\/de\/wp-json\/wp\/v2\/users\/6"}],"replies":[{"embeddable":true,"href":"https:\/\/www.lovink-enertech.com\/de\/wp-json\/wp\/v2\/comments?post=18148"}],"version-history":[{"count":4,"href":"https:\/\/www.lovink-enertech.com\/de\/wp-json\/wp\/v2\/pages\/18148\/revisions"}],"predecessor-version":[{"id":22681,"href":"https:\/\/www.lovink-enertech.com\/de\/wp-json\/wp\/v2\/pages\/18148\/revisions\/22681"}],"wp:attachment":[{"href":"https:\/\/www.lovink-enertech.com\/de\/wp-json\/wp\/v2\/media?parent=18148"}],"curies":[{"name":"wp","href":"https:\/\/api.w.org\/{rel}","templated":true}]}}