{"id":18226,"date":"2026-01-15T11:55:47","date_gmt":"2026-01-15T11:55:47","guid":{"rendered":"https:\/\/www.lovink-enertech.com\/lovix-technologie\/"},"modified":"2026-02-17T12:38:15","modified_gmt":"2026-02-17T12:38:15","slug":"lovix-technologie","status":"publish","type":"page","link":"https:\/\/www.lovink-enertech.com\/de\/lovix-technologie\/","title":{"rendered":"LoviX-Technologie\u00ae"},"content":{"rendered":"<div class=\"fusion-fullwidth fullwidth-box fusion-builder-row-1 fusion-flex-container nonhundred-percent-fullwidth non-hundred-percent-height-scrolling\" style=\"--awb-border-radius-top-left:0px;--awb-border-radius-top-right:0px;--awb-border-radius-bottom-right:0px;--awb-border-radius-bottom-left:0px;--awb-flex-wrap:wrap;\" ><div class=\"fusion-builder-row fusion-row fusion-flex-align-items-flex-start fusion-flex-content-wrap\" style=\"max-width:1248px;margin-left: calc(-4% \/ 2 );margin-right: calc(-4% \/ 2 );\"><div class=\"fusion-layout-column fusion_builder_column fusion-builder-column-0 fusion_builder_column_2_3 2_3 fusion-flex-column\" style=\"--awb-bg-size:cover;--awb-width-large:66.666666666667%;--awb-margin-top-large:0px;--awb-spacing-right-large:3.84%;--awb-margin-bottom-large:0px;--awb-spacing-left-large:2.88%;--awb-width-medium:66.666666666667%;--awb-spacing-right-medium:3.84%;--awb-spacing-left-medium:2.88%;--awb-width-small:100%;--awb-spacing-right-small:1.92%;--awb-spacing-left-small:1.92%;\"><div class=\"fusion-column-wrapper fusion-flex-justify-content-flex-start fusion-content-layout-column\"><div class=\"fusion-title title fusion-title-1 fusion-sep-none fusion-title-text fusion-title-size-one\" style=\"--awb-margin-top-small:0px;--awb-margin-right-small:0px;--awb-margin-bottom-small:16px;--awb-margin-left-small:0px;\"><h1 class=\"fusion-title-heading title-heading-left fusion-responsive-typography-calculated\" style=\"margin:0;--fontSize:30;line-height:1;\">LoviX-Technologie\u00ae<\/h1><\/div><div class=\"fusion-text fusion-text-1\"><p><strong>LoviX\u00ae R Verbindungsmuffen<\/strong> stellen einen neuen Standard in der Welt der <strong>unterirdischen Kabelverbindungen<\/strong> dar. Dank der Anwendung fortschrittlicher <strong>Kaltschrumpftechnologie<\/strong> und eines starken Kunststoffgeh\u00e4uses, das mit Protolinharz\u00ae gef\u00fcllt ist, bietet diese Verbindung eine au\u00dfergew\u00f6hnlich <strong>robuste und langlebige L\u00f6sung.<\/strong> LoviX\u00ae <strong>R-Muffen <\/strong>vereinen Leistung, Zuverl\u00e4ssigkeit und Einfachheit in einem System \u2013 konzipiert f\u00fcr langlebige und zukunftssichere Verbindungen.<\/p>\n<ul>\n<li>Eine ausgezeichnete wasserdichte Abdichtung verhindert das <strong>Eindringen von Feuchtigkeit<\/strong>.<\/li>\n<li>Optimal <strong>widerstandsf\u00e4hig gegen thermische Belastungen bei unterschiedlichen Spannungen<\/strong>.<\/li>\n<li>Zuverl\u00e4ssige Leistung sowohl bei <strong>hohen als auch bei niedrigen Temperaturen<\/strong>.<\/li>\n<\/ul>\n<h3>Schnell, sicher und mechanikerfreundlich<\/h3>\n<p>LoviX\u00ae R-Muffen sind darauf ausgelegt<strong>, eine schnelle, einfache und sichere Installation zu erm\u00f6glichen<\/strong>. Dank vertrauter Bauteile und einer <strong>Installation ohne offene Flammen<\/strong> ist die Installation sicher und mechanisch unabh\u00e4ngig. Das f\u00fchrt zu zufriedenen Menschen im Feld und zu deutlich geringerer Wahrscheinlichkeit von Montagefehlern.<\/p>\n<h3>Entworfen f\u00fcr die Netze von morgen<\/h3>\n<p>LoviX \u00ae R-Muffen werden f\u00fcr die Anforderungen <strong>zuk\u00fcnftiger MS-Netze<\/strong> vorbereitet. Die technischen Eigenschaften, wie eine elektrische Isolierung aus <strong>Silikonkautschuk<\/strong>, geometrische Feldsteuerung und eine zus\u00e4tzliche Panzerung aus Protolinharz\u00ae, gew\u00e4hrleisten eine langfristige Zuverl\u00e4ssigkeit.<\/p>\n<h3>Nachgewiesene Qualit\u00e4t<\/h3>\n<p>LoviSil\u00ae- und LoviX\u00ae R-Muffen wurden erfolgreich gem\u00e4\u00df den Standards CENELEC HD 629 und IEEE 404 getestet. Dies sind die h\u00f6chsten Anforderungen in Bezug auf mechanische Festigkeit.<\/p>\n<\/div><\/div><\/div><div class=\"fusion-layout-column fusion_builder_column fusion-builder-column-1 fusion_builder_column_1_3 1_3 fusion-flex-column\" style=\"--awb-bg-size:cover;--awb-width-large:33.333333333333%;--awb-margin-top-large:0px;--awb-spacing-right-large:5.76%;--awb-margin-bottom-large:32px;--awb-spacing-left-large:3.84%;--awb-width-medium:33.333333333333%;--awb-spacing-right-medium:5.76%;--awb-spacing-left-medium:3.84%;--awb-width-small:100%;--awb-spacing-right-small:1.92%;--awb-spacing-left-small:1.92%;\"><div class=\"fusion-column-wrapper fusion-flex-justify-content-flex-start fusion-content-layout-column\"><div class=\"fusion-image-element \" style=\"--awb-margin-bottom:20px;--awb-caption-title-font-family:var(--h2_typography-font-family);--awb-caption-title-font-weight:var(--h2_typography-font-weight);--awb-caption-title-font-style:var(--h2_typography-font-style);--awb-caption-title-size:var(--h2_typography-font-size);--awb-caption-title-transform:var(--h2_typography-text-transform);--awb-caption-title-line-height:var(--h2_typography-line-height);--awb-caption-title-letter-spacing:var(--h2_typography-letter-spacing);\"><span class=\" fusion-imageframe imageframe-none imageframe-1 hover-type-none\" style=\"border-radius:5px;\"><img decoding=\"async\" width=\"800\" height=\"450\" alt=\"LoviX R Anschlussh\u00fclse 12 24kV\" title=\"LoviX R Anschlussh\u00fclse 12 24kV\" src=\"https:\/\/www.lovink-enertech.com\/wp-content\/uploads\/2025\/12\/LoviX-R-Verbindingsmof.webp\" class=\"img-responsive wp-image-9459\" srcset=\"https:\/\/www.lovink-enertech.com\/wp-content\/uploads\/2025\/12\/LoviX-R-Verbindingsmof-300x169.webp 300w, https:\/\/www.lovink-enertech.com\/wp-content\/uploads\/2025\/12\/LoviX-R-Verbindingsmof-768x432.webp 768w, https:\/\/www.lovink-enertech.com\/wp-content\/uploads\/2025\/12\/LoviX-R-Verbindingsmof.webp 800w\" sizes=\"(max-width: 800px) 100vw, 800px\" \/><\/span><\/div><div class=\"fusion-image-element \" style=\"--awb-margin-bottom:20px;--awb-caption-title-font-family:var(--h2_typography-font-family);--awb-caption-title-font-weight:var(--h2_typography-font-weight);--awb-caption-title-font-style:var(--h2_typography-font-style);--awb-caption-title-size:var(--h2_typography-font-size);--awb-caption-title-transform:var(--h2_typography-text-transform);--awb-caption-title-line-height:var(--h2_typography-line-height);--awb-caption-title-letter-spacing:var(--h2_typography-letter-spacing);\"><span class=\" fusion-imageframe imageframe-none imageframe-2 hover-type-none\" style=\"border-radius:5px;\"><img decoding=\"async\" width=\"1920\" height=\"1277\" alt=\"LoviX R Teilestecker-Kit\" title=\"Kit LoviX R Anschlussh\u00fclse\" src=\"https:\/\/www.lovink-enertech.com\/wp-content\/uploads\/2025\/12\/Kit-LoviX-R-scaled.webp\" class=\"img-responsive wp-image-9463\" srcset=\"https:\/\/www.lovink-enertech.com\/wp-content\/uploads\/2025\/12\/Kit-LoviX-R-300x200.webp 300w, https:\/\/www.lovink-enertech.com\/wp-content\/uploads\/2025\/12\/Kit-LoviX-R-768x511.webp 768w, https:\/\/www.lovink-enertech.com\/wp-content\/uploads\/2025\/12\/Kit-LoviX-R-1024x681.webp 1024w, https:\/\/www.lovink-enertech.com\/wp-content\/uploads\/2025\/12\/Kit-LoviX-R-1536x1022.webp 1536w, https:\/\/www.lovink-enertech.com\/wp-content\/uploads\/2025\/12\/Kit-LoviX-R-scaled.webp 1920w\" sizes=\"(max-width: 1920px) 100vw, 1920px\" \/><\/span><\/div><div class=\"fusion-image-element \" style=\"--awb-caption-title-font-family:var(--h2_typography-font-family);--awb-caption-title-font-weight:var(--h2_typography-font-weight);--awb-caption-title-font-style:var(--h2_typography-font-style);--awb-caption-title-size:var(--h2_typography-font-size);--awb-caption-title-transform:var(--h2_typography-text-transform);--awb-caption-title-line-height:var(--h2_typography-line-height);--awb-caption-title-letter-spacing:var(--h2_typography-letter-spacing);\"><span class=\" fusion-imageframe imageframe-none imageframe-3 hover-type-none\" style=\"border-radius:5px;\"><img decoding=\"async\" width=\"504\" height=\"378\" alt=\"Installation LoviX R-Verbindungsh\u00fclsen mittelspannung\" title=\"Installation LoviX R-Verbindungsh\u00fclsen mittelspannung\" src=\"https:\/\/www.lovink-enertech.com\/wp-content\/uploads\/2025\/12\/Installatie-LoviX-R-verbindingsmoffen-middenspanning.webp\" class=\"img-responsive wp-image-9295\" srcset=\"https:\/\/www.lovink-enertech.com\/wp-content\/uploads\/2025\/12\/Installatie-LoviX-R-verbindingsmoffen-middenspanning-300x225.webp 300w, https:\/\/www.lovink-enertech.com\/wp-content\/uploads\/2025\/12\/Installatie-LoviX-R-verbindingsmoffen-middenspanning.webp 504w\" sizes=\"(max-width: 504px) 100vw, 504px\" \/><\/span><\/div><\/div><\/div><\/div><\/div>\n","protected":false},"excerpt":{"rendered":"","protected":false},"author":6,"featured_media":0,"parent":0,"menu_order":0,"comment_status":"closed","ping_status":"closed","template":"100-width.php","meta":{"footnotes":""},"class_list":["post-18226","page","type-page","status-publish","hentry"],"yoast_head":"<!-- This site is optimized with the Yoast SEO plugin v27.3 - https:\/\/yoast.com\/product\/yoast-seo-wordpress\/ -->\n<title>LoviX-Technologie\u00ae - Lovink Enertech<\/title>\n<meta name=\"robots\" content=\"index, follow, max-snippet:-1, max-image-preview:large, max-video-preview:-1\" \/>\n<link rel=\"canonical\" href=\"https:\/\/www.lovink-enertech.com\/de\/lovix-technologie\/\" \/>\n<meta property=\"og:locale\" content=\"de_DE\" \/>\n<meta property=\"og:type\" content=\"article\" \/>\n<meta property=\"og:title\" content=\"LoviX-Technologie\u00ae - Lovink Enertech\" \/>\n<meta property=\"og:url\" content=\"https:\/\/www.lovink-enertech.com\/de\/lovix-technologie\/\" \/>\n<meta property=\"og:site_name\" content=\"Lovink Enertech\" \/>\n<meta property=\"article:modified_time\" content=\"2026-02-17T12:38:15+00:00\" \/>\n<meta name=\"twitter:card\" content=\"summary_large_image\" \/>\n<meta name=\"twitter:label1\" content=\"Gesch\u00e4tzte Lesezeit\" \/>\n\t<meta name=\"twitter:data1\" content=\"2\u00a0Minuten\" \/>\n<script type=\"application\/ld+json\" class=\"yoast-schema-graph\">{\"@context\":\"https:\\\/\\\/schema.org\",\"@graph\":[{\"@type\":\"WebPage\",\"@id\":\"https:\\\/\\\/www.lovink-enertech.com\\\/de\\\/lovix-technologie\\\/\",\"url\":\"https:\\\/\\\/www.lovink-enertech.com\\\/de\\\/lovix-technologie\\\/\",\"name\":\"LoviX-Technologie\u00ae - Lovink Enertech\",\"isPartOf\":{\"@id\":\"https:\\\/\\\/www.lovink-enertech.com\\\/de\\\/#website\"},\"datePublished\":\"2026-01-15T11:55:47+00:00\",\"dateModified\":\"2026-02-17T12:38:15+00:00\",\"breadcrumb\":{\"@id\":\"https:\\\/\\\/www.lovink-enertech.com\\\/de\\\/lovix-technologie\\\/#breadcrumb\"},\"inLanguage\":\"de\",\"potentialAction\":[{\"@type\":\"ReadAction\",\"target\":[\"https:\\\/\\\/www.lovink-enertech.com\\\/de\\\/lovix-technologie\\\/\"]}]},{\"@type\":\"BreadcrumbList\",\"@id\":\"https:\\\/\\\/www.lovink-enertech.com\\\/de\\\/lovix-technologie\\\/#breadcrumb\",\"itemListElement\":[{\"@type\":\"ListItem\",\"position\":1,\"name\":\"Home\",\"item\":\"https:\\\/\\\/www.lovink-enertech.com\\\/de\\\/\"},{\"@type\":\"ListItem\",\"position\":2,\"name\":\"LoviX-Technologie\u00ae\"}]},{\"@type\":\"WebSite\",\"@id\":\"https:\\\/\\\/www.lovink-enertech.com\\\/de\\\/#website\",\"url\":\"https:\\\/\\\/www.lovink-enertech.com\\\/de\\\/\",\"name\":\"Lovink Enertech\",\"description\":\"Innovatieve producten en strategische productie\",\"potentialAction\":[{\"@type\":\"SearchAction\",\"target\":{\"@type\":\"EntryPoint\",\"urlTemplate\":\"https:\\\/\\\/www.lovink-enertech.com\\\/de\\\/?s={search_term_string}\"},\"query-input\":{\"@type\":\"PropertyValueSpecification\",\"valueRequired\":true,\"valueName\":\"search_term_string\"}}],\"inLanguage\":\"de\"}]}<\/script>\n<!-- \/ Yoast SEO plugin. -->","yoast_head_json":{"title":"LoviX-Technologie\u00ae - Lovink Enertech","robots":{"index":"index","follow":"follow","max-snippet":"max-snippet:-1","max-image-preview":"max-image-preview:large","max-video-preview":"max-video-preview:-1"},"canonical":"https:\/\/www.lovink-enertech.com\/de\/lovix-technologie\/","og_locale":"de_DE","og_type":"article","og_title":"LoviX-Technologie\u00ae - Lovink Enertech","og_url":"https:\/\/www.lovink-enertech.com\/de\/lovix-technologie\/","og_site_name":"Lovink Enertech","article_modified_time":"2026-02-17T12:38:15+00:00","twitter_card":"summary_large_image","twitter_misc":{"Gesch\u00e4tzte Lesezeit":"2\u00a0Minuten"},"schema":{"@context":"https:\/\/schema.org","@graph":[{"@type":"WebPage","@id":"https:\/\/www.lovink-enertech.com\/de\/lovix-technologie\/","url":"https:\/\/www.lovink-enertech.com\/de\/lovix-technologie\/","name":"LoviX-Technologie\u00ae - Lovink Enertech","isPartOf":{"@id":"https:\/\/www.lovink-enertech.com\/de\/#website"},"datePublished":"2026-01-15T11:55:47+00:00","dateModified":"2026-02-17T12:38:15+00:00","breadcrumb":{"@id":"https:\/\/www.lovink-enertech.com\/de\/lovix-technologie\/#breadcrumb"},"inLanguage":"de","potentialAction":[{"@type":"ReadAction","target":["https:\/\/www.lovink-enertech.com\/de\/lovix-technologie\/"]}]},{"@type":"BreadcrumbList","@id":"https:\/\/www.lovink-enertech.com\/de\/lovix-technologie\/#breadcrumb","itemListElement":[{"@type":"ListItem","position":1,"name":"Home","item":"https:\/\/www.lovink-enertech.com\/de\/"},{"@type":"ListItem","position":2,"name":"LoviX-Technologie\u00ae"}]},{"@type":"WebSite","@id":"https:\/\/www.lovink-enertech.com\/de\/#website","url":"https:\/\/www.lovink-enertech.com\/de\/","name":"Lovink Enertech","description":"Innovatieve producten en strategische productie","potentialAction":[{"@type":"SearchAction","target":{"@type":"EntryPoint","urlTemplate":"https:\/\/www.lovink-enertech.com\/de\/?s={search_term_string}"},"query-input":{"@type":"PropertyValueSpecification","valueRequired":true,"valueName":"search_term_string"}}],"inLanguage":"de"}]}},"_links":{"self":[{"href":"https:\/\/www.lovink-enertech.com\/de\/wp-json\/wp\/v2\/pages\/18226","targetHints":{"allow":["GET"]}}],"collection":[{"href":"https:\/\/www.lovink-enertech.com\/de\/wp-json\/wp\/v2\/pages"}],"about":[{"href":"https:\/\/www.lovink-enertech.com\/de\/wp-json\/wp\/v2\/types\/page"}],"author":[{"embeddable":true,"href":"https:\/\/www.lovink-enertech.com\/de\/wp-json\/wp\/v2\/users\/6"}],"replies":[{"embeddable":true,"href":"https:\/\/www.lovink-enertech.com\/de\/wp-json\/wp\/v2\/comments?post=18226"}],"version-history":[{"count":7,"href":"https:\/\/www.lovink-enertech.com\/de\/wp-json\/wp\/v2\/pages\/18226\/revisions"}],"predecessor-version":[{"id":22679,"href":"https:\/\/www.lovink-enertech.com\/de\/wp-json\/wp\/v2\/pages\/18226\/revisions\/22679"}],"wp:attachment":[{"href":"https:\/\/www.lovink-enertech.com\/de\/wp-json\/wp\/v2\/media?parent=18226"}],"curies":[{"name":"wp","href":"https:\/\/api.w.org\/{rel}","templated":true}]}}