{"id":11393,"date":"2026-01-15T09:16:51","date_gmt":"2026-01-15T09:16:51","guid":{"rendered":"https:\/\/www.lovink-enertech.com\/over-ons\/csr\/"},"modified":"2026-02-03T13:43:35","modified_gmt":"2026-02-03T13:43:35","slug":"csr","status":"publish","type":"page","link":"https:\/\/www.lovink-enertech.com\/it\/chi-siamo\/csr\/","title":{"rendered":"CSR"},"content":{"rendered":"<div class=\"fusion-fullwidth fullwidth-box fusion-builder-row-1 fusion-flex-container has-pattern-background has-mask-background nonhundred-percent-fullwidth non-hundred-percent-height-scrolling\" style=\"--awb-border-radius-top-left:0px;--awb-border-radius-top-right:0px;--awb-border-radius-bottom-right:0px;--awb-border-radius-bottom-left:0px;--awb-padding-top:0px;--awb-flex-wrap:wrap;\" ><div class=\"fusion-builder-row fusion-row fusion-flex-align-items-flex-start fusion-flex-content-wrap\" style=\"max-width:1248px;margin-left: calc(-4% \/ 2 );margin-right: calc(-4% \/ 2 );\"><div class=\"fusion-layout-column fusion_builder_column fusion-builder-column-0 fusion_builder_column_1_1 1_1 fusion-flex-column\" style=\"--awb-bg-size:cover;--awb-width-large:100%;--awb-margin-top-large:0px;--awb-spacing-right-large:1.92%;--awb-margin-bottom-large:0px;--awb-spacing-left-large:1.92%;--awb-width-medium:100%;--awb-spacing-right-medium:1.92%;--awb-spacing-left-medium:1.92%;--awb-width-small:100%;--awb-spacing-right-small:1.92%;--awb-spacing-left-small:1.92%;\"><div class=\"fusion-column-wrapper fusion-flex-justify-content-flex-start fusion-content-layout-column\"><div class=\"fusion-title title fusion-title-1 fusion-sep-none fusion-title-text fusion-title-size-one\" style=\"--awb-margin-top-small:0px;--awb-margin-right-small:0px;--awb-margin-bottom-small:16px;--awb-margin-left-small:0px;\"><h1 class=\"fusion-title-heading title-heading-left fusion-responsive-typography-calculated\" style=\"margin:0;--fontSize:30;line-height:1;\">CSR<\/h1><\/div><div class=\"fusion-title title fusion-title-2 fusion-sep-none fusion-title-text fusion-title-size-two\" style=\"--awb-margin-bottom:25px;--awb-margin-top-small:0px;--awb-margin-right-small:0px;--awb-margin-bottom-small:16px;--awb-margin-left-small:0px;\"><h2 class=\"fusion-title-heading title-heading-left fusion-responsive-typography-calculated\" style=\"margin:0;--fontSize:28;line-height:var(--awb-typography1-line-height);\">Le nostre operazioni<\/h2><\/div><div class=\"fusion-content-boxes content-boxes columns row fusion-columns-3 fusion-columns-total-6 fusion-content-boxes-1 content-boxes-icon-with-title content-left\" style=\"--awb-margin-bottom:0px;--awb-hover-accent-color:#333333;--awb-circle-hover-accent-color:#333333;\" data-animationOffset=\"top-into-view\"><div style=\"--awb-backgroundcolor:rgba(255,255,255,0);\" class=\"fusion-column content-box-column content-box-column content-box-column-1 col-lg-4 col-md-4 col-sm-4 fusion-content-box-hover content-box-column-first-in-row\"><div class=\"col content-box-wrapper content-wrapper link-area-link-icon icon-hover-animation-fade\" data-animationOffset=\"top-into-view\"><div class=\"heading heading-with-icon icon-left\"><div aria-hidden=\"true\" class=\"image\"><img decoding=\"async\" src=\"https:\/\/www.lovink-enertech.com\/wp-content\/uploads\/2018\/09\/iso-certificering.jpg\" width=\"50\" height=\"50\" alt=\"\" \/><\/div><h2 class=\"content-box-heading fusion-responsive-typography-calculated\" style=\"--h2_typography-font-size:18px;--fontSize:18;line-height:var(--awb-typography1-line-height);\">Certificazione ISO<\/h2><\/div><div class=\"fusion-clearfix\"><\/div><div class=\"content-container\">\n<p>Siamo certificati ISO 14001 e 9001 e rispettiamo tutte le leggi e le normative vigenti. Possiamo dimostrare che il sistema di gestione ambientale e della qualit\u00e0 \u00e8 incluso nei valori delle nostre operazioni commerciali.<\/p>\n<\/div><\/div><\/div><div style=\"--awb-backgroundcolor:rgba(255,255,255,0);\" class=\"fusion-column content-box-column content-box-column content-box-column-2 col-lg-4 col-md-4 col-sm-4 fusion-content-box-hover \"><div class=\"col content-box-wrapper content-wrapper link-area-link-icon icon-hover-animation-fade\" data-animationOffset=\"top-into-view\"><div class=\"heading heading-with-icon icon-left\"><div aria-hidden=\"true\" class=\"image\"><img decoding=\"async\" src=\"https:\/\/www.lovink-enertech.com\/wp-content\/uploads\/2018\/09\/duurzaam-ontwerp.jpg\" width=\"50\" height=\"50\" alt=\"\" \/><\/div><h2 class=\"content-box-heading fusion-responsive-typography-calculated\" style=\"--h2_typography-font-size:18px;--fontSize:18;line-height:var(--awb-typography1-line-height);\">Design sostenibile<\/h2><\/div><div class=\"fusion-clearfix\"><\/div><div class=\"content-container\">\n<p>I nostri accessori per cavi sono progettati e prodotti in modo sostenibile. L&#8217;aspetto pi\u00f9 importante della sostenibilit\u00e0 per Lovink \u00e8 la lunga durata del prodotto, almeno 50 anni. Data la lunga durata, questo significa un basso impatto ambientale.<\/p>\n<\/div><\/div><\/div><div style=\"--awb-backgroundcolor:rgba(255,255,255,0);\" class=\"fusion-column content-box-column content-box-column content-box-column-3 col-lg-4 col-md-4 col-sm-4 fusion-content-box-hover content-box-column-last-in-row\"><div class=\"col content-box-wrapper content-wrapper link-area-link-icon icon-hover-animation-fade\" data-animationOffset=\"top-into-view\"><div class=\"heading heading-with-icon icon-left\"><div aria-hidden=\"true\" class=\"image\"><img decoding=\"async\" src=\"https:\/\/www.lovink-enertech.com\/wp-content\/uploads\/2018\/09\/dematerialisatie.jpg\" width=\"50\" height=\"50\" alt=\"\" \/><\/div><h2 class=\"content-box-heading fusion-responsive-typography-calculated\" style=\"--h2_typography-font-size:18px;--fontSize:18;line-height:var(--awb-typography1-line-height);\">Dematerializzazione<\/h2><\/div><div class=\"fusion-clearfix\"><\/div><div class=\"content-container\">\n<p>La nostra nuova gamma di guaine per cavi si concentra sulla riduzione dell&#8217;uso di materiali e risorse durante la progettazione e la fabbricazione dei prodotti e lo svolgimento delle operazioni.<\/p>\n<\/div><\/div><\/div><div style=\"--awb-backgroundcolor:rgba(255,255,255,0);\" class=\"fusion-column content-box-column content-box-column content-box-column-4 col-lg-4 col-md-4 col-sm-4 fusion-content-box-hover content-box-column-first-in-row\"><div class=\"col content-box-wrapper content-wrapper link-area-link-icon icon-hover-animation-fade\" data-animationOffset=\"top-into-view\"><div class=\"heading heading-with-icon icon-left\"><div aria-hidden=\"true\" class=\"image\"><img decoding=\"async\" src=\"https:\/\/www.lovink-enertech.com\/wp-content\/uploads\/2018\/09\/gebruiksvriendelijkheid.jpg\" width=\"50\" height=\"50\" alt=\"\" \/><\/div><h2 class=\"content-box-heading fusion-responsive-typography-calculated\" style=\"--h2_typography-font-size:18px;--fontSize:18;line-height:var(--awb-typography1-line-height);\">Usabilit\u00e0<\/h2><\/div><div class=\"fusion-clearfix\"><\/div><div class=\"content-container\">\n<p>Sviluppiamo prodotti in cui la facilit\u00e0 d&#8217;uso \u00e8 fondamentale. Ci\u00f2 significa che i prodotti sono facili da assemblare, che l&#8217;installatore deve eseguire il minor numero possibile di operazioni e che le possibilit\u00e0 di errore sono minime. Questo rende il processo di assemblaggio meno stressante per l&#8217;installatore, favorisce la durata dei prodotti e previene gli sprechi dovuti a parti\/prodotti assemblati in modo errato.<\/p>\n<\/div><\/div><\/div><div style=\"--awb-backgroundcolor:rgba(255,255,255,0);\" class=\"fusion-column content-box-column content-box-column content-box-column-5 col-lg-4 col-md-4 col-sm-4 fusion-content-box-hover \"><div class=\"col content-box-wrapper content-wrapper link-area-link-icon icon-hover-animation-fade\" data-animationOffset=\"top-into-view\"><div class=\"heading heading-with-icon icon-left\"><div aria-hidden=\"true\" class=\"image\"><img decoding=\"async\" src=\"https:\/\/www.lovink-enertech.com\/wp-content\/uploads\/2018\/09\/inkoop-dicht-bij-huis.jpg\" width=\"50\" height=\"50\" alt=\"\" \/><\/div><h2 class=\"content-box-heading fusion-responsive-typography-calculated\" style=\"--h2_typography-font-size:18px;--fontSize:18;line-height:var(--awb-typography1-line-height);\">Approvvigionamento vicino a casa<\/h2><\/div><div class=\"fusion-clearfix\"><\/div><div class=\"content-container\">\n<p>Ci riforniamo della maggior parte dei prodotti e dei materiali vicino a casa, ovvero principalmente nei Paesi Bassi, in Germania, in Belgio e nel Regno Unito. Quando acquistiamo nuovi prodotti, cerchiamo di raggruppare i pacchetti dei nostri attuali fornitori. Questo ci permette di rendere pi\u00f9 efficienti i percorsi di trasporto e di ridurre le emissioni di CO2.<\/p>\n<\/div><\/div><\/div><div style=\"--awb-backgroundcolor:rgba(255,255,255,0);\" class=\"fusion-column content-box-column content-box-column content-box-column-6 col-lg-4 col-md-4 col-sm-4 fusion-content-box-hover content-box-column-last content-box-column-last-in-row\"><div class=\"col content-box-wrapper content-wrapper link-area-link-icon icon-hover-animation-fade\" data-animationOffset=\"top-into-view\"><div class=\"heading heading-with-icon icon-left\"><div aria-hidden=\"true\" class=\"image\"><img decoding=\"async\" src=\"https:\/\/www.lovink-enertech.com\/wp-content\/uploads\/2018\/09\/sociale-uitbesteding.jpg\" width=\"50\" height=\"50\" alt=\"\" \/><\/div><h2 class=\"content-box-heading fusion-responsive-typography-calculated\" style=\"--h2_typography-font-size:18px;--fontSize:18;line-height:var(--awb-typography1-line-height);\">Outsourcing sociale<\/h2><\/div><div class=\"fusion-clearfix\"><\/div><div class=\"content-container\">\n<p>Ove possibile, affidiamo il lavoro a imprese socialmente responsabili, come le istituzioni che impiegano persone con abilit\u00e0 limitate. Inoltre, ci\u00f2 contribuisce allo sviluppo di fornitori locali, all&#8217;occupazione locale e quindi all&#8217;economia locale.<\/p>\n<\/div><\/div><\/div><div class=\"fusion-clearfix\"><\/div><\/div><\/div><\/div><div class=\"fusion-layout-column fusion_builder_column fusion-builder-column-1 fusion_builder_column_1_1 1_1 fusion-flex-column\" style=\"--awb-bg-size:cover;--awb-width-large:100%;--awb-margin-top-large:0px;--awb-spacing-right-large:1.92%;--awb-margin-bottom-large:32px;--awb-spacing-left-large:1.92%;--awb-width-medium:100%;--awb-spacing-right-medium:1.92%;--awb-spacing-left-medium:1.92%;--awb-width-small:100%;--awb-spacing-right-small:1.92%;--awb-spacing-left-small:1.92%;\"><div class=\"fusion-column-wrapper fusion-flex-justify-content-flex-start fusion-content-layout-column\"><div class=\"fusion-title title fusion-title-3 fusion-sep-none fusion-title-text fusion-title-size-two\" style=\"--awb-margin-bottom:0px;--awb-margin-top-small:0px;--awb-margin-right-small:0px;--awb-margin-bottom-small:16px;--awb-margin-left-small:0px;\"><h2 class=\"fusion-title-heading title-heading-left fusion-responsive-typography-calculated\" style=\"margin:0;--fontSize:28;line-height:var(--awb-typography1-line-height);\">La nostra ambizione<\/h2><\/div><div class=\"fusion-text fusion-text-1\"><p><strong>&#8221;La nostra ambizione come PMI \u00e8 quella di contribuire al massimo alla CSR e al business sostenibile&#8221;.<\/strong><\/p>\n<p>Ci rendiamo conto che i clienti chiedono sempre pi\u00f9 spesso prodotti sostenibili. Per soddisfare questa richiesta, la nostra ambizione \u00e8 quella di creare un &#8220;Prodotto Responsabile&#8221;. Per tradurre questa ambizione in obiettivi concreti, in consultazione con gli stakeholder abbiamo identificato quattro pilastri di CSR su cui vogliamo concentrarci nei prossimi anni. Vogliamo concentrarci su questi pilastri: acquisti sostenibili, responsabilit\u00e0 della catena di approvvigionamento, sviluppo ambientale dei prodotti e comunicazione.   <\/p>\n<p>Ad esempio, abbiamo avviato un processo per approvvigionarci di prodotti e materiali in modo sostenibile, valutare e selezionare i fornitori in base a criteri di CSR e rendere pi\u00f9 efficienti i percorsi di trasporto. Inoltre, elimineremo l&#8217;uso di sostanze pericolose e svilupperemo prodotti innovativi e socialmente responsabili. Vogliamo che la CSR faccia parte della nostra cultura aziendale.  <\/p>\n<p>Ci impegniamo a fare scelte sostenibili nelle nostre operazioni. Nel farlo, ci concentriamo sui seguenti temi: Approvvigionamento sostenibile, responsabilit\u00e0 della catena di approvvigionamento, sviluppo ambientale dei prodotti e comunicazione.<\/p>\n<\/div><\/div><\/div><div class=\"fusion-layout-column fusion_builder_column fusion-builder-column-2 fusion_builder_column_1_1 1_1 fusion-flex-column\" style=\"--awb-bg-size:cover;--awb-width-large:100%;--awb-margin-top-large:0px;--awb-spacing-right-large:1.92%;--awb-margin-bottom-large:32px;--awb-spacing-left-large:1.92%;--awb-width-medium:100%;--awb-spacing-right-medium:1.92%;--awb-spacing-left-medium:1.92%;--awb-width-small:100%;--awb-spacing-right-small:1.92%;--awb-spacing-left-small:1.92%;\"><div class=\"fusion-column-wrapper fusion-flex-justify-content-flex-start fusion-content-layout-column\"><div class=\"fusion-title title fusion-title-4 fusion-sep-none fusion-title-text fusion-title-size-two\" style=\"--awb-margin-bottom:0px;--awb-margin-top-small:0px;--awb-margin-right-small:0px;--awb-margin-bottom-small:16px;--awb-margin-left-small:0px;\"><h2 class=\"fusion-title-heading title-heading-left fusion-responsive-typography-calculated\" style=\"margin:0;--fontSize:28;line-height:var(--awb-typography1-line-height);\">I nostri pilastri della CSR<\/h2><\/div><div class=\"fusion-text fusion-text-2\"><p><strong>&#8216;<\/strong><strong>Ci sentiamo responsabili degli effetti delle nostre attivit\u00e0 commerciali sulle persone e sull&#8217;ambiente. Concentrandoci su una serie di pilastri della CSR nei prossimi anni, vogliamo contribuire a un mondo sostenibile&#8221;.<\/strong><\/p>\n<p><strong>Approvvigionamento sostenibile<br \/>\n<\/strong>Il nostro obiettivo \u00e8 quello di acquistare prodotti e materiali in modo sostenibile. Vogliamo che durante il processo di approvvigionamento non vengano considerati solo il prezzo, la qualit\u00e0 e i tempi di consegna di un prodotto, ma anche gli aspetti sociali e ambientali. Vogliamo includere i criteri di sostenibilit\u00e0 nelle decisioni di acquisto e di sviluppo.  <\/p>\n<p><strong>Responsabilit\u00e0 di filiera<br \/>\n<\/strong>Vogliamo discutere attivamente i temi della sostenibilit\u00e0 con i fornitori. Vogliamo utilizzare un codice fornitore per spiegare ai fornitori perch\u00e9 consideriamo la sostenibilit\u00e0 importante e cosa ci aspettiamo dai nostri fornitori in questo ambito. Vogliamo inoltre selezionare i nostri fornitori pi\u00f9 grandi e nuovi sulla base di criteri di CSR, tra gli altri.  <\/p>\n<p><strong>Sviluppo dei prodotti orientato all&#8217;ambiente<br \/>\n<\/strong>Vogliamo innovare costantemente in un&#8217;ottica di CSR. Lo facciamo considerando gi\u00e0 in fase di progettazione la scelta delle materie prime, la qualit\u00e0, la sostenibilit\u00e0 e la facilit\u00e0 d&#8217;uso. <\/p>\n<p>Vogliamo ridurre gli effetti del trasporto sull&#8217;ambiente e sugli ecosistemi rifornendoci di prodotti vicini a casa.<\/p>\n<p>Ci impegniamo a eliminare\/ridurre l&#8217;uso di sostanze pericolose nei prodotti, nei processi produttivi e\/o nei servizi, laddove possibile, per evitare danni ambientali.<\/p>\n<p><strong>Comunicazione<br \/>\n<\/strong>Ci impegniamo a comunicare in modo efficace e tempestivo la CSR agli stakeholder, interni ed esterni.<\/p>\n<\/div><\/div><\/div><\/div><\/div>\n","protected":false},"excerpt":{"rendered":"","protected":false},"author":1,"featured_media":21550,"parent":21247,"menu_order":3,"comment_status":"closed","ping_status":"closed","template":"","meta":{"footnotes":""},"class_list":["post-11393","page","type-page","status-publish","has-post-thumbnail","hentry"],"yoast_head":"<!-- This site is optimized with the Yoast SEO plugin v27.4 - https:\/\/yoast.com\/product\/yoast-seo-wordpress\/ -->\n<title>CSR - Lovink Enertech<\/title>\n<meta name=\"robots\" content=\"index, follow, max-snippet:-1, max-image-preview:large, max-video-preview:-1\" \/>\n<link rel=\"canonical\" href=\"https:\/\/www.lovink-enertech.com\/it\/chi-siamo\/csr\/\" \/>\n<meta property=\"og:locale\" content=\"it_IT\" \/>\n<meta property=\"og:type\" content=\"article\" \/>\n<meta property=\"og:title\" content=\"CSR - Lovink Enertech\" \/>\n<meta property=\"og:url\" content=\"https:\/\/www.lovink-enertech.com\/it\/chi-siamo\/csr\/\" \/>\n<meta property=\"og:site_name\" content=\"Lovink Enertech\" \/>\n<meta property=\"article:modified_time\" content=\"2026-02-03T13:43:35+00:00\" \/>\n<meta property=\"og:image\" content=\"https:\/\/www.lovink-enertech.com\/wp-content\/uploads\/2018\/10\/mvo.jpg\" \/>\n\t<meta property=\"og:image:width\" content=\"1000\" \/>\n\t<meta property=\"og:image:height\" content=\"667\" \/>\n\t<meta property=\"og:image:type\" content=\"image\/jpeg\" \/>\n<meta name=\"twitter:card\" content=\"summary_large_image\" \/>\n<meta name=\"twitter:label1\" content=\"Tempo di lettura stimato\" \/>\n\t<meta name=\"twitter:data1\" content=\"11 minuti\" \/>\n<script type=\"application\/ld+json\" class=\"yoast-schema-graph\">{\"@context\":\"https:\\\/\\\/schema.org\",\"@graph\":[{\"@type\":\"WebPage\",\"@id\":\"https:\\\/\\\/www.lovink-enertech.com\\\/it\\\/chi-siamo\\\/csr\\\/\",\"url\":\"https:\\\/\\\/www.lovink-enertech.com\\\/it\\\/chi-siamo\\\/csr\\\/\",\"name\":\"CSR - Lovink Enertech\",\"isPartOf\":{\"@id\":\"https:\\\/\\\/www.lovink-enertech.com\\\/it\\\/#website\"},\"primaryImageOfPage\":{\"@id\":\"https:\\\/\\\/www.lovink-enertech.com\\\/it\\\/chi-siamo\\\/csr\\\/#primaryimage\"},\"image\":{\"@id\":\"https:\\\/\\\/www.lovink-enertech.com\\\/it\\\/chi-siamo\\\/csr\\\/#primaryimage\"},\"thumbnailUrl\":\"https:\\\/\\\/www.lovink-enertech.com\\\/wp-content\\\/uploads\\\/2018\\\/10\\\/mvo.jpg\",\"datePublished\":\"2026-01-15T09:16:51+00:00\",\"dateModified\":\"2026-02-03T13:43:35+00:00\",\"breadcrumb\":{\"@id\":\"https:\\\/\\\/www.lovink-enertech.com\\\/it\\\/chi-siamo\\\/csr\\\/#breadcrumb\"},\"inLanguage\":\"it-IT\",\"potentialAction\":[{\"@type\":\"ReadAction\",\"target\":[\"https:\\\/\\\/www.lovink-enertech.com\\\/it\\\/chi-siamo\\\/csr\\\/\"]}]},{\"@type\":\"ImageObject\",\"inLanguage\":\"it-IT\",\"@id\":\"https:\\\/\\\/www.lovink-enertech.com\\\/it\\\/chi-siamo\\\/csr\\\/#primaryimage\",\"url\":\"https:\\\/\\\/www.lovink-enertech.com\\\/wp-content\\\/uploads\\\/2018\\\/10\\\/mvo.jpg\",\"contentUrl\":\"https:\\\/\\\/www.lovink-enertech.com\\\/wp-content\\\/uploads\\\/2018\\\/10\\\/mvo.jpg\",\"width\":1000,\"height\":667},{\"@type\":\"BreadcrumbList\",\"@id\":\"https:\\\/\\\/www.lovink-enertech.com\\\/it\\\/chi-siamo\\\/csr\\\/#breadcrumb\",\"itemListElement\":[{\"@type\":\"ListItem\",\"position\":1,\"name\":\"Home\",\"item\":\"https:\\\/\\\/www.lovink-enertech.com\\\/it\\\/\"},{\"@type\":\"ListItem\",\"position\":2,\"name\":\"Chi siamo\",\"item\":\"https:\\\/\\\/www.lovink-enertech.com\\\/it\\\/chi-siamo\\\/\"},{\"@type\":\"ListItem\",\"position\":3,\"name\":\"CSR\"}]},{\"@type\":\"WebSite\",\"@id\":\"https:\\\/\\\/www.lovink-enertech.com\\\/it\\\/#website\",\"url\":\"https:\\\/\\\/www.lovink-enertech.com\\\/it\\\/\",\"name\":\"Lovink Enertech\",\"description\":\"Innovatieve producten en strategische productie\",\"potentialAction\":[{\"@type\":\"SearchAction\",\"target\":{\"@type\":\"EntryPoint\",\"urlTemplate\":\"https:\\\/\\\/www.lovink-enertech.com\\\/it\\\/?s={search_term_string}\"},\"query-input\":{\"@type\":\"PropertyValueSpecification\",\"valueRequired\":true,\"valueName\":\"search_term_string\"}}],\"inLanguage\":\"it-IT\"}]}<\/script>\n<!-- \/ Yoast SEO plugin. -->","yoast_head_json":{"title":"CSR - Lovink Enertech","robots":{"index":"index","follow":"follow","max-snippet":"max-snippet:-1","max-image-preview":"max-image-preview:large","max-video-preview":"max-video-preview:-1"},"canonical":"https:\/\/www.lovink-enertech.com\/it\/chi-siamo\/csr\/","og_locale":"it_IT","og_type":"article","og_title":"CSR - Lovink Enertech","og_url":"https:\/\/www.lovink-enertech.com\/it\/chi-siamo\/csr\/","og_site_name":"Lovink Enertech","article_modified_time":"2026-02-03T13:43:35+00:00","og_image":[{"width":1000,"height":667,"url":"https:\/\/www.lovink-enertech.com\/wp-content\/uploads\/2018\/10\/mvo.jpg","type":"image\/jpeg"}],"twitter_card":"summary_large_image","twitter_misc":{"Tempo di lettura stimato":"11 minuti"},"schema":{"@context":"https:\/\/schema.org","@graph":[{"@type":"WebPage","@id":"https:\/\/www.lovink-enertech.com\/it\/chi-siamo\/csr\/","url":"https:\/\/www.lovink-enertech.com\/it\/chi-siamo\/csr\/","name":"CSR - Lovink Enertech","isPartOf":{"@id":"https:\/\/www.lovink-enertech.com\/it\/#website"},"primaryImageOfPage":{"@id":"https:\/\/www.lovink-enertech.com\/it\/chi-siamo\/csr\/#primaryimage"},"image":{"@id":"https:\/\/www.lovink-enertech.com\/it\/chi-siamo\/csr\/#primaryimage"},"thumbnailUrl":"https:\/\/www.lovink-enertech.com\/wp-content\/uploads\/2018\/10\/mvo.jpg","datePublished":"2026-01-15T09:16:51+00:00","dateModified":"2026-02-03T13:43:35+00:00","breadcrumb":{"@id":"https:\/\/www.lovink-enertech.com\/it\/chi-siamo\/csr\/#breadcrumb"},"inLanguage":"it-IT","potentialAction":[{"@type":"ReadAction","target":["https:\/\/www.lovink-enertech.com\/it\/chi-siamo\/csr\/"]}]},{"@type":"ImageObject","inLanguage":"it-IT","@id":"https:\/\/www.lovink-enertech.com\/it\/chi-siamo\/csr\/#primaryimage","url":"https:\/\/www.lovink-enertech.com\/wp-content\/uploads\/2018\/10\/mvo.jpg","contentUrl":"https:\/\/www.lovink-enertech.com\/wp-content\/uploads\/2018\/10\/mvo.jpg","width":1000,"height":667},{"@type":"BreadcrumbList","@id":"https:\/\/www.lovink-enertech.com\/it\/chi-siamo\/csr\/#breadcrumb","itemListElement":[{"@type":"ListItem","position":1,"name":"Home","item":"https:\/\/www.lovink-enertech.com\/it\/"},{"@type":"ListItem","position":2,"name":"Chi siamo","item":"https:\/\/www.lovink-enertech.com\/it\/chi-siamo\/"},{"@type":"ListItem","position":3,"name":"CSR"}]},{"@type":"WebSite","@id":"https:\/\/www.lovink-enertech.com\/it\/#website","url":"https:\/\/www.lovink-enertech.com\/it\/","name":"Lovink Enertech","description":"Innovatieve producten en strategische productie","potentialAction":[{"@type":"SearchAction","target":{"@type":"EntryPoint","urlTemplate":"https:\/\/www.lovink-enertech.com\/it\/?s={search_term_string}"},"query-input":{"@type":"PropertyValueSpecification","valueRequired":true,"valueName":"search_term_string"}}],"inLanguage":"it-IT"}]}},"_links":{"self":[{"href":"https:\/\/www.lovink-enertech.com\/it\/wp-json\/wp\/v2\/pages\/11393","targetHints":{"allow":["GET"]}}],"collection":[{"href":"https:\/\/www.lovink-enertech.com\/it\/wp-json\/wp\/v2\/pages"}],"about":[{"href":"https:\/\/www.lovink-enertech.com\/it\/wp-json\/wp\/v2\/types\/page"}],"author":[{"embeddable":true,"href":"https:\/\/www.lovink-enertech.com\/it\/wp-json\/wp\/v2\/users\/1"}],"replies":[{"embeddable":true,"href":"https:\/\/www.lovink-enertech.com\/it\/wp-json\/wp\/v2\/comments?post=11393"}],"version-history":[{"count":1,"href":"https:\/\/www.lovink-enertech.com\/it\/wp-json\/wp\/v2\/pages\/11393\/revisions"}],"predecessor-version":[{"id":11396,"href":"https:\/\/www.lovink-enertech.com\/it\/wp-json\/wp\/v2\/pages\/11393\/revisions\/11396"}],"up":[{"embeddable":true,"href":"https:\/\/www.lovink-enertech.com\/it\/wp-json\/wp\/v2\/pages\/21247"}],"wp:featuredmedia":[{"embeddable":true,"href":"https:\/\/www.lovink-enertech.com\/it\/wp-json\/wp\/v2\/media\/21550"}],"wp:attachment":[{"href":"https:\/\/www.lovink-enertech.com\/it\/wp-json\/wp\/v2\/media?parent=11393"}],"curies":[{"name":"wp","href":"https:\/\/api.w.org\/{rel}","templated":true}]}}