{"id":12140,"date":"2026-01-15T10:38:11","date_gmt":"2026-01-15T10:38:11","guid":{"rendered":"https:\/\/www.lovink-enertech.com\/colleghi-raccontano\/"},"modified":"2026-01-15T10:38:15","modified_gmt":"2026-01-15T10:38:15","slug":"colleghi-raccontano","status":"publish","type":"page","link":"https:\/\/www.lovink-enertech.com\/it\/colleghi-raccontano\/","title":{"rendered":"Colleghi raccontano"},"content":{"rendered":"<div class=\"fusion-fullwidth fullwidth-box fusion-builder-row-1 fusion-flex-container has-pattern-background has-mask-background nonhundred-percent-fullwidth non-hundred-percent-height-scrolling\" style=\"--awb-border-radius-top-left:0px;--awb-border-radius-top-right:0px;--awb-border-radius-bottom-right:0px;--awb-border-radius-bottom-left:0px;--awb-padding-top:0px;--awb-flex-wrap:wrap;\" ><div class=\"fusion-builder-row fusion-row fusion-flex-align-items-flex-start fusion-flex-content-wrap\" style=\"max-width:1248px;margin-left: calc(-4% \/ 2 );margin-right: calc(-4% \/ 2 );\"><div class=\"fusion-layout-column fusion_builder_column fusion-builder-column-0 fusion_builder_column_1_1 1_1 fusion-flex-column\" style=\"--awb-bg-size:cover;--awb-width-large:100%;--awb-margin-top-large:0px;--awb-spacing-right-large:1.92%;--awb-margin-bottom-large:32px;--awb-spacing-left-large:1.92%;--awb-width-medium:100%;--awb-order-medium:0;--awb-spacing-right-medium:1.92%;--awb-spacing-left-medium:1.92%;--awb-width-small:100%;--awb-order-small:0;--awb-spacing-right-small:1.92%;--awb-spacing-left-small:1.92%;\"><div class=\"fusion-column-wrapper fusion-column-has-shadow fusion-flex-justify-content-flex-start fusion-content-layout-column\"><div class=\"fusion-title title fusion-title-1 fusion-sep-none fusion-title-text fusion-title-size-one\" style=\"--awb-margin-top-small:0px;--awb-margin-right-small:0px;--awb-margin-bottom-small:16px;--awb-margin-left-small:0px;\"><h1 class=\"fusion-title-heading title-heading-left fusion-responsive-typography-calculated\" style=\"margin:0;--fontSize:30;line-height:1;\">L&#8217;energia si crea insieme<\/h1><\/div><div class=\"fusion-text fusion-text-1\"><p>In Lovink Enertech, crediamo nel potere della collaborazione; Producete energia insieme. Ma cosa rende cos\u00ec speciale lavorare alla Lovink? Scoprilo leggendo le storie dei nostri colleghi e fatti un&#8217;idea del nostro legame con l&#8217;energia.  <\/p>\n<p>Il nostro team comprende sviluppatori, operatori di produzione, specialisti nel campo degli acquisti e della logistica, account manager e colleghi di supporto in finanza, risorse umane e comunicazione. Insieme superiamo i limiti, sia letteralmente che figurativamente. Innovando costantemente, restiamo leader e possiamo giustamente essere definiti specialisti nel nostro mercato. Ma ci\u00f2 di cui siamo davvero orgogliosi \u00e8 la nostra passione e motivazione. Da Lovink Enertech troverai un team di persone motivate, giovani e anziane, che si impegnano a offrire il miglior prodotto ogni giorno.    <\/p>\n<p>La soddisfazione lavorativa \u00e8 per noi di fondamentale importanza e lo si percepisce in tutto ci\u00f2 che facciamo. Unisciti al nostro team e costruiamo insieme un futuro in cui sostenibilit\u00e0 e progresso vadano di pari passo.<\/p>\n<\/div><div class=\"shortcode-wrapper\" id=\"shortcode_69d4b7bac1f43\"><div class=\"posts-wrapper mensen \"data-template=\"memberStories\" data-shortcode-id=\"shortcode_69d4b7bac1f43\"><div class=\"posts-container\"><a href=\"https:\/\/www.lovink-enertech.com\/it\/mensen\/marco\/\" class=\"single single-mensen\"><div class=\"post-image\"><img decoding=\"async\" src=\"https:\/\/www.lovink-enertech.com\/wp-content\/uploads\/2018\/09\/Marco-LSR.jpg\" alt=\"\" title=\"Marco-LSR\" class=\"image\" \/><\/div><div class=\"post-content\"><h3 class=\"title\">Marco<\/h3><div class=\"member-info-wrapper\"><span class=\"function\">Teamleider LSR Productie<\/span><\/div><\/div><\/a><\/div><\/div><\/div><\/div><\/div><\/div><\/div>\n","protected":false},"excerpt":{"rendered":"","protected":false},"author":1,"featured_media":0,"parent":0,"menu_order":0,"comment_status":"closed","ping_status":"closed","template":"","meta":{"footnotes":""},"class_list":["post-12140","page","type-page","status-publish","hentry"],"yoast_head":"<!-- This site is optimized with the Yoast SEO plugin v27.3 - https:\/\/yoast.com\/product\/yoast-seo-wordpress\/ -->\n<title>Colleghi raccontano - Lovink Enertech<\/title>\n<meta name=\"robots\" content=\"index, follow, max-snippet:-1, max-image-preview:large, max-video-preview:-1\" \/>\n<link rel=\"canonical\" href=\"https:\/\/www.lovink-enertech.com\/it\/colleghi-raccontano\/\" \/>\n<meta property=\"og:locale\" content=\"it_IT\" \/>\n<meta property=\"og:type\" content=\"article\" \/>\n<meta property=\"og:title\" content=\"Colleghi raccontano - Lovink Enertech\" \/>\n<meta property=\"og:url\" content=\"https:\/\/www.lovink-enertech.com\/it\/colleghi-raccontano\/\" \/>\n<meta property=\"og:site_name\" content=\"Lovink Enertech\" \/>\n<meta property=\"article:modified_time\" content=\"2026-01-15T10:38:15+00:00\" \/>\n<meta name=\"twitter:card\" content=\"summary_large_image\" \/>\n<meta name=\"twitter:label1\" content=\"Tempo di lettura stimato\" \/>\n\t<meta name=\"twitter:data1\" content=\"6 minuti\" \/>\n<script type=\"application\/ld+json\" class=\"yoast-schema-graph\">{\"@context\":\"https:\\\/\\\/schema.org\",\"@graph\":[{\"@type\":\"WebPage\",\"@id\":\"https:\\\/\\\/www.lovink-enertech.com\\\/it\\\/colleghi-raccontano\\\/\",\"url\":\"https:\\\/\\\/www.lovink-enertech.com\\\/it\\\/colleghi-raccontano\\\/\",\"name\":\"Colleghi raccontano - Lovink Enertech\",\"isPartOf\":{\"@id\":\"https:\\\/\\\/www.lovink-enertech.com\\\/it\\\/#website\"},\"datePublished\":\"2026-01-15T10:38:11+00:00\",\"dateModified\":\"2026-01-15T10:38:15+00:00\",\"breadcrumb\":{\"@id\":\"https:\\\/\\\/www.lovink-enertech.com\\\/it\\\/colleghi-raccontano\\\/#breadcrumb\"},\"inLanguage\":\"it-IT\",\"potentialAction\":[{\"@type\":\"ReadAction\",\"target\":[\"https:\\\/\\\/www.lovink-enertech.com\\\/it\\\/colleghi-raccontano\\\/\"]}]},{\"@type\":\"BreadcrumbList\",\"@id\":\"https:\\\/\\\/www.lovink-enertech.com\\\/it\\\/colleghi-raccontano\\\/#breadcrumb\",\"itemListElement\":[{\"@type\":\"ListItem\",\"position\":1,\"name\":\"Home\",\"item\":\"https:\\\/\\\/www.lovink-enertech.com\\\/it\\\/\"},{\"@type\":\"ListItem\",\"position\":2,\"name\":\"Colleghi raccontano\"}]},{\"@type\":\"WebSite\",\"@id\":\"https:\\\/\\\/www.lovink-enertech.com\\\/it\\\/#website\",\"url\":\"https:\\\/\\\/www.lovink-enertech.com\\\/it\\\/\",\"name\":\"Lovink Enertech\",\"description\":\"Innovatieve producten en strategische productie\",\"potentialAction\":[{\"@type\":\"SearchAction\",\"target\":{\"@type\":\"EntryPoint\",\"urlTemplate\":\"https:\\\/\\\/www.lovink-enertech.com\\\/it\\\/?s={search_term_string}\"},\"query-input\":{\"@type\":\"PropertyValueSpecification\",\"valueRequired\":true,\"valueName\":\"search_term_string\"}}],\"inLanguage\":\"it-IT\"}]}<\/script>\n<!-- \/ Yoast SEO plugin. -->","yoast_head_json":{"title":"Colleghi raccontano - Lovink Enertech","robots":{"index":"index","follow":"follow","max-snippet":"max-snippet:-1","max-image-preview":"max-image-preview:large","max-video-preview":"max-video-preview:-1"},"canonical":"https:\/\/www.lovink-enertech.com\/it\/colleghi-raccontano\/","og_locale":"it_IT","og_type":"article","og_title":"Colleghi raccontano - Lovink Enertech","og_url":"https:\/\/www.lovink-enertech.com\/it\/colleghi-raccontano\/","og_site_name":"Lovink Enertech","article_modified_time":"2026-01-15T10:38:15+00:00","twitter_card":"summary_large_image","twitter_misc":{"Tempo di lettura stimato":"6 minuti"},"schema":{"@context":"https:\/\/schema.org","@graph":[{"@type":"WebPage","@id":"https:\/\/www.lovink-enertech.com\/it\/colleghi-raccontano\/","url":"https:\/\/www.lovink-enertech.com\/it\/colleghi-raccontano\/","name":"Colleghi raccontano - Lovink Enertech","isPartOf":{"@id":"https:\/\/www.lovink-enertech.com\/it\/#website"},"datePublished":"2026-01-15T10:38:11+00:00","dateModified":"2026-01-15T10:38:15+00:00","breadcrumb":{"@id":"https:\/\/www.lovink-enertech.com\/it\/colleghi-raccontano\/#breadcrumb"},"inLanguage":"it-IT","potentialAction":[{"@type":"ReadAction","target":["https:\/\/www.lovink-enertech.com\/it\/colleghi-raccontano\/"]}]},{"@type":"BreadcrumbList","@id":"https:\/\/www.lovink-enertech.com\/it\/colleghi-raccontano\/#breadcrumb","itemListElement":[{"@type":"ListItem","position":1,"name":"Home","item":"https:\/\/www.lovink-enertech.com\/it\/"},{"@type":"ListItem","position":2,"name":"Colleghi raccontano"}]},{"@type":"WebSite","@id":"https:\/\/www.lovink-enertech.com\/it\/#website","url":"https:\/\/www.lovink-enertech.com\/it\/","name":"Lovink Enertech","description":"Innovatieve producten en strategische productie","potentialAction":[{"@type":"SearchAction","target":{"@type":"EntryPoint","urlTemplate":"https:\/\/www.lovink-enertech.com\/it\/?s={search_term_string}"},"query-input":{"@type":"PropertyValueSpecification","valueRequired":true,"valueName":"search_term_string"}}],"inLanguage":"it-IT"}]}},"_links":{"self":[{"href":"https:\/\/www.lovink-enertech.com\/it\/wp-json\/wp\/v2\/pages\/12140","targetHints":{"allow":["GET"]}}],"collection":[{"href":"https:\/\/www.lovink-enertech.com\/it\/wp-json\/wp\/v2\/pages"}],"about":[{"href":"https:\/\/www.lovink-enertech.com\/it\/wp-json\/wp\/v2\/types\/page"}],"author":[{"embeddable":true,"href":"https:\/\/www.lovink-enertech.com\/it\/wp-json\/wp\/v2\/users\/1"}],"replies":[{"embeddable":true,"href":"https:\/\/www.lovink-enertech.com\/it\/wp-json\/wp\/v2\/comments?post=12140"}],"version-history":[{"count":10,"href":"https:\/\/www.lovink-enertech.com\/it\/wp-json\/wp\/v2\/pages\/12140\/revisions"}],"predecessor-version":[{"id":12180,"href":"https:\/\/www.lovink-enertech.com\/it\/wp-json\/wp\/v2\/pages\/12140\/revisions\/12180"}],"wp:attachment":[{"href":"https:\/\/www.lovink-enertech.com\/it\/wp-json\/wp\/v2\/media?parent=12140"}],"curies":[{"name":"wp","href":"https:\/\/api.w.org\/{rel}","templated":true}]}}