{"id":12264,"date":"2026-01-15T10:38:27","date_gmt":"2026-01-15T10:38:27","guid":{"rendered":"https:\/\/www.lovink-enertech.com\/over-ons\/tecnologie-lovink\/"},"modified":"2026-02-03T13:43:33","modified_gmt":"2026-02-03T13:43:33","slug":"tecnologie-lovink","status":"publish","type":"page","link":"https:\/\/www.lovink-enertech.com\/it\/chi-siamo\/tecnologie-lovink\/","title":{"rendered":"Tecnologie Lovink"},"content":{"rendered":"<div class=\"fusion-fullwidth fullwidth-box fusion-builder-row-1 fusion-flex-container has-pattern-background has-mask-background nonhundred-percent-fullwidth non-hundred-percent-height-scrolling\" style=\"--awb-border-radius-top-left:0px;--awb-border-radius-top-right:0px;--awb-border-radius-bottom-right:0px;--awb-border-radius-bottom-left:0px;--awb-padding-top:0px;--awb-flex-wrap:wrap;\" ><div class=\"fusion-builder-row fusion-row fusion-flex-align-items-flex-start fusion-flex-content-wrap\" style=\"max-width:1248px;margin-left: calc(-4% \/ 2 );margin-right: calc(-4% \/ 2 );\"><div class=\"fusion-layout-column fusion_builder_column fusion-builder-column-0 fusion_builder_column_2_3 2_3 fusion-flex-column\" style=\"--awb-bg-size:cover;--awb-width-large:66.666666666667%;--awb-margin-top-large:0px;--awb-spacing-right-large:3.84%;--awb-margin-bottom-large:0px;--awb-spacing-left-large:2.88%;--awb-width-medium:66.666666666667%;--awb-spacing-right-medium:3.84%;--awb-spacing-left-medium:2.88%;--awb-width-small:100%;--awb-spacing-right-small:1.92%;--awb-spacing-left-small:1.92%;\"><div class=\"fusion-column-wrapper fusion-flex-justify-content-flex-start fusion-content-layout-column\"><div class=\"fusion-title title fusion-title-1 fusion-sep-none fusion-title-text fusion-title-size-one\" style=\"--awb-margin-top-small:0px;--awb-margin-right-small:0px;--awb-margin-bottom-small:16px;--awb-margin-left-small:0px;\"><h1 class=\"fusion-title-heading title-heading-left fusion-responsive-typography-calculated\" style=\"margin:0;--fontSize:30;line-height:1;\"><div>Le nostre tecnologie per connessioni cavi affidabili<\/div><\/h1><\/div><div class=\"fusion-text fusion-text-1\"><p>Il mondo energetico sta affrontando grandi sfide: congestione della rete, situazioni complesse di rete e condizioni estreme del suolo come alti livelli di falda acquifera o siccit\u00e0 prolungata. I nostri giunti a cavo funzionano in tutte le condizioni e aiutano gli operatori di rete, il settore delle energie rinnovabili e le industrie a ottenere reti energetiche stabili, sicure e a prova di futuro. Quando i prodotti standard non risultano, offriamo soluzioni specializzate.  <\/p>\n<div>\n<p>Con una profonda esperienza in ingegneria elettrica, chimica e meccanica, combiniamo conoscenza e innovazione per sviluppare giunti cavi che eccellono per affidabilit\u00e0 nelle condizioni pi\u00f9 impegnative. La nostra visione di qualit\u00e0 e innovazione si riflette in due tecnologie fondamentali: <strong>LoviSil\u00ae<\/strong> e <strong>LoviX\u00ae<\/strong>. <\/p>\n<p><strong>LoviSil\u00ae<\/strong> utilizza isolamento liquido in silicone. Questa tecnologia minimizza le inclusioni d&#8217;aria, previene scarichi parziali e offre una protezione duratura anche in terreni umidi o molto sporchi. LoviSil\u00ae si \u00e8 dimostrato affidabile e preparato per le moderne reti MV con carichi elevati e inquinamento armonico.  <\/p>\n<p><strong>LoviX\u00ae<\/strong> rappresenta robustezza e semplicit\u00e0. Grazie alla tecnologia termotermosibilante a freddo e a un robusto alloggiamento riempito di resina Protolin\u00ae, questa tecnologia offre una soluzione resistente e resistente all&#8217;acqua. <\/p>\n<p>Con LoviSil\u00ae e LoviX\u00ae, offriamo soluzioni che offrono certezza \u2013 oggi e in futuro.<\/p>\n<\/div>\n<\/div><\/div><\/div><div class=\"fusion-layout-column fusion_builder_column fusion-builder-column-1 fusion_builder_column_1_3 1_3 fusion-flex-column\" style=\"--awb-bg-size:cover;--awb-width-large:33.333333333333%;--awb-margin-top-large:0px;--awb-spacing-right-large:5.76%;--awb-margin-bottom-large:0px;--awb-spacing-left-large:3.84%;--awb-width-medium:33.333333333333%;--awb-spacing-right-medium:5.76%;--awb-spacing-left-medium:3.84%;--awb-width-small:100%;--awb-spacing-right-small:1.92%;--awb-spacing-left-small:1.92%;\"><div class=\"fusion-column-wrapper fusion-flex-justify-content-flex-start fusion-content-layout-column\"><div class=\"fusion-builder-row fusion-builder-row-inner fusion-row fusion-flex-align-items-flex-start fusion-flex-content-wrap\" style=\"--awb-flex-grow:0;--awb-flex-grow-medium:0;--awb-flex-grow-small:0;--awb-flex-shrink:0;--awb-flex-shrink-medium:0;--awb-flex-shrink-small:0;width:104% !important;max-width:104% !important;margin-left: calc(-4% \/ 2 );margin-right: calc(-4% \/ 2 );\"><div class=\"fusion-layout-column fusion_builder_column_inner fusion-builder-nested-column-0 fusion_builder_column_inner_1_1 1_1 fusion-flex-column fusion-column-inner-bg-wrapper custom-page-link\" style=\"--awb-padding-top:175px;--awb-padding-bottom:25px;--awb-inner-bg-image:url(&#039;https:\/\/www.lovink-enertech.com\/wp-content\/uploads\/2025\/12\/LoviSil-M-Overgangsmof-12-24-kV.webp&#039;);--awb-inner-bg-position:center center;--awb-inner-bg-size:cover;--awb-width-large:100%;--awb-margin-top-large:0px;--awb-spacing-right-large:1.92%;--awb-margin-bottom-large:32px;--awb-spacing-left-large:1.92%;--awb-width-medium:100%;--awb-order-medium:0;--awb-spacing-right-medium:1.92%;--awb-spacing-left-medium:1.92%;--awb-width-small:100%;--awb-order-small:0;--awb-spacing-right-small:1.92%;--awb-spacing-left-small:1.92%;\" data-scroll-devices=\"small-visibility,medium-visibility,large-visibility\"><span class=\"fusion-column-inner-bg hover-type-none\"><a class=\"fusion-column-anchor\" href=\"https:\/\/www.lovink-enertech.com\/it\/tecnologia-lovisil\/\"><span class=\"fusion-column-inner-bg-image\"><\/span><\/a><\/span><div class=\"fusion-column-wrapper fusion-column-has-shadow fusion-flex-justify-content-flex-start fusion-content-layout-column fusion-column-has-bg-image\" data-bg-url=\"https:\/\/www.lovink-enertech.com\/wp-content\/uploads\/2025\/12\/LoviSil-M-Overgangsmof-12-24-kV.webp\"><div ><a class=\"fusion-button button-flat fusion-button-default-size button-default fusion-button-default button-1 fusion-button-default-span fusion-button-default-type custom-page-link-button-2\" target=\"_self\" href=\"https:\/\/www.lovink-enertech.com\/it\/tecnologia-lovisil\/\"><span class=\"fusion-button-text awb-button__text awb-button__text--default\">Tecnologia LoviSil\u00ae<\/span><\/a><\/div><\/div><\/div><\/div><div class=\"fusion-separator fusion-full-width-sep\" style=\"align-self: center;margin-left: auto;margin-right: auto;margin-top:25px;width:100%;\"><\/div><div class=\"fusion-builder-row fusion-builder-row-inner fusion-row fusion-flex-align-items-flex-start fusion-flex-content-wrap\" style=\"--awb-flex-grow:0;--awb-flex-grow-medium:0;--awb-flex-grow-small:0;--awb-flex-shrink:0;--awb-flex-shrink-medium:0;--awb-flex-shrink-small:0;width:104% !important;max-width:104% !important;margin-left: calc(-4% \/ 2 );margin-right: calc(-4% \/ 2 );\"><div class=\"fusion-layout-column fusion_builder_column_inner fusion-builder-nested-column-1 fusion_builder_column_inner_1_1 1_1 fusion-flex-column fusion-column-inner-bg-wrapper custom-page-link\" style=\"--awb-padding-top:175px;--awb-padding-bottom:25px;--awb-inner-bg-image:url(&#039;https:\/\/www.lovink-enertech.com\/wp-content\/uploads\/2025\/12\/LoviX-R-Verbindingsmof.webp&#039;);--awb-inner-bg-position:center center;--awb-inner-bg-size:cover;--awb-width-large:100%;--awb-margin-top-large:0px;--awb-spacing-right-large:1.92%;--awb-margin-bottom-large:32px;--awb-spacing-left-large:1.92%;--awb-width-medium:100%;--awb-order-medium:0;--awb-spacing-right-medium:1.92%;--awb-spacing-left-medium:1.92%;--awb-width-small:100%;--awb-order-small:0;--awb-spacing-right-small:1.92%;--awb-spacing-left-small:1.92%;\" data-scroll-devices=\"small-visibility,medium-visibility,large-visibility\"><span class=\"fusion-column-inner-bg hover-type-none\"><a class=\"fusion-column-anchor\" href=\"https:\/\/www.lovink-enertech.com\/it\/tecnologia-lovix\/\"><span class=\"fusion-column-inner-bg-image\"><\/span><\/a><\/span><div class=\"fusion-column-wrapper fusion-column-has-shadow fusion-flex-justify-content-flex-start fusion-content-layout-column fusion-column-has-bg-image\" data-bg-url=\"https:\/\/www.lovink-enertech.com\/wp-content\/uploads\/2025\/12\/LoviX-R-Verbindingsmof.webp\"><div ><a class=\"fusion-button button-flat fusion-button-default-size button-default fusion-button-default button-2 fusion-button-default-span fusion-button-default-type custom-page-link-button-2\" target=\"_self\" href=\"https:\/\/www.lovink-enertech.com\/it\/tecnologia-lovix\/\"><span class=\"fusion-button-text awb-button__text awb-button__text--default\">Tecnologia LoviX\u00ae<\/span><\/a><\/div><\/div><\/div><\/div><div class=\"fusion-separator fusion-full-width-sep\" style=\"align-self: center;margin-left: auto;margin-right: auto;margin-top:25px;width:100%;\"><\/div><\/div><\/div><\/div><\/div>\n","protected":false},"excerpt":{"rendered":"","protected":false},"author":1,"featured_media":21552,"parent":21247,"menu_order":4,"comment_status":"closed","ping_status":"closed","template":"","meta":{"footnotes":""},"class_list":["post-12264","page","type-page","status-publish","has-post-thumbnail","hentry"],"yoast_head":"<!-- This site is optimized with the Yoast SEO plugin v27.4 - https:\/\/yoast.com\/product\/yoast-seo-wordpress\/ -->\n<title>Tecnologie Lovink - Lovink Enertech<\/title>\n<meta name=\"robots\" content=\"index, follow, max-snippet:-1, max-image-preview:large, max-video-preview:-1\" \/>\n<link rel=\"canonical\" href=\"https:\/\/www.lovink-enertech.com\/it\/chi-siamo\/tecnologie-lovink\/\" \/>\n<meta property=\"og:locale\" content=\"it_IT\" \/>\n<meta property=\"og:type\" content=\"article\" \/>\n<meta property=\"og:title\" content=\"Tecnologie Lovink - Lovink Enertech\" \/>\n<meta property=\"og:url\" content=\"https:\/\/www.lovink-enertech.com\/it\/chi-siamo\/tecnologie-lovink\/\" \/>\n<meta property=\"og:site_name\" content=\"Lovink Enertech\" \/>\n<meta property=\"article:modified_time\" content=\"2026-02-03T13:43:33+00:00\" \/>\n<meta property=\"og:image\" content=\"https:\/\/www.lovink-enertech.com\/wp-content\/uploads\/2019\/02\/lovink-tech.jpg\" \/>\n\t<meta property=\"og:image:width\" content=\"666\" \/>\n\t<meta property=\"og:image:height\" content=\"500\" \/>\n\t<meta property=\"og:image:type\" content=\"image\/jpeg\" \/>\n<meta name=\"twitter:card\" content=\"summary_large_image\" \/>\n<meta name=\"twitter:label1\" content=\"Tempo di lettura stimato\" \/>\n\t<meta name=\"twitter:data1\" content=\"14 minuti\" \/>\n<script type=\"application\/ld+json\" class=\"yoast-schema-graph\">{\"@context\":\"https:\\\/\\\/schema.org\",\"@graph\":[{\"@type\":\"WebPage\",\"@id\":\"https:\\\/\\\/www.lovink-enertech.com\\\/it\\\/chi-siamo\\\/tecnologie-lovink\\\/\",\"url\":\"https:\\\/\\\/www.lovink-enertech.com\\\/it\\\/chi-siamo\\\/tecnologie-lovink\\\/\",\"name\":\"Tecnologie Lovink - Lovink Enertech\",\"isPartOf\":{\"@id\":\"https:\\\/\\\/www.lovink-enertech.com\\\/it\\\/#website\"},\"primaryImageOfPage\":{\"@id\":\"https:\\\/\\\/www.lovink-enertech.com\\\/it\\\/chi-siamo\\\/tecnologie-lovink\\\/#primaryimage\"},\"image\":{\"@id\":\"https:\\\/\\\/www.lovink-enertech.com\\\/it\\\/chi-siamo\\\/tecnologie-lovink\\\/#primaryimage\"},\"thumbnailUrl\":\"https:\\\/\\\/www.lovink-enertech.com\\\/wp-content\\\/uploads\\\/2019\\\/02\\\/lovink-tech.jpg\",\"datePublished\":\"2026-01-15T10:38:27+00:00\",\"dateModified\":\"2026-02-03T13:43:33+00:00\",\"breadcrumb\":{\"@id\":\"https:\\\/\\\/www.lovink-enertech.com\\\/it\\\/chi-siamo\\\/tecnologie-lovink\\\/#breadcrumb\"},\"inLanguage\":\"it-IT\",\"potentialAction\":[{\"@type\":\"ReadAction\",\"target\":[\"https:\\\/\\\/www.lovink-enertech.com\\\/it\\\/chi-siamo\\\/tecnologie-lovink\\\/\"]}]},{\"@type\":\"ImageObject\",\"inLanguage\":\"it-IT\",\"@id\":\"https:\\\/\\\/www.lovink-enertech.com\\\/it\\\/chi-siamo\\\/tecnologie-lovink\\\/#primaryimage\",\"url\":\"https:\\\/\\\/www.lovink-enertech.com\\\/wp-content\\\/uploads\\\/2019\\\/02\\\/lovink-tech.jpg\",\"contentUrl\":\"https:\\\/\\\/www.lovink-enertech.com\\\/wp-content\\\/uploads\\\/2019\\\/02\\\/lovink-tech.jpg\",\"width\":666,\"height\":500},{\"@type\":\"BreadcrumbList\",\"@id\":\"https:\\\/\\\/www.lovink-enertech.com\\\/it\\\/chi-siamo\\\/tecnologie-lovink\\\/#breadcrumb\",\"itemListElement\":[{\"@type\":\"ListItem\",\"position\":1,\"name\":\"Home\",\"item\":\"https:\\\/\\\/www.lovink-enertech.com\\\/it\\\/\"},{\"@type\":\"ListItem\",\"position\":2,\"name\":\"Chi siamo\",\"item\":\"https:\\\/\\\/www.lovink-enertech.com\\\/it\\\/chi-siamo\\\/\"},{\"@type\":\"ListItem\",\"position\":3,\"name\":\"Tecnologie Lovink\"}]},{\"@type\":\"WebSite\",\"@id\":\"https:\\\/\\\/www.lovink-enertech.com\\\/it\\\/#website\",\"url\":\"https:\\\/\\\/www.lovink-enertech.com\\\/it\\\/\",\"name\":\"Lovink Enertech\",\"description\":\"Innovatieve producten en strategische productie\",\"potentialAction\":[{\"@type\":\"SearchAction\",\"target\":{\"@type\":\"EntryPoint\",\"urlTemplate\":\"https:\\\/\\\/www.lovink-enertech.com\\\/it\\\/?s={search_term_string}\"},\"query-input\":{\"@type\":\"PropertyValueSpecification\",\"valueRequired\":true,\"valueName\":\"search_term_string\"}}],\"inLanguage\":\"it-IT\"}]}<\/script>\n<!-- \/ Yoast SEO plugin. -->","yoast_head_json":{"title":"Tecnologie Lovink - Lovink Enertech","robots":{"index":"index","follow":"follow","max-snippet":"max-snippet:-1","max-image-preview":"max-image-preview:large","max-video-preview":"max-video-preview:-1"},"canonical":"https:\/\/www.lovink-enertech.com\/it\/chi-siamo\/tecnologie-lovink\/","og_locale":"it_IT","og_type":"article","og_title":"Tecnologie Lovink - Lovink Enertech","og_url":"https:\/\/www.lovink-enertech.com\/it\/chi-siamo\/tecnologie-lovink\/","og_site_name":"Lovink Enertech","article_modified_time":"2026-02-03T13:43:33+00:00","og_image":[{"width":666,"height":500,"url":"https:\/\/www.lovink-enertech.com\/wp-content\/uploads\/2019\/02\/lovink-tech.jpg","type":"image\/jpeg"}],"twitter_card":"summary_large_image","twitter_misc":{"Tempo di lettura stimato":"14 minuti"},"schema":{"@context":"https:\/\/schema.org","@graph":[{"@type":"WebPage","@id":"https:\/\/www.lovink-enertech.com\/it\/chi-siamo\/tecnologie-lovink\/","url":"https:\/\/www.lovink-enertech.com\/it\/chi-siamo\/tecnologie-lovink\/","name":"Tecnologie Lovink - Lovink Enertech","isPartOf":{"@id":"https:\/\/www.lovink-enertech.com\/it\/#website"},"primaryImageOfPage":{"@id":"https:\/\/www.lovink-enertech.com\/it\/chi-siamo\/tecnologie-lovink\/#primaryimage"},"image":{"@id":"https:\/\/www.lovink-enertech.com\/it\/chi-siamo\/tecnologie-lovink\/#primaryimage"},"thumbnailUrl":"https:\/\/www.lovink-enertech.com\/wp-content\/uploads\/2019\/02\/lovink-tech.jpg","datePublished":"2026-01-15T10:38:27+00:00","dateModified":"2026-02-03T13:43:33+00:00","breadcrumb":{"@id":"https:\/\/www.lovink-enertech.com\/it\/chi-siamo\/tecnologie-lovink\/#breadcrumb"},"inLanguage":"it-IT","potentialAction":[{"@type":"ReadAction","target":["https:\/\/www.lovink-enertech.com\/it\/chi-siamo\/tecnologie-lovink\/"]}]},{"@type":"ImageObject","inLanguage":"it-IT","@id":"https:\/\/www.lovink-enertech.com\/it\/chi-siamo\/tecnologie-lovink\/#primaryimage","url":"https:\/\/www.lovink-enertech.com\/wp-content\/uploads\/2019\/02\/lovink-tech.jpg","contentUrl":"https:\/\/www.lovink-enertech.com\/wp-content\/uploads\/2019\/02\/lovink-tech.jpg","width":666,"height":500},{"@type":"BreadcrumbList","@id":"https:\/\/www.lovink-enertech.com\/it\/chi-siamo\/tecnologie-lovink\/#breadcrumb","itemListElement":[{"@type":"ListItem","position":1,"name":"Home","item":"https:\/\/www.lovink-enertech.com\/it\/"},{"@type":"ListItem","position":2,"name":"Chi siamo","item":"https:\/\/www.lovink-enertech.com\/it\/chi-siamo\/"},{"@type":"ListItem","position":3,"name":"Tecnologie Lovink"}]},{"@type":"WebSite","@id":"https:\/\/www.lovink-enertech.com\/it\/#website","url":"https:\/\/www.lovink-enertech.com\/it\/","name":"Lovink Enertech","description":"Innovatieve producten en strategische productie","potentialAction":[{"@type":"SearchAction","target":{"@type":"EntryPoint","urlTemplate":"https:\/\/www.lovink-enertech.com\/it\/?s={search_term_string}"},"query-input":{"@type":"PropertyValueSpecification","valueRequired":true,"valueName":"search_term_string"}}],"inLanguage":"it-IT"}]}},"_links":{"self":[{"href":"https:\/\/www.lovink-enertech.com\/it\/wp-json\/wp\/v2\/pages\/12264","targetHints":{"allow":["GET"]}}],"collection":[{"href":"https:\/\/www.lovink-enertech.com\/it\/wp-json\/wp\/v2\/pages"}],"about":[{"href":"https:\/\/www.lovink-enertech.com\/it\/wp-json\/wp\/v2\/types\/page"}],"author":[{"embeddable":true,"href":"https:\/\/www.lovink-enertech.com\/it\/wp-json\/wp\/v2\/users\/1"}],"replies":[{"embeddable":true,"href":"https:\/\/www.lovink-enertech.com\/it\/wp-json\/wp\/v2\/comments?post=12264"}],"version-history":[{"count":13,"href":"https:\/\/www.lovink-enertech.com\/it\/wp-json\/wp\/v2\/pages\/12264\/revisions"}],"predecessor-version":[{"id":18335,"href":"https:\/\/www.lovink-enertech.com\/it\/wp-json\/wp\/v2\/pages\/12264\/revisions\/18335"}],"up":[{"embeddable":true,"href":"https:\/\/www.lovink-enertech.com\/it\/wp-json\/wp\/v2\/pages\/21247"}],"wp:featuredmedia":[{"embeddable":true,"href":"https:\/\/www.lovink-enertech.com\/it\/wp-json\/wp\/v2\/media\/21552"}],"wp:attachment":[{"href":"https:\/\/www.lovink-enertech.com\/it\/wp-json\/wp\/v2\/media?parent=12264"}],"curies":[{"name":"wp","href":"https:\/\/api.w.org\/{rel}","templated":true}]}}