{"id":18083,"date":"2026-01-15T11:55:20","date_gmt":"2026-01-15T11:55:20","guid":{"rendered":"https:\/\/www.lovink-enertech.com\/over-ons\/la-nostra-storia\/"},"modified":"2026-02-04T14:01:24","modified_gmt":"2026-02-04T14:01:24","slug":"la-nostra-storia","status":"publish","type":"page","link":"https:\/\/www.lovink-enertech.com\/it\/chi-siamo\/la-nostra-storia\/","title":{"rendered":"La nostra storia"},"content":{"rendered":"<div class=\"fusion-fullwidth fullwidth-box fusion-builder-row-1 fusion-flex-container has-pattern-background has-mask-background nonhundred-percent-fullwidth non-hundred-percent-height-scrolling\" style=\"--awb-border-radius-top-left:0px;--awb-border-radius-top-right:0px;--awb-border-radius-bottom-right:0px;--awb-border-radius-bottom-left:0px;--awb-padding-top:0px;--awb-flex-wrap:wrap;\" ><div class=\"fusion-builder-row fusion-row fusion-flex-align-items-flex-start fusion-flex-content-wrap\" style=\"max-width:1248px;margin-left: calc(-4% \/ 2 );margin-right: calc(-4% \/ 2 );\"><div class=\"fusion-layout-column fusion_builder_column fusion-builder-column-0 fusion_builder_column_2_3 2_3 fusion-flex-column\" style=\"--awb-padding-top:0px;--awb-bg-size:cover;--awb-width-large:66.666666666667%;--awb-margin-top-large:0px;--awb-spacing-right-large:3.84%;--awb-margin-bottom-large:0px;--awb-spacing-left-large:2.88%;--awb-width-medium:66.666666666667%;--awb-order-medium:0;--awb-spacing-right-medium:3.84%;--awb-spacing-left-medium:2.88%;--awb-width-small:100%;--awb-order-small:0;--awb-spacing-right-small:1.92%;--awb-spacing-left-small:1.92%;\" data-scroll-devices=\"small-visibility,medium-visibility,large-visibility\"><div class=\"fusion-column-wrapper fusion-column-has-shadow fusion-flex-justify-content-flex-start fusion-content-layout-column\"><div class=\"fusion-title title fusion-title-1 fusion-sep-none fusion-title-text fusion-title-size-one\" style=\"--awb-margin-top-small:0px;--awb-margin-right-small:0px;--awb-margin-bottom-small:16px;--awb-margin-left-small:0px;\"><h1 class=\"fusion-title-heading title-heading-left fusion-responsive-typography-calculated\" style=\"margin:0;--fontSize:30;line-height:1;\">Dedicato a uno standard pi\u00f9 elevato<\/h1><\/div><div class=\"fusion-text fusion-text-1\"><h3>Per pi\u00f9 di 100 anni la forza di collegamento nell&#8217;energia. Lovink fornisce connessioni cavi che sfidano le condizioni pi\u00f9 difficili. <\/h3>\n<p>Royal Lovink \u00e8 specialista nei<strong> giunti a cavi per reti a media tensione<\/strong> dal 1911. Quello che \u00e8 iniziato come un&#8217;azienda familiare \u00e8 cresciuto fino a diventare un attore internazionale con una sola promessa: affidabilit\u00e0 in ogni ambito.  I nostri giunti a cavo funzionano in tutte le condizioni \u2013 sia che si tratti di condizioni difficili del suolo come <strong>alti livelli di falda acquifera<\/strong> e <strong>siccit\u00e0 estrema<\/strong>, sia di reti che affrontano <strong>congestione della rete, situazioni armoniche<\/strong> e altre complesse. In questo modo, aiutiamo gli operatori di rete, il settore delle energie rinnovabili e altre industrie a realizzare reti energetiche stabili, sicure e a prova di futuro.<\/p>\n<h4>Missione<\/h4>\n<p>Sviluppiamo <strong>connessioni cavi<\/strong> che vanno oltre \u2013 progettate per <strong>l&#8217;affidabilit\u00e0<\/strong>, per <strong>facilitare l&#8217;installazione<\/strong> e per funzionare per generazioni.<\/p>\n<h4><strong>Visione<\/strong><\/h4>\n<p>Lovink vuole rafforzare le reti energetiche di domani in tutto il mondo \u2013 con soluzioni pronte per <strong>carichi pi\u00f9 pesanti<\/strong>, <strong>climi<\/strong> in cambiamento e le esigenze della <strong>transizione energetica<\/strong>.<\/p>\n<h4>Innovazione e competenze<\/h4>\n<p>In Lovink Enertech, tutto ruota attorno a soluzioni superiori ed economiche per reti energetiche affidabili. Progettiamo, ingegnerizziamo e testiamo internamente i <strong>nostri giunti cavi<\/strong> , supportati da ampie strutture di prova come un laboratorio avanzato di impianti elettrici e di materiali. <\/p>\n<p>Offriamo soluzioni specializzate per situazioni in cui i prodotti standard non sono sempre sufficienti. Con una profonda esperienza in ingegneria elettrica, chimica e meccanica, combiniamo conoscenza e innovazione per <strong>sviluppare giunti a cavo<\/strong> che eccellono per affidabilit\u00e0. Il risultato? Soluzioni che possano resistere alle condizioni pi\u00f9 impegnative. Pensiamo sempre al meccanico: i nostri giunti a cavo sono semplici, affidabili e sicuri da installare. Questo <strong>riduce i tempi di installazione<\/strong>, riduce gli errori e abbassa il <strong>costo totale di propriet\u00e0<\/strong>.     <\/p>\n<p>La nostra visione di qualit\u00e0 e innovazione si riflette nelle nostre due tecnologie fondamentali: LoviSil\u00ae e LoviX\u00ae.<\/p>\n<p><strong>La tecnologia LoviSil\u00ae<\/strong> \u00e8 stata sviluppata per rendere <strong>le connessioni dei cavi<\/strong> <strong>sicure, durevoli e affidabili<\/strong> , anche nelle condizioni pi\u00f9 difficili. Ci\u00f2 che rende LoviSil\u00ae unico \u00e8 l&#8217;applicazione di <strong>isolamento liquido in silicone<\/strong> che garantisce una <strong>tenuta<\/strong> ottimale e una protezione delle connessioni dei cavi. Questo rende la tua rete resistente a <strong>umidit\u00e0<\/strong>, <strong>sporco<\/strong> e <strong>temperature estreme<\/strong>, minimizzando le interruzioni.  <\/p>\n<p>Abbiamo ora sviluppato una gamma completa di giunti a cavo basati su questa <strong>tecnica in silicone liquido<\/strong>, <strong>inclusi giunti a collegamento incrociato e giunti di alimentazione LoviSil\u00ae.<\/strong><\/p>\n<\/div><div ><a class=\"fusion-button button-flat fusion-button-default-size button-default fusion-button-default button-1 fusion-button-default-span fusion-button-default-type\" style=\"--awb-margin-bottom:20px;\" target=\"_self\" href=\"https:\/\/www.lovink-enertech.com\/it\/prodotti\/giunti-di-transizione-lovisil\/\"><span class=\"fusion-button-text awb-button__text awb-button__text--default\">Passa ai giunti cavi LoviSil\u00ae<\/span><\/a><\/div><div class=\"fusion-text fusion-text-2\"><p><strong>La tecnologia LoviX\u00ae<\/strong> \u00e8 stata sviluppata appositamente per <strong>le connessioni di cavi in plastica<\/strong>. Grazie a una tecnologia avanzata di <strong>termotermoscindere a freddo<\/strong> e a un robusto involucro in plastica riempito di resina Protolin\u00ae, queste bustine offrono una soluzione eccezionalmente <strong>impermeabile<\/strong> e meccanicamente resistente. <\/p>\n<p>Come LoviSil\u00ae, <strong>anche LoviX\u00ae <\/strong> si impegna nella <strong>facilit\u00e0 d&#8217;uso<\/strong>, un design compatto con un focus su <strong>un&#8217;installazione rapida<\/strong> senza compromettere sicurezza o prestazioni. Attraverso questa combinazione di innovazione e applicabilit\u00e0 pratica, <strong>LoviX\u00ae <\/strong>d\u00e0 un contributo importante all&#8217;affidabilit\u00e0 e all&#8217;efficienza delle reti moderne.<\/p>\n<\/div><div ><a class=\"fusion-button button-flat fusion-button-default-size button-default fusion-button-default button-2 fusion-button-default-span fusion-button-default-type\" target=\"_self\" href=\"https:\/\/www.lovink-enertech.com\/it\/prodotti\/maniche-di-connessione-lovix\/\"><span class=\"fusion-button-text awb-button__text awb-button__text--default\">Passa alle maniche di connessione LoviX\u00ae<\/span><\/a><\/div><div class=\"fusion-text fusion-text-3\"><h4><\/h4>\n<h4>Cultura<\/h4>\n<p>I nostri prodotti possono essere tecnici, ma il cuore di Lovink batte con il nostro personale. Dedizione, maestria artigianale e ambizione sono il DNA della nostra organizzazione. Proprio come i nostri giunti a cavo, i nostri dipendenti mettono in contatto persone, competenze e progressi. Il settore energetico \u00e8 impegnato nella sostenibilit\u00e0 e lo siamo anche noi. Ci sentiamo responsabili del nostro impatto sulle persone e sull&#8217;ambiente. Insieme siamo impegnati nella societ\u00e0 e ci impegniamo per un futuro sostenibile per tutti.     <\/p>\n<p>Lavoriamo a stretto contatto con clienti, fornitori e partner e <strong>crediamo in relazioni a lungo<\/strong> termine basate su fiducia, lealt\u00e0 e qualit\u00e0. Quello che promettiamo, lo manteniamo \u2013 sempre.<\/p>\n<\/div><div class=\"fusion-text fusion-text-4\"><h4>Supporto<\/h4>\n<p>Andiamo oltre la semplice consegna. Pensiamo insieme, <strong>formiamo, consigliamo<\/strong> e stiamo letteralmente e figurativamente accanto ai nostri clienti sul campo. In questo modo, garantiamo assemblaggio <strong>senza errori<\/strong> , <strong>reti stabili<\/strong> e tempi di inattivit\u00e0 minimi. E se deve essere ingrandito? Cos\u00ec potremo facilmente cambiare \u2013 grazie a un&#8217;organizzazione efficiente, tempi di consegna affidabili e brevi e una rete internazionale.<\/p>\n<\/div><\/div><\/div><div class=\"fusion-layout-column fusion_builder_column fusion-builder-column-1 fusion_builder_column_1_3 1_3 fusion-flex-column\" style=\"--awb-bg-size:cover;--awb-width-large:33.333333333333%;--awb-margin-top-large:0px;--awb-spacing-right-large:5.76%;--awb-margin-bottom-large:0px;--awb-spacing-left-large:3.84%;--awb-width-medium:33.333333333333%;--awb-spacing-right-medium:5.76%;--awb-spacing-left-medium:3.84%;--awb-width-small:100%;--awb-spacing-right-small:1.92%;--awb-spacing-left-small:1.92%;\"><div class=\"fusion-column-wrapper fusion-flex-justify-content-flex-start fusion-content-layout-column\"><div class=\"fusion-builder-row fusion-builder-row-inner fusion-row fusion-flex-align-items-flex-start fusion-flex-content-wrap\" style=\"--awb-flex-grow:0;--awb-flex-grow-medium:0;--awb-flex-grow-small:0;--awb-flex-shrink:0;--awb-flex-shrink-medium:0;--awb-flex-shrink-small:0;width:104% !important;max-width:104% !important;margin-left: calc(-4% \/ 2 );margin-right: calc(-4% \/ 2 );\"><div class=\"fusion-layout-column fusion_builder_column_inner fusion-builder-nested-column-0 fusion_builder_column_inner_1_1 1_1 fusion-flex-column fusion-column-inner-bg-wrapper custom-page-link\" style=\"--awb-padding-top:175px;--awb-padding-bottom:25px;--awb-inner-bg-image:url(&#039;https:\/\/www.lovink-enertech.com\/wp-content\/uploads\/2025\/12\/Historie-Lovink-gebouw.webp&#039;);--awb-inner-bg-position:center center;--awb-inner-bg-size:cover;--awb-width-large:100%;--awb-margin-top-large:0px;--awb-spacing-right-large:1.92%;--awb-margin-bottom-large:32px;--awb-spacing-left-large:1.92%;--awb-width-medium:100%;--awb-order-medium:0;--awb-spacing-right-medium:1.92%;--awb-spacing-left-medium:1.92%;--awb-width-small:100%;--awb-order-small:0;--awb-spacing-right-small:1.92%;--awb-spacing-left-small:1.92%;\" data-scroll-devices=\"small-visibility,medium-visibility,large-visibility\"><span class=\"fusion-column-inner-bg hover-type-none\"><a class=\"fusion-column-anchor\" href=\"https:\/\/www.lovink-enertech.com\/it\/storia\/\"><span class=\"fusion-column-inner-bg-image\"><\/span><\/a><\/span><div class=\"fusion-column-wrapper fusion-column-has-shadow fusion-flex-justify-content-flex-start fusion-content-layout-column fusion-column-has-bg-image\" data-bg-url=\"https:\/\/www.lovink-enertech.com\/wp-content\/uploads\/2025\/12\/Historie-Lovink-gebouw.webp\"><div ><a class=\"fusion-button button-flat fusion-button-default-size button-default fusion-button-default button-3 fusion-button-default-span fusion-button-default-type custom-page-link-button-2\" target=\"_self\" href=\"https:\/\/www.lovink-enertech.com\/it\/storia\/\"><span class=\"fusion-button-text awb-button__text awb-button__text--default\">Storia<\/span><\/a><\/div><\/div><\/div><\/div><div class=\"fusion-separator fusion-full-width-sep\" style=\"align-self: center;margin-left: auto;margin-right: auto;margin-top:25px;width:100%;\"><\/div><div class=\"fusion-builder-row fusion-builder-row-inner fusion-row fusion-flex-align-items-flex-start fusion-flex-content-wrap\" style=\"--awb-flex-grow:0;--awb-flex-grow-medium:0;--awb-flex-grow-small:0;--awb-flex-shrink:0;--awb-flex-shrink-medium:0;--awb-flex-shrink-small:0;width:104% !important;max-width:104% !important;margin-left: calc(-4% \/ 2 );margin-right: calc(-4% \/ 2 );\"><div class=\"fusion-layout-column fusion_builder_column_inner fusion-builder-nested-column-1 fusion_builder_column_inner_1_1 1_1 fusion-flex-column fusion-column-inner-bg-wrapper custom-page-link\" style=\"--awb-padding-top:175px;--awb-padding-bottom:25px;--awb-inner-bg-image:url(&#039;https:\/\/www.lovink-enertech.com\/wp-content\/uploads\/2025\/12\/Lab-engineer.webp&#039;);--awb-inner-bg-position:center center;--awb-inner-bg-size:cover;--awb-width-large:100%;--awb-margin-top-large:0px;--awb-spacing-right-large:1.92%;--awb-margin-bottom-large:32px;--awb-spacing-left-large:1.92%;--awb-width-medium:100%;--awb-order-medium:0;--awb-spacing-right-medium:1.92%;--awb-spacing-left-medium:1.92%;--awb-width-small:100%;--awb-order-small:0;--awb-spacing-right-small:1.92%;--awb-spacing-left-small:1.92%;\" data-scroll-devices=\"small-visibility,medium-visibility,large-visibility\"><span class=\"fusion-column-inner-bg hover-type-none\"><a class=\"fusion-column-anchor\" href=\"https:\/\/www.lovink-enertech.com\/it\/persone\/\"><span class=\"fusion-column-inner-bg-image\"><\/span><\/a><\/span><div class=\"fusion-column-wrapper fusion-column-has-shadow fusion-flex-justify-content-flex-start fusion-content-layout-column fusion-column-has-bg-image\" data-bg-url=\"https:\/\/www.lovink-enertech.com\/wp-content\/uploads\/2025\/12\/Lab-engineer.webp\"><div ><a class=\"fusion-button button-flat fusion-button-default-size button-default fusion-button-default button-4 fusion-button-default-span fusion-button-default-type custom-page-link-button-2\" target=\"_self\" href=\"https:\/\/www.lovink-enertech.com\/mensen\/\"><span class=\"fusion-button-text awb-button__text awb-button__text--default\">Persone<\/span><\/a><\/div><\/div><\/div><\/div><div class=\"fusion-separator fusion-full-width-sep\" style=\"align-self: center;margin-left: auto;margin-right: auto;margin-top:25px;width:100%;\"><\/div><div class=\"fusion-builder-row fusion-builder-row-inner fusion-row fusion-flex-align-items-flex-start fusion-flex-content-wrap\" style=\"--awb-flex-grow:0;--awb-flex-grow-medium:0;--awb-flex-grow-small:0;--awb-flex-shrink:0;--awb-flex-shrink-medium:0;--awb-flex-shrink-small:0;width:104% !important;max-width:104% !important;margin-left: calc(-4% \/ 2 );margin-right: calc(-4% \/ 2 );\"><div class=\"fusion-layout-column fusion_builder_column_inner fusion-builder-nested-column-2 fusion_builder_column_inner_1_1 1_1 fusion-flex-column fusion-column-inner-bg-wrapper custom-page-link\" style=\"--awb-padding-top:175px;--awb-padding-bottom:25px;--awb-inner-bg-image:url(&#039;https:\/\/www.lovink-enertech.com\/wp-content\/uploads\/2025\/12\/Medewerkers-kantoor-Lovink.webp&#039;);--awb-inner-bg-position:center center;--awb-inner-bg-size:cover;--awb-width-large:100%;--awb-margin-top-large:0px;--awb-spacing-right-large:1.92%;--awb-margin-bottom-large:32px;--awb-spacing-left-large:1.92%;--awb-width-medium:100%;--awb-order-medium:0;--awb-spacing-right-medium:1.92%;--awb-spacing-left-medium:1.92%;--awb-width-small:100%;--awb-order-small:0;--awb-spacing-right-small:1.92%;--awb-spacing-left-small:1.92%;\" data-scroll-devices=\"small-visibility,medium-visibility,large-visibility\"><span class=\"fusion-column-inner-bg hover-type-none\"><a class=\"fusion-column-anchor\" href=\"https:\/\/www.lovink-enertech.com\/it\/lavorando-presso\/\"><span class=\"fusion-column-inner-bg-image\"><\/span><\/a><\/span><div class=\"fusion-column-wrapper fusion-column-has-shadow fusion-flex-justify-content-flex-start fusion-content-layout-column fusion-column-has-bg-image\" data-bg-url=\"https:\/\/www.lovink-enertech.com\/wp-content\/uploads\/2025\/12\/Medewerkers-kantoor-Lovink.webp\"><div ><a class=\"fusion-button button-flat fusion-button-default-size button-default fusion-button-default button-5 fusion-button-default-span fusion-button-default-type custom-page-link-button-2\" target=\"_self\" href=\"https:\/\/www.lovink-enertech.com\/it\/lavorando-presso\/\"><span class=\"fusion-button-text awb-button__text awb-button__text--default\">Lavorando presso<\/span><\/a><\/div><\/div><\/div><\/div><\/div><\/div><\/div><\/div>\n","protected":false},"excerpt":{"rendered":"","protected":false},"author":1,"featured_media":21544,"parent":21247,"menu_order":1,"comment_status":"closed","ping_status":"closed","template":"","meta":{"footnotes":""},"class_list":["post-18083","page","type-page","status-publish","has-post-thumbnail","hentry"],"yoast_head":"<!-- This site is optimized with the Yoast SEO plugin v27.4 - https:\/\/yoast.com\/product\/yoast-seo-wordpress\/ -->\n<title>La nostra storia - Lovink Enertech<\/title>\n<meta name=\"robots\" content=\"index, follow, max-snippet:-1, max-image-preview:large, max-video-preview:-1\" \/>\n<link rel=\"canonical\" href=\"https:\/\/www.lovink-enertech.com\/it\/chi-siamo\/la-nostra-storia\/\" \/>\n<meta property=\"og:locale\" content=\"it_IT\" \/>\n<meta property=\"og:type\" content=\"article\" \/>\n<meta property=\"og:title\" content=\"La nostra storia - Lovink Enertech\" \/>\n<meta property=\"og:url\" content=\"https:\/\/www.lovink-enertech.com\/it\/chi-siamo\/la-nostra-storia\/\" \/>\n<meta property=\"og:site_name\" content=\"Lovink Enertech\" \/>\n<meta property=\"article:modified_time\" content=\"2026-02-04T14:01:24+00:00\" \/>\n<meta property=\"og:image\" content=\"https:\/\/www.lovink-enertech.com\/wp-content\/uploads\/2018\/10\/lovink-filosofie.jpg\" \/>\n\t<meta property=\"og:image:width\" content=\"666\" \/>\n\t<meta property=\"og:image:height\" content=\"500\" \/>\n\t<meta property=\"og:image:type\" content=\"image\/jpeg\" \/>\n<meta name=\"twitter:card\" content=\"summary_large_image\" \/>\n<meta name=\"twitter:label1\" content=\"Tempo di lettura stimato\" \/>\n\t<meta name=\"twitter:data1\" content=\"25 minuti\" \/>\n<script type=\"application\/ld+json\" class=\"yoast-schema-graph\">{\"@context\":\"https:\\\/\\\/schema.org\",\"@graph\":[{\"@type\":\"WebPage\",\"@id\":\"https:\\\/\\\/www.lovink-enertech.com\\\/it\\\/chi-siamo\\\/la-nostra-storia\\\/\",\"url\":\"https:\\\/\\\/www.lovink-enertech.com\\\/it\\\/chi-siamo\\\/la-nostra-storia\\\/\",\"name\":\"La nostra storia - Lovink Enertech\",\"isPartOf\":{\"@id\":\"https:\\\/\\\/www.lovink-enertech.com\\\/it\\\/#website\"},\"primaryImageOfPage\":{\"@id\":\"https:\\\/\\\/www.lovink-enertech.com\\\/it\\\/chi-siamo\\\/la-nostra-storia\\\/#primaryimage\"},\"image\":{\"@id\":\"https:\\\/\\\/www.lovink-enertech.com\\\/it\\\/chi-siamo\\\/la-nostra-storia\\\/#primaryimage\"},\"thumbnailUrl\":\"https:\\\/\\\/www.lovink-enertech.com\\\/wp-content\\\/uploads\\\/2018\\\/10\\\/lovink-filosofie.jpg\",\"datePublished\":\"2026-01-15T11:55:20+00:00\",\"dateModified\":\"2026-02-04T14:01:24+00:00\",\"breadcrumb\":{\"@id\":\"https:\\\/\\\/www.lovink-enertech.com\\\/it\\\/chi-siamo\\\/la-nostra-storia\\\/#breadcrumb\"},\"inLanguage\":\"it-IT\",\"potentialAction\":[{\"@type\":\"ReadAction\",\"target\":[\"https:\\\/\\\/www.lovink-enertech.com\\\/it\\\/chi-siamo\\\/la-nostra-storia\\\/\"]}]},{\"@type\":\"ImageObject\",\"inLanguage\":\"it-IT\",\"@id\":\"https:\\\/\\\/www.lovink-enertech.com\\\/it\\\/chi-siamo\\\/la-nostra-storia\\\/#primaryimage\",\"url\":\"https:\\\/\\\/www.lovink-enertech.com\\\/wp-content\\\/uploads\\\/2018\\\/10\\\/lovink-filosofie.jpg\",\"contentUrl\":\"https:\\\/\\\/www.lovink-enertech.com\\\/wp-content\\\/uploads\\\/2018\\\/10\\\/lovink-filosofie.jpg\",\"width\":666,\"height\":500},{\"@type\":\"BreadcrumbList\",\"@id\":\"https:\\\/\\\/www.lovink-enertech.com\\\/it\\\/chi-siamo\\\/la-nostra-storia\\\/#breadcrumb\",\"itemListElement\":[{\"@type\":\"ListItem\",\"position\":1,\"name\":\"Home\",\"item\":\"https:\\\/\\\/www.lovink-enertech.com\\\/it\\\/\"},{\"@type\":\"ListItem\",\"position\":2,\"name\":\"Chi siamo\",\"item\":\"https:\\\/\\\/www.lovink-enertech.com\\\/it\\\/chi-siamo\\\/\"},{\"@type\":\"ListItem\",\"position\":3,\"name\":\"La nostra storia\"}]},{\"@type\":\"WebSite\",\"@id\":\"https:\\\/\\\/www.lovink-enertech.com\\\/it\\\/#website\",\"url\":\"https:\\\/\\\/www.lovink-enertech.com\\\/it\\\/\",\"name\":\"Lovink Enertech\",\"description\":\"Innovatieve producten en strategische productie\",\"potentialAction\":[{\"@type\":\"SearchAction\",\"target\":{\"@type\":\"EntryPoint\",\"urlTemplate\":\"https:\\\/\\\/www.lovink-enertech.com\\\/it\\\/?s={search_term_string}\"},\"query-input\":{\"@type\":\"PropertyValueSpecification\",\"valueRequired\":true,\"valueName\":\"search_term_string\"}}],\"inLanguage\":\"it-IT\"}]}<\/script>\n<!-- \/ Yoast SEO plugin. -->","yoast_head_json":{"title":"La nostra storia - Lovink Enertech","robots":{"index":"index","follow":"follow","max-snippet":"max-snippet:-1","max-image-preview":"max-image-preview:large","max-video-preview":"max-video-preview:-1"},"canonical":"https:\/\/www.lovink-enertech.com\/it\/chi-siamo\/la-nostra-storia\/","og_locale":"it_IT","og_type":"article","og_title":"La nostra storia - Lovink Enertech","og_url":"https:\/\/www.lovink-enertech.com\/it\/chi-siamo\/la-nostra-storia\/","og_site_name":"Lovink Enertech","article_modified_time":"2026-02-04T14:01:24+00:00","og_image":[{"width":666,"height":500,"url":"https:\/\/www.lovink-enertech.com\/wp-content\/uploads\/2018\/10\/lovink-filosofie.jpg","type":"image\/jpeg"}],"twitter_card":"summary_large_image","twitter_misc":{"Tempo di lettura stimato":"25 minuti"},"schema":{"@context":"https:\/\/schema.org","@graph":[{"@type":"WebPage","@id":"https:\/\/www.lovink-enertech.com\/it\/chi-siamo\/la-nostra-storia\/","url":"https:\/\/www.lovink-enertech.com\/it\/chi-siamo\/la-nostra-storia\/","name":"La nostra storia - Lovink Enertech","isPartOf":{"@id":"https:\/\/www.lovink-enertech.com\/it\/#website"},"primaryImageOfPage":{"@id":"https:\/\/www.lovink-enertech.com\/it\/chi-siamo\/la-nostra-storia\/#primaryimage"},"image":{"@id":"https:\/\/www.lovink-enertech.com\/it\/chi-siamo\/la-nostra-storia\/#primaryimage"},"thumbnailUrl":"https:\/\/www.lovink-enertech.com\/wp-content\/uploads\/2018\/10\/lovink-filosofie.jpg","datePublished":"2026-01-15T11:55:20+00:00","dateModified":"2026-02-04T14:01:24+00:00","breadcrumb":{"@id":"https:\/\/www.lovink-enertech.com\/it\/chi-siamo\/la-nostra-storia\/#breadcrumb"},"inLanguage":"it-IT","potentialAction":[{"@type":"ReadAction","target":["https:\/\/www.lovink-enertech.com\/it\/chi-siamo\/la-nostra-storia\/"]}]},{"@type":"ImageObject","inLanguage":"it-IT","@id":"https:\/\/www.lovink-enertech.com\/it\/chi-siamo\/la-nostra-storia\/#primaryimage","url":"https:\/\/www.lovink-enertech.com\/wp-content\/uploads\/2018\/10\/lovink-filosofie.jpg","contentUrl":"https:\/\/www.lovink-enertech.com\/wp-content\/uploads\/2018\/10\/lovink-filosofie.jpg","width":666,"height":500},{"@type":"BreadcrumbList","@id":"https:\/\/www.lovink-enertech.com\/it\/chi-siamo\/la-nostra-storia\/#breadcrumb","itemListElement":[{"@type":"ListItem","position":1,"name":"Home","item":"https:\/\/www.lovink-enertech.com\/it\/"},{"@type":"ListItem","position":2,"name":"Chi siamo","item":"https:\/\/www.lovink-enertech.com\/it\/chi-siamo\/"},{"@type":"ListItem","position":3,"name":"La nostra storia"}]},{"@type":"WebSite","@id":"https:\/\/www.lovink-enertech.com\/it\/#website","url":"https:\/\/www.lovink-enertech.com\/it\/","name":"Lovink Enertech","description":"Innovatieve producten en strategische productie","potentialAction":[{"@type":"SearchAction","target":{"@type":"EntryPoint","urlTemplate":"https:\/\/www.lovink-enertech.com\/it\/?s={search_term_string}"},"query-input":{"@type":"PropertyValueSpecification","valueRequired":true,"valueName":"search_term_string"}}],"inLanguage":"it-IT"}]}},"_links":{"self":[{"href":"https:\/\/www.lovink-enertech.com\/it\/wp-json\/wp\/v2\/pages\/18083","targetHints":{"allow":["GET"]}}],"collection":[{"href":"https:\/\/www.lovink-enertech.com\/it\/wp-json\/wp\/v2\/pages"}],"about":[{"href":"https:\/\/www.lovink-enertech.com\/it\/wp-json\/wp\/v2\/types\/page"}],"author":[{"embeddable":true,"href":"https:\/\/www.lovink-enertech.com\/it\/wp-json\/wp\/v2\/users\/1"}],"replies":[{"embeddable":true,"href":"https:\/\/www.lovink-enertech.com\/it\/wp-json\/wp\/v2\/comments?post=18083"}],"version-history":[{"count":11,"href":"https:\/\/www.lovink-enertech.com\/it\/wp-json\/wp\/v2\/pages\/18083\/revisions"}],"predecessor-version":[{"id":22483,"href":"https:\/\/www.lovink-enertech.com\/it\/wp-json\/wp\/v2\/pages\/18083\/revisions\/22483"}],"up":[{"embeddable":true,"href":"https:\/\/www.lovink-enertech.com\/it\/wp-json\/wp\/v2\/pages\/21247"}],"wp:featuredmedia":[{"embeddable":true,"href":"https:\/\/www.lovink-enertech.com\/it\/wp-json\/wp\/v2\/media\/21544"}],"wp:attachment":[{"href":"https:\/\/www.lovink-enertech.com\/it\/wp-json\/wp\/v2\/media?parent=18083"}],"curies":[{"name":"wp","href":"https:\/\/api.w.org\/{rel}","templated":true}]}}