{"id":18187,"date":"2026-01-15T11:55:42","date_gmt":"2026-01-15T11:55:42","guid":{"rendered":"https:\/\/www.lovink-enertech.com\/tecnologia-lovisil\/"},"modified":"2026-01-15T11:55:45","modified_gmt":"2026-01-15T11:55:45","slug":"tecnologia-lovisil","status":"publish","type":"page","link":"https:\/\/www.lovink-enertech.com\/it\/tecnologia-lovisil\/","title":{"rendered":"Tecnologia LoviSil\u00ae"},"content":{"rendered":"<div class=\"fusion-fullwidth fullwidth-box fusion-builder-row-1 fusion-flex-container nonhundred-percent-fullwidth non-hundred-percent-height-scrolling\" style=\"--awb-border-radius-top-left:0px;--awb-border-radius-top-right:0px;--awb-border-radius-bottom-right:0px;--awb-border-radius-bottom-left:0px;--awb-flex-wrap:wrap;\" ><div class=\"fusion-builder-row fusion-row fusion-flex-align-items-flex-start fusion-flex-content-wrap\" style=\"max-width:1248px;margin-left: calc(-4% \/ 2 );margin-right: calc(-4% \/ 2 );\"><div class=\"fusion-layout-column fusion_builder_column fusion-builder-column-0 fusion_builder_column_2_3 2_3 fusion-flex-column\" style=\"--awb-bg-size:cover;--awb-width-large:66.666666666667%;--awb-margin-top-large:0px;--awb-spacing-right-large:3.84%;--awb-margin-bottom-large:0px;--awb-spacing-left-large:2.88%;--awb-width-medium:66.666666666667%;--awb-spacing-right-medium:3.84%;--awb-spacing-left-medium:2.88%;--awb-width-small:100%;--awb-spacing-right-small:1.92%;--awb-spacing-left-small:1.92%;\"><div class=\"fusion-column-wrapper fusion-flex-justify-content-flex-start fusion-content-layout-column\"><div class=\"fusion-title title fusion-title-1 fusion-sep-none fusion-title-text fusion-title-size-one\" style=\"--awb-margin-top-small:0px;--awb-margin-right-small:0px;--awb-margin-bottom-small:16px;--awb-margin-left-small:0px;\"><h1 class=\"fusion-title-heading title-heading-left fusion-responsive-typography-calculated\" style=\"margin:0;--fontSize:30;line-height:1;\">Tecnologia LoviSil\u00ae<\/h1><\/div><div class=\"fusion-text fusion-text-1\"><p><strong>LoviSil\u00ae<\/strong> sta per <strong>isolamento liquido<\/strong>. Tutti <strong>i giunti dei cavi<\/strong> LoviSil\u00ae sono isolati elettricamente con <strong>silicone liquido<\/strong>. Questo mezzo isolante si distingue da tutte le tecniche di ritiro e push-up per una serie di propriet\u00e0 uniche.  <\/p>\n<p>La tecnologia LoviSil\u00ae \u00e8 <strong>universale<\/strong>, <strong>facile da installare<\/strong> e offre la <strong>migliore protezione<\/strong>. Non solo la joint si \u00e8 dimostrata valida per 30 anni nelle reti esistenti a livello mondiale. Questa tecnologia \u00e8 anche in grado di far fronte a nuovi sviluppi come <strong>il rinforzo della rete e l&#8217;energia sostenibile<\/strong>.  <\/p>\n<p>Il silicone rimane liquido e quindi isola perfettamente tutte le parti della presa. La probabilit\u00e0 di scariche parziali dovute all&#8217;intrappolamento dell&#8217;aria \u00e8 quindi minima. <\/p>\n<h3><strong>LoviSil\u00ae e umidit\u00e0<\/strong><\/h3>\n<p>A contatto con <strong>acqua o aria umida<\/strong>, LoviSil\u00ae forma una gomma siliconica isolante. Questo crea una <strong>tenuta<\/strong> che impedisce la penetrazione ulteriore dell&#8217;umidit\u00e0. <\/p>\n<h3><strong>LoviSil\u00ae e future reti<\/strong><\/h3>\n<p><strong>L&#8217;isolamento liquido brevettato LoviSil\u00ae<\/strong> con resistenza minima alla rottura E = 21kV\/mm (misurato secondo IEC 60156) garantisce <strong>un&#8217;isolamento<\/strong> perfetto e duraturo della <strong>connessione del cavo<\/strong>, specialmente nelle <strong>moderne reti di distribuzione MV<\/strong> dove sono presenti molteplici fattori di stress.<\/p>\n<p>LoviSil\u00ae \u00e8 un isolamento a base di silicone resistente alle alte temperature e dotato della capacit\u00e0 intrinseca di sopprimere scariche parziali (ad esempio corona). Il basso fattore di dissipazione rende LoviSil\u00ae un<strong> agente isolante<\/strong> perfetto per reti fortemente contaminate da <strong>armoniche<\/strong>. <\/p>\n<h3><strong>LoviSil\u00ae e i PD<\/strong><\/h3>\n<p>Grazie alla simile permittivit\u00e0 di <strong>LoviSil<\/strong> e <strong>XLPE<\/strong> , non vi \u00e8 distorsione del campo elettrico all&#8217;interfaccia tra XLPE e LoviSil. Il confine tra XLPE e LoviSil \u00e8 un&#8217;interfaccia fisica (transizione da un materiale all&#8217;altro). <\/p>\n<p>Per i giunti cavi LoviSil\u00ae, ci\u00f2 significa che le linee di campo seguono approssimativamente la stessa direzione perch\u00e9 la permittivit\u00e0 (epsilon) di entrambi i materiali \u00e8 simile: la rifrazione del campo \u00e8 minimizzata. Tuttavia, c&#8217;\u00e8 un&#8217;interfaccia perch\u00e9 a un certo punto un materiale finisce e un altro inizia. Dal punto di vista elettrico, c&#8217;\u00e8 anche l&#8217;interfaccia &#8211; piccola deviazione nei valori di permittivit\u00e0 (la rifaccione, sebbene minima, \u00e8 ancora presente). Il fatto che non ci sia <strong>PD<\/strong> \u00e8 legato all&#8217;interruzione minima dell&#8217;interfaccia.   <\/p>\n<h3><strong>LoviSil\u00ae e cavi isolati in carta<\/strong><\/h3>\n<p>LoviSil\u00ae ha la stessa <strong>funzione isolante<\/strong> del grasso del cavo di carta. Questo esclude i segni di secrezione dovuti a disidratazione della carta. <\/p>\n<h3>Logistica<\/h3>\n<p>Le giunture LoviSil\u00ae sono composte da moduli. Questo rende la manica del cavo molto flessibile e universalmente applicabile. LoviSil\u00ae offre una soluzione per quasi ogni combinazione di cavi.  <\/p>\n<p><img decoding=\"async\" class=\"alignnone wp-image-9550\" src=\"https:\/\/www.lovink-enertech.com\/wp-content\/uploads\/2025\/12\/Modulesysteem-LoviSil-300x88.webp\" alt=\"\" width=\"372\" height=\"109\" srcset=\"https:\/\/www.lovink-enertech.com\/wp-content\/uploads\/2025\/12\/Modulesysteem-LoviSil-300x88.webp 300w, https:\/\/www.lovink-enertech.com\/wp-content\/uploads\/2025\/12\/Modulesysteem-LoviSil-768x225.webp 768w, https:\/\/www.lovink-enertech.com\/wp-content\/uploads\/2025\/12\/Modulesysteem-LoviSil.webp 800w\" sizes=\"(max-width: 372px) 100vw, 372px\" \/><\/p>\n<p>Inoltre, il sistema modulare offre vantaggi logistici perch\u00e9 non \u00e8 necessario mantenere giunti separati per ogni combinazione di cavi.<\/p>\n<\/div><\/div><\/div><div class=\"fusion-layout-column fusion_builder_column fusion-builder-column-1 fusion_builder_column_1_3 1_3 fusion-flex-column\" style=\"--awb-bg-size:cover;--awb-width-large:33.333333333333%;--awb-margin-top-large:0px;--awb-spacing-right-large:5.76%;--awb-margin-bottom-large:32px;--awb-spacing-left-large:3.84%;--awb-width-medium:33.333333333333%;--awb-spacing-right-medium:5.76%;--awb-spacing-left-medium:3.84%;--awb-width-small:100%;--awb-spacing-right-small:1.92%;--awb-spacing-left-small:1.92%;\"><div class=\"fusion-column-wrapper fusion-flex-justify-content-flex-start fusion-content-layout-column\"><div class=\"fusion-image-element \" style=\"--awb-margin-bottom:20px;--awb-caption-title-font-family:var(--h2_typography-font-family);--awb-caption-title-font-weight:var(--h2_typography-font-weight);--awb-caption-title-font-style:var(--h2_typography-font-style);--awb-caption-title-size:var(--h2_typography-font-size);--awb-caption-title-transform:var(--h2_typography-text-transform);--awb-caption-title-line-height:var(--h2_typography-line-height);--awb-caption-title-letter-spacing:var(--h2_typography-letter-spacing);\"><span class=\" fusion-imageframe imageframe-none imageframe-1 hover-type-none\" style=\"border-radius:5px;\"><img decoding=\"async\" width=\"869\" height=\"527\" alt=\"LoviSil module in duurzame energie harmonische\" title=\"LoviSil module in duurzame energie harmonische\" src=\"https:\/\/www.lovink-enertech.com\/wp-content\/uploads\/2025\/12\/LoviSil-module-in-duurzame-energie-harmonische.webp\" class=\"img-responsive wp-image-17812\" srcset=\"https:\/\/www.lovink-enertech.com\/wp-content\/uploads\/2025\/12\/LoviSil-module-in-duurzame-energie-harmonische-300x182.webp 300w, https:\/\/www.lovink-enertech.com\/wp-content\/uploads\/2025\/12\/LoviSil-module-in-duurzame-energie-harmonische-768x466.webp 768w, https:\/\/www.lovink-enertech.com\/wp-content\/uploads\/2025\/12\/LoviSil-module-in-duurzame-energie-harmonische.webp 869w\" sizes=\"(max-width: 869px) 100vw, 869px\" \/><\/span><\/div><div class=\"fusion-image-element \" style=\"--awb-caption-title-font-family:var(--h2_typography-font-family);--awb-caption-title-font-weight:var(--h2_typography-font-weight);--awb-caption-title-font-style:var(--h2_typography-font-style);--awb-caption-title-size:var(--h2_typography-font-size);--awb-caption-title-transform:var(--h2_typography-text-transform);--awb-caption-title-line-height:var(--h2_typography-line-height);--awb-caption-title-letter-spacing:var(--h2_typography-letter-spacing);\"><span class=\" fusion-imageframe imageframe-none imageframe-2 hover-type-none\" style=\"border-radius:5px;\"><img decoding=\"async\" width=\"800\" height=\"448\" title=\"Natte bodems\" src=\"https:\/\/www.lovink-enertech.com\/wp-content\/uploads\/2025\/12\/Natte-bodems.webp\" alt class=\"img-responsive wp-image-17790\" srcset=\"https:\/\/www.lovink-enertech.com\/wp-content\/uploads\/2025\/12\/Natte-bodems-300x168.webp 300w, https:\/\/www.lovink-enertech.com\/wp-content\/uploads\/2025\/12\/Natte-bodems-768x430.webp 768w, https:\/\/www.lovink-enertech.com\/wp-content\/uploads\/2025\/12\/Natte-bodems.webp 800w\" sizes=\"(max-width: 800px) 100vw, 800px\" \/><\/span><\/div><\/div><\/div><\/div><\/div>\n","protected":false},"excerpt":{"rendered":"","protected":false},"author":6,"featured_media":0,"parent":0,"menu_order":0,"comment_status":"closed","ping_status":"closed","template":"100-width.php","meta":{"footnotes":""},"class_list":["post-18187","page","type-page","status-publish","hentry"],"yoast_head":"<!-- This site is optimized with the Yoast SEO plugin v27.4 - https:\/\/yoast.com\/product\/yoast-seo-wordpress\/ -->\n<title>Tecnologia LoviSil\u00ae - Lovink Enertech<\/title>\n<meta name=\"robots\" content=\"index, follow, max-snippet:-1, max-image-preview:large, max-video-preview:-1\" \/>\n<link rel=\"canonical\" href=\"https:\/\/www.lovink-enertech.com\/it\/tecnologia-lovisil\/\" \/>\n<meta property=\"og:locale\" content=\"it_IT\" \/>\n<meta property=\"og:type\" content=\"article\" \/>\n<meta property=\"og:title\" content=\"Tecnologia LoviSil\u00ae - Lovink Enertech\" \/>\n<meta property=\"og:url\" content=\"https:\/\/www.lovink-enertech.com\/it\/tecnologia-lovisil\/\" \/>\n<meta property=\"og:site_name\" content=\"Lovink Enertech\" \/>\n<meta property=\"article:modified_time\" content=\"2026-01-15T11:55:45+00:00\" \/>\n<meta property=\"og:image\" content=\"https:\/\/www.lovink-enertech.com\/wp-content\/uploads\/2025\/12\/Modulesysteem-LoviSil.webp\" \/>\n\t<meta property=\"og:image:width\" content=\"800\" \/>\n\t<meta property=\"og:image:height\" content=\"234\" \/>\n\t<meta property=\"og:image:type\" content=\"image\/webp\" \/>\n<meta name=\"twitter:card\" content=\"summary_large_image\" \/>\n<meta name=\"twitter:label1\" content=\"Tempo di lettura stimato\" \/>\n\t<meta name=\"twitter:data1\" content=\"8 minuti\" \/>\n<script type=\"application\/ld+json\" class=\"yoast-schema-graph\">{\"@context\":\"https:\\\/\\\/schema.org\",\"@graph\":[{\"@type\":\"WebPage\",\"@id\":\"https:\\\/\\\/www.lovink-enertech.com\\\/it\\\/tecnologia-lovisil\\\/\",\"url\":\"https:\\\/\\\/www.lovink-enertech.com\\\/it\\\/tecnologia-lovisil\\\/\",\"name\":\"Tecnologia LoviSil\u00ae - Lovink Enertech\",\"isPartOf\":{\"@id\":\"https:\\\/\\\/www.lovink-enertech.com\\\/it\\\/#website\"},\"primaryImageOfPage\":{\"@id\":\"https:\\\/\\\/www.lovink-enertech.com\\\/it\\\/tecnologia-lovisil\\\/#primaryimage\"},\"image\":{\"@id\":\"https:\\\/\\\/www.lovink-enertech.com\\\/it\\\/tecnologia-lovisil\\\/#primaryimage\"},\"thumbnailUrl\":\"https:\\\/\\\/www.lovink-enertech.com\\\/wp-content\\\/uploads\\\/2025\\\/12\\\/Modulesysteem-LoviSil-300x88.webp\",\"datePublished\":\"2026-01-15T11:55:42+00:00\",\"dateModified\":\"2026-01-15T11:55:45+00:00\",\"breadcrumb\":{\"@id\":\"https:\\\/\\\/www.lovink-enertech.com\\\/it\\\/tecnologia-lovisil\\\/#breadcrumb\"},\"inLanguage\":\"it-IT\",\"potentialAction\":[{\"@type\":\"ReadAction\",\"target\":[\"https:\\\/\\\/www.lovink-enertech.com\\\/it\\\/tecnologia-lovisil\\\/\"]}]},{\"@type\":\"ImageObject\",\"inLanguage\":\"it-IT\",\"@id\":\"https:\\\/\\\/www.lovink-enertech.com\\\/it\\\/tecnologia-lovisil\\\/#primaryimage\",\"url\":\"https:\\\/\\\/www.lovink-enertech.com\\\/wp-content\\\/uploads\\\/2025\\\/12\\\/Modulesysteem-LoviSil-300x88.webp\",\"contentUrl\":\"https:\\\/\\\/www.lovink-enertech.com\\\/wp-content\\\/uploads\\\/2025\\\/12\\\/Modulesysteem-LoviSil-300x88.webp\"},{\"@type\":\"BreadcrumbList\",\"@id\":\"https:\\\/\\\/www.lovink-enertech.com\\\/it\\\/tecnologia-lovisil\\\/#breadcrumb\",\"itemListElement\":[{\"@type\":\"ListItem\",\"position\":1,\"name\":\"Home\",\"item\":\"https:\\\/\\\/www.lovink-enertech.com\\\/it\\\/\"},{\"@type\":\"ListItem\",\"position\":2,\"name\":\"Tecnologia LoviSil\u00ae\"}]},{\"@type\":\"WebSite\",\"@id\":\"https:\\\/\\\/www.lovink-enertech.com\\\/it\\\/#website\",\"url\":\"https:\\\/\\\/www.lovink-enertech.com\\\/it\\\/\",\"name\":\"Lovink Enertech\",\"description\":\"Innovatieve producten en strategische productie\",\"potentialAction\":[{\"@type\":\"SearchAction\",\"target\":{\"@type\":\"EntryPoint\",\"urlTemplate\":\"https:\\\/\\\/www.lovink-enertech.com\\\/it\\\/?s={search_term_string}\"},\"query-input\":{\"@type\":\"PropertyValueSpecification\",\"valueRequired\":true,\"valueName\":\"search_term_string\"}}],\"inLanguage\":\"it-IT\"}]}<\/script>\n<!-- \/ Yoast SEO plugin. -->","yoast_head_json":{"title":"Tecnologia LoviSil\u00ae - Lovink Enertech","robots":{"index":"index","follow":"follow","max-snippet":"max-snippet:-1","max-image-preview":"max-image-preview:large","max-video-preview":"max-video-preview:-1"},"canonical":"https:\/\/www.lovink-enertech.com\/it\/tecnologia-lovisil\/","og_locale":"it_IT","og_type":"article","og_title":"Tecnologia LoviSil\u00ae - Lovink Enertech","og_url":"https:\/\/www.lovink-enertech.com\/it\/tecnologia-lovisil\/","og_site_name":"Lovink Enertech","article_modified_time":"2026-01-15T11:55:45+00:00","og_image":[{"width":800,"height":234,"url":"https:\/\/www.lovink-enertech.com\/wp-content\/uploads\/2025\/12\/Modulesysteem-LoviSil.webp","type":"image\/webp"}],"twitter_card":"summary_large_image","twitter_misc":{"Tempo di lettura stimato":"8 minuti"},"schema":{"@context":"https:\/\/schema.org","@graph":[{"@type":"WebPage","@id":"https:\/\/www.lovink-enertech.com\/it\/tecnologia-lovisil\/","url":"https:\/\/www.lovink-enertech.com\/it\/tecnologia-lovisil\/","name":"Tecnologia LoviSil\u00ae - Lovink Enertech","isPartOf":{"@id":"https:\/\/www.lovink-enertech.com\/it\/#website"},"primaryImageOfPage":{"@id":"https:\/\/www.lovink-enertech.com\/it\/tecnologia-lovisil\/#primaryimage"},"image":{"@id":"https:\/\/www.lovink-enertech.com\/it\/tecnologia-lovisil\/#primaryimage"},"thumbnailUrl":"https:\/\/www.lovink-enertech.com\/wp-content\/uploads\/2025\/12\/Modulesysteem-LoviSil-300x88.webp","datePublished":"2026-01-15T11:55:42+00:00","dateModified":"2026-01-15T11:55:45+00:00","breadcrumb":{"@id":"https:\/\/www.lovink-enertech.com\/it\/tecnologia-lovisil\/#breadcrumb"},"inLanguage":"it-IT","potentialAction":[{"@type":"ReadAction","target":["https:\/\/www.lovink-enertech.com\/it\/tecnologia-lovisil\/"]}]},{"@type":"ImageObject","inLanguage":"it-IT","@id":"https:\/\/www.lovink-enertech.com\/it\/tecnologia-lovisil\/#primaryimage","url":"https:\/\/www.lovink-enertech.com\/wp-content\/uploads\/2025\/12\/Modulesysteem-LoviSil-300x88.webp","contentUrl":"https:\/\/www.lovink-enertech.com\/wp-content\/uploads\/2025\/12\/Modulesysteem-LoviSil-300x88.webp"},{"@type":"BreadcrumbList","@id":"https:\/\/www.lovink-enertech.com\/it\/tecnologia-lovisil\/#breadcrumb","itemListElement":[{"@type":"ListItem","position":1,"name":"Home","item":"https:\/\/www.lovink-enertech.com\/it\/"},{"@type":"ListItem","position":2,"name":"Tecnologia LoviSil\u00ae"}]},{"@type":"WebSite","@id":"https:\/\/www.lovink-enertech.com\/it\/#website","url":"https:\/\/www.lovink-enertech.com\/it\/","name":"Lovink Enertech","description":"Innovatieve producten en strategische productie","potentialAction":[{"@type":"SearchAction","target":{"@type":"EntryPoint","urlTemplate":"https:\/\/www.lovink-enertech.com\/it\/?s={search_term_string}"},"query-input":{"@type":"PropertyValueSpecification","valueRequired":true,"valueName":"search_term_string"}}],"inLanguage":"it-IT"}]}},"_links":{"self":[{"href":"https:\/\/www.lovink-enertech.com\/it\/wp-json\/wp\/v2\/pages\/18187","targetHints":{"allow":["GET"]}}],"collection":[{"href":"https:\/\/www.lovink-enertech.com\/it\/wp-json\/wp\/v2\/pages"}],"about":[{"href":"https:\/\/www.lovink-enertech.com\/it\/wp-json\/wp\/v2\/types\/page"}],"author":[{"embeddable":true,"href":"https:\/\/www.lovink-enertech.com\/it\/wp-json\/wp\/v2\/users\/6"}],"replies":[{"embeddable":true,"href":"https:\/\/www.lovink-enertech.com\/it\/wp-json\/wp\/v2\/comments?post=18187"}],"version-history":[{"count":2,"href":"https:\/\/www.lovink-enertech.com\/it\/wp-json\/wp\/v2\/pages\/18187\/revisions"}],"predecessor-version":[{"id":18222,"href":"https:\/\/www.lovink-enertech.com\/it\/wp-json\/wp\/v2\/pages\/18187\/revisions\/18222"}],"wp:attachment":[{"href":"https:\/\/www.lovink-enertech.com\/it\/wp-json\/wp\/v2\/media?parent=18187"}],"curies":[{"name":"wp","href":"https:\/\/api.w.org\/{rel}","templated":true}]}}